{"id":1806,"date":"2022-09-13T20:48:33","date_gmt":"2022-09-13T20:48:33","guid":{"rendered":"https:\/\/szemsebeszet.eu\/applanation-tonometry\/"},"modified":"2023-02-27T12:46:05","modified_gmt":"2023-02-27T12:46:05","slug":"applanation-tonometry","status":"publish","type":"page","link":"https:\/\/szemsebeszet.eu\/en\/applanation-tonometry\/","title":{"rendered":"Applanation tonometry"},"content":{"rendered":"\t\t<div data-elementor-type=\"wp-page\" data-elementor-id=\"1806\" class=\"elementor elementor-1806 elementor-326\" data-elementor-post-type=\"page\">\n\t\t\t\t\t\t\t\t\t<section class=\"elementor-section elementor-top-section elementor-element elementor-element-f8fae29 elementor-section-boxed elementor-section-height-default elementor-section-height-default\" data-id=\"f8fae29\" data-element_type=\"section\">\n\t\t\t\t\t\t<div class=\"elementor-container elementor-column-gap-default\">\n\t\t\t\t\t<div class=\"elementor-column elementor-col-100 elementor-top-column elementor-element elementor-element-d808206\" data-id=\"d808206\" data-element_type=\"column\">\n\t\t\t<div class=\"elementor-widget-wrap elementor-element-populated\">\n\t\t\t\t\t\t\t\t<div class=\"elementor-element elementor-element-c876782 elementor-widget elementor-widget-heading\" data-id=\"c876782\" data-element_type=\"widget\" data-widget_type=\"heading.default\">\n\t\t\t\t<div class=\"elementor-widget-container\">\n\t\t\t<style>\/*! elementor - v3.17.0 - 25-10-2023 *\/\n.elementor-heading-title{padding:0;margin:0;line-height:1}.elementor-widget-heading .elementor-heading-title[class*=elementor-size-]>a{color:inherit;font-size:inherit;line-height:inherit}.elementor-widget-heading .elementor-heading-title.elementor-size-small{font-size:15px}.elementor-widget-heading .elementor-heading-title.elementor-size-medium{font-size:19px}.elementor-widget-heading .elementor-heading-title.elementor-size-large{font-size:29px}.elementor-widget-heading .elementor-heading-title.elementor-size-xl{font-size:39px}.elementor-widget-heading .elementor-heading-title.elementor-size-xxl{font-size:59px}<\/style><h2 class=\"elementor-heading-title elementor-size-default\">Applanation tonometry<\/h2>\t\t<\/div>\n\t\t\t\t<\/div>\n\t\t\t\t\t<\/div>\n\t\t<\/div>\n\t\t\t\t\t\t\t<\/div>\n\t\t<\/section>\n\t\t\t\t<section class=\"elementor-section elementor-top-section elementor-element elementor-element-2da1278 elementor-section-boxed elementor-section-height-default elementor-section-height-default\" data-id=\"2da1278\" data-element_type=\"section\">\n\t\t\t\t\t\t<div class=\"elementor-container elementor-column-gap-default\">\n\t\t\t\t\t<div class=\"elementor-column elementor-col-50 elementor-top-column elementor-element elementor-element-5f40951\" data-id=\"5f40951\" data-element_type=\"column\">\n\t\t\t<div class=\"elementor-widget-wrap elementor-element-populated\">\n\t\t\t\t\t\t\t\t<div class=\"elementor-element elementor-element-52bbff8 elementor-widget elementor-widget-image\" data-id=\"52bbff8\" data-element_type=\"widget\" data-widget_type=\"image.default\">\n\t\t\t\t<div class=\"elementor-widget-container\">\n\t\t\t<style>\/*! elementor - v3.17.0 - 25-10-2023 *\/\n.elementor-widget-image{text-align:center}.elementor-widget-image a{display:inline-block}.elementor-widget-image a img[src$=\".svg\"]{width:48px}.elementor-widget-image img{vertical-align:middle;display:inline-block}<\/style>\t\t\t\t\t\t\t\t\t\t\t\t<img loading=\"lazy\" decoding=\"async\" width=\"380\" height=\"347\" data-src=\"https:\/\/szemsebeszet.eu\/wp-content\/uploads\/2022\/09\/Appl-tonometria-1.png.webp\" class=\"attachment-large size-large wp-image-299 lazyload\" alt=\"Applan\u00e1ci\u00f3s tonometria\" data-srcset=\"https:\/\/szemsebeszet.eu\/wp-content\/uploads\/2022\/09\/Appl-tonometria-1.png.webp 380w, https:\/\/szemsebeszet.eu\/wp-content\/uploads\/2022\/09\/Appl-tonometria-1.png-300x274.webp 300w\" data-sizes=\"auto, (max-width: 380px) 100vw, 380px\" src=\"data:image\/gif;base64,R0lGODlhAQABAAAAACH5BAEKAAEALAAAAAABAAEAAAICTAEAOw==\" style=\"--smush-placeholder-width: 380px; --smush-placeholder-aspect-ratio: 380\/347;\" \/><noscript><img loading=\"lazy\" decoding=\"async\" width=\"380\" height=\"347\" src=\"https:\/\/szemsebeszet.eu\/wp-content\/uploads\/2022\/09\/Appl-tonometria-1.png.webp\" class=\"attachment-large size-large wp-image-299\" alt=\"Applan\u00e1ci\u00f3s tonometria\" srcset=\"https:\/\/szemsebeszet.eu\/wp-content\/uploads\/2022\/09\/Appl-tonometria-1.png.webp 380w, https:\/\/szemsebeszet.eu\/wp-content\/uploads\/2022\/09\/Appl-tonometria-1.png-300x274.webp 300w\" sizes=\"auto, (max-width: 380px) 100vw, 380px\" \/><\/noscript>\t\t\t\t\t\t\t\t\t\t\t\t\t\t\t<\/div>\n\t\t\t\t<\/div>\n\t\t\t\t\t<\/div>\n\t\t<\/div>\n\t\t\t\t<div class=\"elementor-column elementor-col-50 elementor-top-column elementor-element elementor-element-5a6797a\" data-id=\"5a6797a\" data-element_type=\"column\">\n\t\t\t<div class=\"elementor-widget-wrap elementor-element-populated\">\n\t\t\t\t\t\t\t\t<div class=\"elementor-element elementor-element-4d05ff5 elementor-widget elementor-widget-text-editor\" data-id=\"4d05ff5\" data-element_type=\"widget\" data-widget_type=\"text-editor.default\">\n\t\t\t\t<div class=\"elementor-widget-container\">\n\t\t\t<style>\/*! elementor - v3.17.0 - 25-10-2023 *\/\n.elementor-widget-text-editor.elementor-drop-cap-view-stacked .elementor-drop-cap{background-color:#69727d;color:#fff}.elementor-widget-text-editor.elementor-drop-cap-view-framed .elementor-drop-cap{color:#69727d;border:3px solid;background-color:transparent}.elementor-widget-text-editor:not(.elementor-drop-cap-view-default) .elementor-drop-cap{margin-top:8px}.elementor-widget-text-editor:not(.elementor-drop-cap-view-default) .elementor-drop-cap-letter{width:1em;height:1em}.elementor-widget-text-editor .elementor-drop-cap{float:left;text-align:center;line-height:1;font-size:50px}.elementor-widget-text-editor .elementor-drop-cap-letter{display:inline-block}<\/style>\t\t\t\t<div id=\"bgLayers_comp-l69s3gt4\" class=\"_3wnIc\" data-hook=\"bgLayers\">\n<div id=\"bgMedia_comp-l69s3gt4\" class=\"_2GUhU\"> <\/div>\n<\/div>\n<div class=\"\" data-mesh-id=\"comp-l69s3gt4inlineContent\" data-testid=\"inline-content\">\n<div data-mesh-id=\"comp-l69s3gt4inlineContent-gridContainer\" data-testid=\"mesh-container-content\">\n<div id=\"comp-l69s3gta\" class=\"_2Hij5 _3bcaz\" data-testid=\"richTextElement\">\n<p class=\"font_8\">It is used to measure the pressure of the fluid in the eye (intraocular pressure), the normal value of which is 10-21 mmHg. Attaching the test head containing the small prism to the surface of the cornea under local anesthesia, the examiner reads the calibrated intraocular pressure using a small scale. Intraocular pressure can be elevated for example in glaucoma and in some cases of intraocular inflammation. <\/p>\n<\/div>\n<\/div>\n<\/div>\n\t\t\t\t\t\t<\/div>\n\t\t\t\t<\/div>\n\t\t\t\t\t<\/div>\n\t\t<\/div>\n\t\t\t\t\t\t\t<\/div>\n\t\t<\/section>\n\t\t\t\t\t\t\t<\/div>\n\t\t","protected":false},"excerpt":{"rendered":"<p>Applanation tonometry It is used to measure the pressure of the fluid in the eye (intraocular pressure), the normal value of which is 10-21 mmHg. Attaching the test head containing the small prism to the surface of the cornea under local anesthesia, the examiner reads the calibrated intraocular pressure using a small scale. Intraocular pressure &#8230; <a title=\"Applanation tonometry\" class=\"read-more\" href=\"https:\/\/szemsebeszet.eu\/en\/applanation-tonometry\/\" aria-label=\"More on Applanation tonometry\">Read more<\/a><\/p>\n","protected":false},"author":1,"featured_media":0,"parent":0,"menu_order":0,"comment_status":"closed","ping_status":"closed","template":"elementor_header_footer","meta":{"footnotes":""},"class_list":["post-1806","page","type-page","status-publish"],"yoast_head":"<!-- This site is optimized with the Yoast SEO Premium plugin v24.2 (Yoast SEO v24.2) - https:\/\/yoast.com\/wordpress\/plugins\/seo\/ -->\n<title>Applanation tonometry - PALLAS Szem\u00e9szet<\/title>\n<meta name=\"robots\" content=\"index, follow, max-snippet:-1, max-image-preview:large, max-video-preview:-1\" \/>\n<link rel=\"canonical\" href=\"https:\/\/szemsebeszet.eu\/applanacios-tonometria\/\" \/>\n<meta property=\"og:locale\" content=\"en_US\" \/>\n<meta property=\"og:type\" content=\"article\" \/>\n<meta property=\"og:title\" content=\"Applanation tonometry\" \/>\n<meta property=\"og:description\" content=\"Applanation tonometry It is used to measure the pressure of the fluid in the eye (intraocular pressure), the normal value of which is 10-21 mmHg. Attaching the test head containing the small prism to the surface of the cornea under local anesthesia, the examiner reads the calibrated intraocular pressure using a small scale. Intraocular pressure ... Read more\" \/>\n<meta property=\"og:url\" content=\"https:\/\/szemsebeszet.eu\/applanacios-tonometria\/\" \/>\n<meta property=\"og:site_name\" content=\"PALLAS Szem\u00e9szet\" \/>\n<meta property=\"article:publisher\" content=\"https:\/\/www.facebook.com\/pallas.szemeszet\" \/>\n<meta property=\"article:modified_time\" content=\"2023-02-27T12:46:05+00:00\" \/>\n<meta property=\"og:image\" content=\"https:\/\/szemsebeszet.eu\/wp-content\/uploads\/2022\/09\/Appl-tonometria-1.png.webp\" \/>\n<meta name=\"twitter:card\" content=\"summary_large_image\" \/>\n<script type=\"application\/ld+json\" class=\"yoast-schema-graph\">{\"@context\":\"https:\/\/schema.org\",\"@graph\":[{\"@type\":\"WebPage\",\"@id\":\"https:\/\/szemsebeszet.eu\/applanacios-tonometria\/\",\"url\":\"https:\/\/szemsebeszet.eu\/applanacios-tonometria\/\",\"name\":\"Applanation tonometry - PALLAS Szem\u00e9szet\",\"isPartOf\":{\"@id\":\"https:\/\/szemsebeszet.eu\/#website\"},\"primaryImageOfPage\":{\"@id\":\"https:\/\/szemsebeszet.eu\/applanacios-tonometria\/#primaryimage\"},\"image\":{\"@id\":\"https:\/\/szemsebeszet.eu\/applanacios-tonometria\/#primaryimage\"},\"thumbnailUrl\":\"https:\/\/szemsebeszet.eu\/wp-content\/uploads\/2022\/09\/Appl-tonometria-1.png.webp\",\"datePublished\":\"2022-09-13T20:48:33+00:00\",\"dateModified\":\"2023-02-27T12:46:05+00:00\",\"breadcrumb\":{\"@id\":\"https:\/\/szemsebeszet.eu\/applanacios-tonometria\/#breadcrumb\"},\"inLanguage\":\"en-US\",\"potentialAction\":[{\"@type\":\"ReadAction\",\"target\":[\"https:\/\/szemsebeszet.eu\/applanacios-tonometria\/\"]}]},{\"@type\":\"ImageObject\",\"inLanguage\":\"en-US\",\"@id\":\"https:\/\/szemsebeszet.eu\/applanacios-tonometria\/#primaryimage\",\"url\":\"https:\/\/szemsebeszet.eu\/wp-content\/uploads\/2022\/09\/Appl-tonometria-1.png.webp\",\"contentUrl\":\"https:\/\/szemsebeszet.eu\/wp-content\/uploads\/2022\/09\/Appl-tonometria-1.png.webp\"},{\"@type\":\"BreadcrumbList\",\"@id\":\"https:\/\/szemsebeszet.eu\/applanacios-tonometria\/#breadcrumb\",\"itemListElement\":[{\"@type\":\"ListItem\",\"position\":1,\"name\":\"Kezd\u0151lap\",\"item\":\"https:\/\/szemsebeszet.eu\/\"},{\"@type\":\"ListItem\",\"position\":2,\"name\":\"Applanation tonometry\"}]},{\"@type\":\"WebSite\",\"@id\":\"https:\/\/szemsebeszet.eu\/#website\",\"url\":\"https:\/\/szemsebeszet.eu\/\",\"name\":\"Pallas Health Szemseb\u00e9szet\",\"description\":\"Szem\u00e9szeti mag\u00e1nrendel\u00e9s\",\"publisher\":{\"@id\":\"https:\/\/szemsebeszet.eu\/#organization\"},\"alternateName\":\"szemsebeszet.eu\",\"potentialAction\":[{\"@type\":\"SearchAction\",\"target\":{\"@type\":\"EntryPoint\",\"urlTemplate\":\"https:\/\/szemsebeszet.eu\/?s={search_term_string}\"},\"query-input\":{\"@type\":\"PropertyValueSpecification\",\"valueRequired\":true,\"valueName\":\"search_term_string\"}}],\"inLanguage\":\"en-US\"},{\"@type\":\"Organization\",\"@id\":\"https:\/\/szemsebeszet.eu\/#organization\",\"name\":\"PALLAS Szem\u00e9szet\",\"url\":\"https:\/\/szemsebeszet.eu\/\",\"logo\":{\"@type\":\"ImageObject\",\"inLanguage\":\"en-US\",\"@id\":\"https:\/\/szemsebeszet.eu\/#\/schema\/logo\/image\/\",\"url\":\"https:\/\/szemsebeszet.eu\/wp-content\/uploads\/2023\/12\/nevtelen-terv-2_optimized.png\",\"contentUrl\":\"https:\/\/szemsebeszet.eu\/wp-content\/uploads\/2023\/12\/nevtelen-terv-2_optimized.png\",\"width\":800,\"height\":800,\"caption\":\"PALLAS Szem\u00e9szet\"},\"image\":{\"@id\":\"https:\/\/szemsebeszet.eu\/#\/schema\/logo\/image\/\"},\"sameAs\":[\"https:\/\/www.facebook.com\/pallas.szemeszet\"],\"email\":\"info@szemsebeszet.eu\",\"telephone\":\"+36 70 776 6305\"}]}<\/script>\n<!-- \/ Yoast SEO Premium plugin. -->","yoast_head_json":{"title":"Applanation tonometry - PALLAS Szem\u00e9szet","robots":{"index":"index","follow":"follow","max-snippet":"max-snippet:-1","max-image-preview":"max-image-preview:large","max-video-preview":"max-video-preview:-1"},"canonical":"https:\/\/szemsebeszet.eu\/applanacios-tonometria\/","og_locale":"en_US","og_type":"article","og_title":"Applanation tonometry","og_description":"Applanation tonometry It is used to measure the pressure of the fluid in the eye (intraocular pressure), the normal value of which is 10-21 mmHg. Attaching the test head containing the small prism to the surface of the cornea under local anesthesia, the examiner reads the calibrated intraocular pressure using a small scale. Intraocular pressure ... Read more","og_url":"https:\/\/szemsebeszet.eu\/applanacios-tonometria\/","og_site_name":"PALLAS Szem\u00e9szet","article_publisher":"https:\/\/www.facebook.com\/pallas.szemeszet","article_modified_time":"2023-02-27T12:46:05+00:00","og_image":[{"url":"https:\/\/szemsebeszet.eu\/wp-content\/uploads\/2022\/09\/Appl-tonometria-1.png.webp","type":"","width":"","height":""}],"twitter_card":"summary_large_image","schema":{"@context":"https:\/\/schema.org","@graph":[{"@type":"WebPage","@id":"https:\/\/szemsebeszet.eu\/applanacios-tonometria\/","url":"https:\/\/szemsebeszet.eu\/applanacios-tonometria\/","name":"Applanation tonometry - PALLAS Szem\u00e9szet","isPartOf":{"@id":"https:\/\/szemsebeszet.eu\/#website"},"primaryImageOfPage":{"@id":"https:\/\/szemsebeszet.eu\/applanacios-tonometria\/#primaryimage"},"image":{"@id":"https:\/\/szemsebeszet.eu\/applanacios-tonometria\/#primaryimage"},"thumbnailUrl":"https:\/\/szemsebeszet.eu\/wp-content\/uploads\/2022\/09\/Appl-tonometria-1.png.webp","datePublished":"2022-09-13T20:48:33+00:00","dateModified":"2023-02-27T12:46:05+00:00","breadcrumb":{"@id":"https:\/\/szemsebeszet.eu\/applanacios-tonometria\/#breadcrumb"},"inLanguage":"en-US","potentialAction":[{"@type":"ReadAction","target":["https:\/\/szemsebeszet.eu\/applanacios-tonometria\/"]}]},{"@type":"ImageObject","inLanguage":"en-US","@id":"https:\/\/szemsebeszet.eu\/applanacios-tonometria\/#primaryimage","url":"https:\/\/szemsebeszet.eu\/wp-content\/uploads\/2022\/09\/Appl-tonometria-1.png.webp","contentUrl":"https:\/\/szemsebeszet.eu\/wp-content\/uploads\/2022\/09\/Appl-tonometria-1.png.webp"},{"@type":"BreadcrumbList","@id":"https:\/\/szemsebeszet.eu\/applanacios-tonometria\/#breadcrumb","itemListElement":[{"@type":"ListItem","position":1,"name":"Kezd\u0151lap","item":"https:\/\/szemsebeszet.eu\/"},{"@type":"ListItem","position":2,"name":"Applanation tonometry"}]},{"@type":"WebSite","@id":"https:\/\/szemsebeszet.eu\/#website","url":"https:\/\/szemsebeszet.eu\/","name":"Pallas Health Szemseb\u00e9szet","description":"Szem\u00e9szeti mag\u00e1nrendel\u00e9s","publisher":{"@id":"https:\/\/szemsebeszet.eu\/#organization"},"alternateName":"szemsebeszet.eu","potentialAction":[{"@type":"SearchAction","target":{"@type":"EntryPoint","urlTemplate":"https:\/\/szemsebeszet.eu\/?s={search_term_string}"},"query-input":{"@type":"PropertyValueSpecification","valueRequired":true,"valueName":"search_term_string"}}],"inLanguage":"en-US"},{"@type":"Organization","@id":"https:\/\/szemsebeszet.eu\/#organization","name":"PALLAS Szem\u00e9szet","url":"https:\/\/szemsebeszet.eu\/","logo":{"@type":"ImageObject","inLanguage":"en-US","@id":"https:\/\/szemsebeszet.eu\/#\/schema\/logo\/image\/","url":"https:\/\/szemsebeszet.eu\/wp-content\/uploads\/2023\/12\/nevtelen-terv-2_optimized.png","contentUrl":"https:\/\/szemsebeszet.eu\/wp-content\/uploads\/2023\/12\/nevtelen-terv-2_optimized.png","width":800,"height":800,"caption":"PALLAS Szem\u00e9szet"},"image":{"@id":"https:\/\/szemsebeszet.eu\/#\/schema\/logo\/image\/"},"sameAs":["https:\/\/www.facebook.com\/pallas.szemeszet"],"email":"info@szemsebeszet.eu","telephone":"+36 70 776 6305"}]}},"_links":{"self":[{"href":"https:\/\/szemsebeszet.eu\/en\/wp-json\/wp\/v2\/pages\/1806","targetHints":{"allow":["GET"]}}],"collection":[{"href":"https:\/\/szemsebeszet.eu\/en\/wp-json\/wp\/v2\/pages"}],"about":[{"href":"https:\/\/szemsebeszet.eu\/en\/wp-json\/wp\/v2\/types\/page"}],"author":[{"embeddable":true,"href":"https:\/\/szemsebeszet.eu\/en\/wp-json\/wp\/v2\/users\/1"}],"replies":[{"embeddable":true,"href":"https:\/\/szemsebeszet.eu\/en\/wp-json\/wp\/v2\/comments?post=1806"}],"version-history":[{"count":0,"href":"https:\/\/szemsebeszet.eu\/en\/wp-json\/wp\/v2\/pages\/1806\/revisions"}],"wp:attachment":[{"href":"https:\/\/szemsebeszet.eu\/en\/wp-json\/wp\/v2\/media?parent=1806"}],"curies":[{"name":"wp","href":"https:\/\/api.w.org\/{rel}","templated":true}]}}