{"id":1804,"date":"2022-09-15T13:10:12","date_gmt":"2022-09-15T13:10:12","guid":{"rendered":"https:\/\/szemsebeszet.eu\/dr-balazs-varsanyi\/"},"modified":"2023-02-27T12:45:00","modified_gmt":"2023-02-27T12:45:00","slug":"dr-balazs-varsanyi","status":"publish","type":"page","link":"https:\/\/szemsebeszet.eu\/en\/dr-balazs-varsanyi\/","title":{"rendered":"Dr. Bal\u00e1zs Vars\u00e1nyi"},"content":{"rendered":"\t\t<div data-elementor-type=\"wp-page\" data-elementor-id=\"1804\" class=\"elementor elementor-1804 elementor-479\" data-elementor-post-type=\"page\">\n\t\t\t\t\t\t\t\t\t<section class=\"elementor-section elementor-top-section elementor-element elementor-element-1ea70e6 elementor-section-boxed elementor-section-height-default elementor-section-height-default\" data-id=\"1ea70e6\" data-element_type=\"section\">\n\t\t\t\t\t\t<div class=\"elementor-container elementor-column-gap-default\">\n\t\t\t\t\t<div class=\"elementor-column elementor-col-100 elementor-top-column elementor-element elementor-element-dbd73b2\" data-id=\"dbd73b2\" data-element_type=\"column\">\n\t\t\t<div class=\"elementor-widget-wrap elementor-element-populated\">\n\t\t\t\t\t\t\t\t<section class=\"elementor-section elementor-inner-section elementor-element elementor-element-e969ea2 elementor-section-boxed elementor-section-height-default elementor-section-height-default\" data-id=\"e969ea2\" data-element_type=\"section\" data-settings=\"{&quot;background_background&quot;:&quot;classic&quot;}\">\n\t\t\t\t\t\t<div class=\"elementor-container elementor-column-gap-default\">\n\t\t\t\t\t<div class=\"elementor-column elementor-col-50 elementor-inner-column elementor-element elementor-element-8789123\" data-id=\"8789123\" data-element_type=\"column\">\n\t\t\t<div class=\"elementor-widget-wrap elementor-element-populated\">\n\t\t\t\t\t\t\t\t<div class=\"elementor-element elementor-element-9d7c679 elementor-widget elementor-widget-image\" data-id=\"9d7c679\" data-element_type=\"widget\" data-widget_type=\"image.default\">\n\t\t\t\t<div class=\"elementor-widget-container\">\n\t\t\t<style>\/*! elementor - v3.17.0 - 25-10-2023 *\/\n.elementor-widget-image{text-align:center}.elementor-widget-image a{display:inline-block}.elementor-widget-image a img[src$=\".svg\"]{width:48px}.elementor-widget-image img{vertical-align:middle;display:inline-block}<\/style>\t\t\t\t\t\t\t\t\t\t\t\t<img decoding=\"async\" data-src=\"https:\/\/szemsebeszet.eu\/wp-content\/uploads\/elementor\/thumbs\/Dr-Varsanyi-Balazs.png-2-purjy526xipgmd4g0pztuidkt4b6xy86fpfj1285ou.webp\" title=\"Dr Vars\u00e1nyi Bal\u00e1zs.png-2\" alt=\"Dr Vars\u00e1nyi Bal\u00e1zs.png-2\" loading=\"lazy\" src=\"data:image\/gif;base64,R0lGODlhAQABAAAAACH5BAEKAAEALAAAAAABAAEAAAICTAEAOw==\" class=\"lazyload\" style=\"--smush-placeholder-width: 350px; --smush-placeholder-aspect-ratio: 350\/443;\" \/><noscript><img decoding=\"async\" src=\"https:\/\/szemsebeszet.eu\/wp-content\/uploads\/elementor\/thumbs\/Dr-Varsanyi-Balazs.png-2-purjy526xipgmd4g0pztuidkt4b6xy86fpfj1285ou.webp\" title=\"Dr Vars\u00e1nyi Bal\u00e1zs.png-2\" alt=\"Dr Vars\u00e1nyi Bal\u00e1zs.png-2\" loading=\"lazy\" \/><\/noscript>\t\t\t\t\t\t\t\t\t\t\t\t\t\t\t<\/div>\n\t\t\t\t<\/div>\n\t\t\t\t\t<\/div>\n\t\t<\/div>\n\t\t\t\t<div class=\"elementor-column elementor-col-50 elementor-inner-column elementor-element elementor-element-327cd11\" data-id=\"327cd11\" data-element_type=\"column\">\n\t\t\t<div class=\"elementor-widget-wrap elementor-element-populated\">\n\t\t\t\t\t\t\t\t<div class=\"elementor-element elementor-element-9d9ad26 elementor-widget elementor-widget-heading\" data-id=\"9d9ad26\" data-element_type=\"widget\" data-widget_type=\"heading.default\">\n\t\t\t\t<div class=\"elementor-widget-container\">\n\t\t\t<style>\/*! elementor - v3.17.0 - 25-10-2023 *\/\n.elementor-heading-title{padding:0;margin:0;line-height:1}.elementor-widget-heading .elementor-heading-title[class*=elementor-size-]>a{color:inherit;font-size:inherit;line-height:inherit}.elementor-widget-heading .elementor-heading-title.elementor-size-small{font-size:15px}.elementor-widget-heading .elementor-heading-title.elementor-size-medium{font-size:19px}.elementor-widget-heading .elementor-heading-title.elementor-size-large{font-size:29px}.elementor-widget-heading .elementor-heading-title.elementor-size-xl{font-size:39px}.elementor-widget-heading .elementor-heading-title.elementor-size-xxl{font-size:59px}<\/style><h2 class=\"elementor-heading-title elementor-size-default\">Dr. Bal\u00e1zs Vars\u00e1nyi<\/h2>\t\t<\/div>\n\t\t\t\t<\/div>\n\t\t\t\t<div class=\"elementor-element elementor-element-b7ccf40 elementor-widget elementor-widget-text-editor\" data-id=\"b7ccf40\" data-element_type=\"widget\" data-widget_type=\"text-editor.default\">\n\t\t\t\t<div class=\"elementor-widget-container\">\n\t\t\t<style>\/*! elementor - v3.17.0 - 25-10-2023 *\/\n.elementor-widget-text-editor.elementor-drop-cap-view-stacked .elementor-drop-cap{background-color:#69727d;color:#fff}.elementor-widget-text-editor.elementor-drop-cap-view-framed .elementor-drop-cap{color:#69727d;border:3px solid;background-color:transparent}.elementor-widget-text-editor:not(.elementor-drop-cap-view-default) .elementor-drop-cap{margin-top:8px}.elementor-widget-text-editor:not(.elementor-drop-cap-view-default) .elementor-drop-cap-letter{width:1em;height:1em}.elementor-widget-text-editor .elementor-drop-cap{float:left;text-align:center;line-height:1;font-size:50px}.elementor-widget-text-editor .elementor-drop-cap-letter{display:inline-block}<\/style>\t\t\t\t<p>ophthalmologist and clinical genetics specialist, retinal specialist<\/p>\n\t\t\t\t\t\t<\/div>\n\t\t\t\t<\/div>\n\t\t\t\t<div class=\"elementor-element elementor-element-3031829 elementor-widget elementor-widget-text-editor\" data-id=\"3031829\" data-element_type=\"widget\" data-widget_type=\"text-editor.default\">\n\t\t\t\t<div class=\"elementor-widget-container\">\n\t\t\t\t\t\t\t<p class=\"font_8\">He began his practical training in 2003 at the Ophthalmology Department of Semmelweis University. He obtained his PhD degree in 2006, followed by the ophthalmology board exam in 2009, clinical genetics in 2014 and a neuro-ophthalmology license exam. His work is characterized by the highest level of professional commitment. He is a member of several Hungarian and international professional organizations, a founding member of the Ophthalmic Genetics section and the Neuro Ophthalmology section of the Hungarian Ophthalmological Association. He has extensive professional experience, performing hundreds of cataract and other eye surgeries every year. He participated in many scholarships abroad and received professional awards. His scientific publications are regularly published in international journals and he gives scientific and university lectures.      <br \/>He speaks English and German.<br \/>He is the owner and medical director of the Ganglion Medical Center in P\u00e9cs.<br \/><a href=\"http:\/\/www.ganglion.hu\/\" target=\"_blank\" rel=\"noreferrer noopener\">www.ganglion.hu<\/a><\/p>\n\t\t\t\t\t\t<\/div>\n\t\t\t\t<\/div>\n\t\t\t\t\t<\/div>\n\t\t<\/div>\n\t\t\t\t\t\t\t<\/div>\n\t\t<\/section>\n\t\t\t\t\t<\/div>\n\t\t<\/div>\n\t\t\t\t\t\t\t<\/div>\n\t\t<\/section>\n\t\t\t\t<section class=\"elementor-section elementor-top-section elementor-element elementor-element-2723c4a elementor-section-boxed elementor-section-height-default elementor-section-height-default\" data-id=\"2723c4a\" data-element_type=\"section\">\n\t\t\t\t\t\t<div class=\"elementor-container elementor-column-gap-default\">\n\t\t\t\t\t<div class=\"elementor-column elementor-col-100 elementor-top-column elementor-element elementor-element-2142b46\" data-id=\"2142b46\" data-element_type=\"column\">\n\t\t\t<div class=\"elementor-widget-wrap elementor-element-populated\">\n\t\t\t\t\t\t\t\t<section class=\"elementor-section elementor-inner-section elementor-element elementor-element-8051299 elementor-section-boxed elementor-section-height-default elementor-section-height-default\" data-id=\"8051299\" data-element_type=\"section\" data-settings=\"{&quot;background_background&quot;:&quot;classic&quot;}\">\n\t\t\t\t\t\t<div class=\"elementor-container elementor-column-gap-default\">\n\t\t\t\t\t<div class=\"elementor-column elementor-col-50 elementor-inner-column elementor-element elementor-element-c3f7a21\" data-id=\"c3f7a21\" data-element_type=\"column\">\n\t\t\t<div class=\"elementor-widget-wrap elementor-element-populated\">\n\t\t\t\t\t\t\t\t<div class=\"elementor-element elementor-element-7ca1ddd elementor-widget elementor-widget-heading\" data-id=\"7ca1ddd\" data-element_type=\"widget\" data-widget_type=\"heading.default\">\n\t\t\t\t<div class=\"elementor-widget-container\">\n\t\t\t<h2 class=\"elementor-heading-title elementor-size-default\">Contact<\/h2>\t\t<\/div>\n\t\t\t\t<\/div>\n\t\t\t\t<div class=\"elementor-element elementor-element-a3ecd76 elementor-widget elementor-widget-text-editor\" data-id=\"a3ecd76\" data-element_type=\"widget\" data-widget_type=\"text-editor.default\">\n\t\t\t\t<div class=\"elementor-widget-container\">\n\t\t\t\t\t\t\t<p>info@szemsebeszet.eu<br \/>+3670 776 6305<\/p>\n\t\t\t\t\t\t<\/div>\n\t\t\t\t<\/div>\n\t\t\t\t\t<\/div>\n\t\t<\/div>\n\t\t\t\t<div class=\"elementor-column elementor-col-50 elementor-inner-column elementor-element elementor-element-d5f38ac\" data-id=\"d5f38ac\" data-element_type=\"column\">\n\t\t\t<div class=\"elementor-widget-wrap elementor-element-populated\">\n\t\t\t\t\t\t\t\t<div class=\"elementor-element elementor-element-9df972a elementor-widget elementor-widget-text-editor\" data-id=\"9df972a\" data-element_type=\"widget\" data-widget_type=\"text-editor.default\">\n\t\t\t\t<div class=\"elementor-widget-container\">\n\t\t\t\t\t\t\t<p><strong>Clinic times P\u00e9cs:<\/strong> <br \/>based on telephone consultation<\/p>\n\t\t\t\t\t\t<\/div>\n\t\t\t\t<\/div>\n\t\t\t\t<div class=\"elementor-element elementor-element-0e8d34a elementor-widget elementor-widget-text-editor\" data-id=\"0e8d34a\" data-element_type=\"widget\" data-widget_type=\"text-editor.default\">\n\t\t\t\t<div class=\"elementor-widget-container\">\n\t\t\t\t\t\t\t<strong>Outpatient clinic:<\/strong><br>\nGanglion Medical Center\n7621 P\u00e9cs, V\u00e1rady Antal u. 10. ground floor\t\t\t\t\t\t<\/div>\n\t\t\t\t<\/div>\n\t\t\t\t<div class=\"elementor-element elementor-element-f9e45ec elementor-widget elementor-widget-text-editor\" data-id=\"f9e45ec\" data-element_type=\"widget\" data-widget_type=\"text-editor.default\">\n\t\t\t\t<div class=\"elementor-widget-container\">\n\t\t\t\t\t\t\t<p class=\"font_8\">Request an appointment for a pre-operative eye examination in P\u00e9cs!<br \/><span style=\"text-decoration: underline;\">+36 70 776 6305<\/span><\/p>\n\t\t\t\t\t\t<\/div>\n\t\t\t\t<\/div>\n\t\t\t\t\t<\/div>\n\t\t<\/div>\n\t\t\t\t\t\t\t<\/div>\n\t\t<\/section>\n\t\t\t\t\t<\/div>\n\t\t<\/div>\n\t\t\t\t\t\t\t<\/div>\n\t\t<\/section>\n\t\t\t\t\t\t\t<\/div>\n\t\t","protected":false},"excerpt":{"rendered":"<p>Dr. Bal\u00e1zs Vars\u00e1nyi ophthalmologist and clinical genetics specialist, retinal specialist He began his practical training in 2003 at the Ophthalmology Department of Semmelweis University. He obtained his PhD degree in 2006, followed by the ophthalmology board exam in 2009, clinical genetics in 2014 and a neuro-ophthalmology license exam. His work is characterized by the highest &#8230; <a title=\"Dr. Bal\u00e1zs Vars\u00e1nyi\" class=\"read-more\" href=\"https:\/\/szemsebeszet.eu\/en\/dr-balazs-varsanyi\/\" aria-label=\"More on Dr. Bal\u00e1zs Vars\u00e1nyi\">Read more<\/a><\/p>\n","protected":false},"author":1,"featured_media":0,"parent":0,"menu_order":0,"comment_status":"closed","ping_status":"closed","template":"elementor_header_footer","meta":{"footnotes":""},"class_list":["post-1804","page","type-page","status-publish"],"yoast_head":"<!-- This site is optimized with the Yoast SEO Premium plugin v24.2 (Yoast SEO v24.2) - https:\/\/yoast.com\/wordpress\/plugins\/seo\/ -->\n<title>Dr. Bal\u00e1zs Vars\u00e1nyi - PALLAS Szem\u00e9szet<\/title>\n<meta name=\"robots\" content=\"index, follow, max-snippet:-1, max-image-preview:large, max-video-preview:-1\" \/>\n<link rel=\"canonical\" href=\"https:\/\/szemsebeszet.eu\/dr-varsanyi-balazs\/\" \/>\n<meta property=\"og:locale\" content=\"en_US\" \/>\n<meta property=\"og:type\" content=\"article\" \/>\n<meta property=\"og:title\" content=\"Dr. Bal\u00e1zs Vars\u00e1nyi\" \/>\n<meta property=\"og:description\" content=\"Dr. Bal\u00e1zs Vars\u00e1nyi ophthalmologist and clinical genetics specialist, retinal specialist He began his practical training in 2003 at the Ophthalmology Department of Semmelweis University. He obtained his PhD degree in 2006, followed by the ophthalmology board exam in 2009, clinical genetics in 2014 and a neuro-ophthalmology license exam. His work is characterized by the highest ... Read more\" \/>\n<meta property=\"og:url\" content=\"https:\/\/szemsebeszet.eu\/dr-varsanyi-balazs\/\" \/>\n<meta property=\"og:site_name\" content=\"PALLAS Szem\u00e9szet\" \/>\n<meta property=\"article:publisher\" content=\"https:\/\/www.facebook.com\/pallas.szemeszet\" \/>\n<meta property=\"article:modified_time\" content=\"2023-02-27T12:45:00+00:00\" \/>\n<meta property=\"og:image\" content=\"https:\/\/szemsebeszet.eu\/wp-content\/uploads\/elementor\/thumbs\/Dr-Varsanyi-Balazs.png-2-purjy526xipgmd4g0pztuidkt4b6xy86fpfj1285ou.webp\" \/>\n<meta name=\"twitter:card\" content=\"summary_large_image\" \/>\n<meta name=\"twitter:label1\" content=\"Est. reading time\" \/>\n\t<meta name=\"twitter:data1\" content=\"1 minute\" \/>\n<script type=\"application\/ld+json\" class=\"yoast-schema-graph\">{\"@context\":\"https:\/\/schema.org\",\"@graph\":[{\"@type\":\"WebPage\",\"@id\":\"https:\/\/szemsebeszet.eu\/dr-varsanyi-balazs\/\",\"url\":\"https:\/\/szemsebeszet.eu\/dr-varsanyi-balazs\/\",\"name\":\"Dr. Bal\u00e1zs Vars\u00e1nyi - PALLAS Szem\u00e9szet\",\"isPartOf\":{\"@id\":\"https:\/\/szemsebeszet.eu\/#website\"},\"primaryImageOfPage\":{\"@id\":\"https:\/\/szemsebeszet.eu\/dr-varsanyi-balazs\/#primaryimage\"},\"image\":{\"@id\":\"https:\/\/szemsebeszet.eu\/dr-varsanyi-balazs\/#primaryimage\"},\"thumbnailUrl\":\"https:\/\/szemsebeszet.eu\/wp-content\/uploads\/elementor\/thumbs\/Dr-Varsanyi-Balazs.png-2-purjy526xipgmd4g0pztuidkt4b6xy86fpfj1285ou.webp\",\"datePublished\":\"2022-09-15T13:10:12+00:00\",\"dateModified\":\"2023-02-27T12:45:00+00:00\",\"breadcrumb\":{\"@id\":\"https:\/\/szemsebeszet.eu\/dr-varsanyi-balazs\/#breadcrumb\"},\"inLanguage\":\"en-US\",\"potentialAction\":[{\"@type\":\"ReadAction\",\"target\":[\"https:\/\/szemsebeszet.eu\/dr-varsanyi-balazs\/\"]}]},{\"@type\":\"ImageObject\",\"inLanguage\":\"en-US\",\"@id\":\"https:\/\/szemsebeszet.eu\/dr-varsanyi-balazs\/#primaryimage\",\"url\":\"https:\/\/szemsebeszet.eu\/wp-content\/uploads\/elementor\/thumbs\/Dr-Varsanyi-Balazs.png-2-purjy526xipgmd4g0pztuidkt4b6xy86fpfj1285ou.webp\",\"contentUrl\":\"https:\/\/szemsebeszet.eu\/wp-content\/uploads\/elementor\/thumbs\/Dr-Varsanyi-Balazs.png-2-purjy526xipgmd4g0pztuidkt4b6xy86fpfj1285ou.webp\"},{\"@type\":\"BreadcrumbList\",\"@id\":\"https:\/\/szemsebeszet.eu\/dr-varsanyi-balazs\/#breadcrumb\",\"itemListElement\":[{\"@type\":\"ListItem\",\"position\":1,\"name\":\"Kezd\u0151lap\",\"item\":\"https:\/\/szemsebeszet.eu\/\"},{\"@type\":\"ListItem\",\"position\":2,\"name\":\"Dr. Bal\u00e1zs Vars\u00e1nyi\"}]},{\"@type\":\"WebSite\",\"@id\":\"https:\/\/szemsebeszet.eu\/#website\",\"url\":\"https:\/\/szemsebeszet.eu\/\",\"name\":\"Pallas Health Szemseb\u00e9szet\",\"description\":\"Szem\u00e9szeti mag\u00e1nrendel\u00e9s\",\"publisher\":{\"@id\":\"https:\/\/szemsebeszet.eu\/#organization\"},\"alternateName\":\"szemsebeszet.eu\",\"potentialAction\":[{\"@type\":\"SearchAction\",\"target\":{\"@type\":\"EntryPoint\",\"urlTemplate\":\"https:\/\/szemsebeszet.eu\/?s={search_term_string}\"},\"query-input\":{\"@type\":\"PropertyValueSpecification\",\"valueRequired\":true,\"valueName\":\"search_term_string\"}}],\"inLanguage\":\"en-US\"},{\"@type\":\"Organization\",\"@id\":\"https:\/\/szemsebeszet.eu\/#organization\",\"name\":\"PALLAS Szem\u00e9szet\",\"url\":\"https:\/\/szemsebeszet.eu\/\",\"logo\":{\"@type\":\"ImageObject\",\"inLanguage\":\"en-US\",\"@id\":\"https:\/\/szemsebeszet.eu\/#\/schema\/logo\/image\/\",\"url\":\"https:\/\/szemsebeszet.eu\/wp-content\/uploads\/2023\/12\/nevtelen-terv-2_optimized.png\",\"contentUrl\":\"https:\/\/szemsebeszet.eu\/wp-content\/uploads\/2023\/12\/nevtelen-terv-2_optimized.png\",\"width\":800,\"height\":800,\"caption\":\"PALLAS Szem\u00e9szet\"},\"image\":{\"@id\":\"https:\/\/szemsebeszet.eu\/#\/schema\/logo\/image\/\"},\"sameAs\":[\"https:\/\/www.facebook.com\/pallas.szemeszet\"],\"email\":\"info@szemsebeszet.eu\",\"telephone\":\"+36 70 776 6305\"}]}<\/script>\n<!-- \/ Yoast SEO Premium plugin. -->","yoast_head_json":{"title":"Dr. Bal\u00e1zs Vars\u00e1nyi - PALLAS Szem\u00e9szet","robots":{"index":"index","follow":"follow","max-snippet":"max-snippet:-1","max-image-preview":"max-image-preview:large","max-video-preview":"max-video-preview:-1"},"canonical":"https:\/\/szemsebeszet.eu\/dr-varsanyi-balazs\/","og_locale":"en_US","og_type":"article","og_title":"Dr. Bal\u00e1zs Vars\u00e1nyi","og_description":"Dr. Bal\u00e1zs Vars\u00e1nyi ophthalmologist and clinical genetics specialist, retinal specialist He began his practical training in 2003 at the Ophthalmology Department of Semmelweis University. He obtained his PhD degree in 2006, followed by the ophthalmology board exam in 2009, clinical genetics in 2014 and a neuro-ophthalmology license exam. His work is characterized by the highest ... Read more","og_url":"https:\/\/szemsebeszet.eu\/dr-varsanyi-balazs\/","og_site_name":"PALLAS Szem\u00e9szet","article_publisher":"https:\/\/www.facebook.com\/pallas.szemeszet","article_modified_time":"2023-02-27T12:45:00+00:00","og_image":[{"url":"https:\/\/szemsebeszet.eu\/wp-content\/uploads\/elementor\/thumbs\/Dr-Varsanyi-Balazs.png-2-purjy526xipgmd4g0pztuidkt4b6xy86fpfj1285ou.webp","type":"","width":"","height":""}],"twitter_card":"summary_large_image","twitter_misc":{"Est. reading time":"1 minute"},"schema":{"@context":"https:\/\/schema.org","@graph":[{"@type":"WebPage","@id":"https:\/\/szemsebeszet.eu\/dr-varsanyi-balazs\/","url":"https:\/\/szemsebeszet.eu\/dr-varsanyi-balazs\/","name":"Dr. Bal\u00e1zs Vars\u00e1nyi - PALLAS Szem\u00e9szet","isPartOf":{"@id":"https:\/\/szemsebeszet.eu\/#website"},"primaryImageOfPage":{"@id":"https:\/\/szemsebeszet.eu\/dr-varsanyi-balazs\/#primaryimage"},"image":{"@id":"https:\/\/szemsebeszet.eu\/dr-varsanyi-balazs\/#primaryimage"},"thumbnailUrl":"https:\/\/szemsebeszet.eu\/wp-content\/uploads\/elementor\/thumbs\/Dr-Varsanyi-Balazs.png-2-purjy526xipgmd4g0pztuidkt4b6xy86fpfj1285ou.webp","datePublished":"2022-09-15T13:10:12+00:00","dateModified":"2023-02-27T12:45:00+00:00","breadcrumb":{"@id":"https:\/\/szemsebeszet.eu\/dr-varsanyi-balazs\/#breadcrumb"},"inLanguage":"en-US","potentialAction":[{"@type":"ReadAction","target":["https:\/\/szemsebeszet.eu\/dr-varsanyi-balazs\/"]}]},{"@type":"ImageObject","inLanguage":"en-US","@id":"https:\/\/szemsebeszet.eu\/dr-varsanyi-balazs\/#primaryimage","url":"https:\/\/szemsebeszet.eu\/wp-content\/uploads\/elementor\/thumbs\/Dr-Varsanyi-Balazs.png-2-purjy526xipgmd4g0pztuidkt4b6xy86fpfj1285ou.webp","contentUrl":"https:\/\/szemsebeszet.eu\/wp-content\/uploads\/elementor\/thumbs\/Dr-Varsanyi-Balazs.png-2-purjy526xipgmd4g0pztuidkt4b6xy86fpfj1285ou.webp"},{"@type":"BreadcrumbList","@id":"https:\/\/szemsebeszet.eu\/dr-varsanyi-balazs\/#breadcrumb","itemListElement":[{"@type":"ListItem","position":1,"name":"Kezd\u0151lap","item":"https:\/\/szemsebeszet.eu\/"},{"@type":"ListItem","position":2,"name":"Dr. Bal\u00e1zs Vars\u00e1nyi"}]},{"@type":"WebSite","@id":"https:\/\/szemsebeszet.eu\/#website","url":"https:\/\/szemsebeszet.eu\/","name":"Pallas Health Szemseb\u00e9szet","description":"Szem\u00e9szeti mag\u00e1nrendel\u00e9s","publisher":{"@id":"https:\/\/szemsebeszet.eu\/#organization"},"alternateName":"szemsebeszet.eu","potentialAction":[{"@type":"SearchAction","target":{"@type":"EntryPoint","urlTemplate":"https:\/\/szemsebeszet.eu\/?s={search_term_string}"},"query-input":{"@type":"PropertyValueSpecification","valueRequired":true,"valueName":"search_term_string"}}],"inLanguage":"en-US"},{"@type":"Organization","@id":"https:\/\/szemsebeszet.eu\/#organization","name":"PALLAS Szem\u00e9szet","url":"https:\/\/szemsebeszet.eu\/","logo":{"@type":"ImageObject","inLanguage":"en-US","@id":"https:\/\/szemsebeszet.eu\/#\/schema\/logo\/image\/","url":"https:\/\/szemsebeszet.eu\/wp-content\/uploads\/2023\/12\/nevtelen-terv-2_optimized.png","contentUrl":"https:\/\/szemsebeszet.eu\/wp-content\/uploads\/2023\/12\/nevtelen-terv-2_optimized.png","width":800,"height":800,"caption":"PALLAS Szem\u00e9szet"},"image":{"@id":"https:\/\/szemsebeszet.eu\/#\/schema\/logo\/image\/"},"sameAs":["https:\/\/www.facebook.com\/pallas.szemeszet"],"email":"info@szemsebeszet.eu","telephone":"+36 70 776 6305"}]}},"_links":{"self":[{"href":"https:\/\/szemsebeszet.eu\/en\/wp-json\/wp\/v2\/pages\/1804","targetHints":{"allow":["GET"]}}],"collection":[{"href":"https:\/\/szemsebeszet.eu\/en\/wp-json\/wp\/v2\/pages"}],"about":[{"href":"https:\/\/szemsebeszet.eu\/en\/wp-json\/wp\/v2\/types\/page"}],"author":[{"embeddable":true,"href":"https:\/\/szemsebeszet.eu\/en\/wp-json\/wp\/v2\/users\/1"}],"replies":[{"embeddable":true,"href":"https:\/\/szemsebeszet.eu\/en\/wp-json\/wp\/v2\/comments?post=1804"}],"version-history":[{"count":0,"href":"https:\/\/szemsebeszet.eu\/en\/wp-json\/wp\/v2\/pages\/1804\/revisions"}],"wp:attachment":[{"href":"https:\/\/szemsebeszet.eu\/en\/wp-json\/wp\/v2\/media?parent=1804"}],"curies":[{"name":"wp","href":"https:\/\/api.w.org\/{rel}","templated":true}]}}