{"id":1798,"date":"2022-09-21T22:27:09","date_gmt":"2022-09-21T22:27:09","guid":{"rendered":"https:\/\/szemsebeszet.eu\/dr-reka-fustos\/"},"modified":"2023-02-27T12:34:18","modified_gmt":"2023-02-27T12:34:18","slug":"dr-reka-fustos","status":"publish","type":"page","link":"https:\/\/szemsebeszet.eu\/en\/dr-reka-fustos\/","title":{"rendered":"dr. R\u00e9ka F\u00fcst\u00f6s"},"content":{"rendered":"\t\t<div data-elementor-type=\"wp-page\" data-elementor-id=\"1798\" class=\"elementor elementor-1798 elementor-707\" data-elementor-post-type=\"page\">\n\t\t\t\t\t\t\t\t\t<section class=\"elementor-section elementor-top-section elementor-element elementor-element-67f7de9 elementor-section-boxed elementor-section-height-default elementor-section-height-default\" data-id=\"67f7de9\" data-element_type=\"section\">\n\t\t\t\t\t\t<div class=\"elementor-container elementor-column-gap-default\">\n\t\t\t\t\t<div class=\"elementor-column elementor-col-100 elementor-top-column elementor-element elementor-element-263a16c\" data-id=\"263a16c\" data-element_type=\"column\">\n\t\t\t<div class=\"elementor-widget-wrap elementor-element-populated\">\n\t\t\t\t\t\t\t\t<section class=\"elementor-section elementor-inner-section elementor-element elementor-element-03c7eba elementor-section-boxed elementor-section-height-default elementor-section-height-default\" data-id=\"03c7eba\" data-element_type=\"section\" data-settings=\"{&quot;background_background&quot;:&quot;classic&quot;}\">\n\t\t\t\t\t\t<div class=\"elementor-container elementor-column-gap-default\">\n\t\t\t\t\t<div class=\"elementor-column elementor-col-50 elementor-inner-column elementor-element elementor-element-812ea22\" data-id=\"812ea22\" data-element_type=\"column\">\n\t\t\t<div class=\"elementor-widget-wrap elementor-element-populated\">\n\t\t\t\t\t\t\t\t<div class=\"elementor-element elementor-element-a64a63b elementor-widget elementor-widget-image\" data-id=\"a64a63b\" data-element_type=\"widget\" data-widget_type=\"image.default\">\n\t\t\t\t<div class=\"elementor-widget-container\">\n\t\t\t<style>\/*! elementor - v3.17.0 - 25-10-2023 *\/\n.elementor-widget-image{text-align:center}.elementor-widget-image a{display:inline-block}.elementor-widget-image a img[src$=\".svg\"]{width:48px}.elementor-widget-image img{vertical-align:middle;display:inline-block}<\/style>\t\t\t\t\t\t\t\t\t\t\t\t<img decoding=\"async\" data-src=\"https:\/\/szemsebeszet.eu\/wp-content\/uploads\/elementor\/thumbs\/Dr-Fustos-Reka.png-2-purkbrpy11d4ytbqfm3302k6w94sjyc2b5yzji0ngu.webp\" title=\"Dr F\u00fcst\u00f6s R\u00e9ka.png-2\" alt=\"dr. F\u00fcst\u00f6s R\u00e9ka\" loading=\"lazy\" src=\"data:image\/gif;base64,R0lGODlhAQABAAAAACH5BAEKAAEALAAAAAABAAEAAAICTAEAOw==\" class=\"lazyload\" style=\"--smush-placeholder-width: 350px; --smush-placeholder-aspect-ratio: 350\/443;\" \/><noscript><img decoding=\"async\" src=\"https:\/\/szemsebeszet.eu\/wp-content\/uploads\/elementor\/thumbs\/Dr-Fustos-Reka.png-2-purkbrpy11d4ytbqfm3302k6w94sjyc2b5yzji0ngu.webp\" title=\"Dr F\u00fcst\u00f6s R\u00e9ka.png-2\" alt=\"dr. F\u00fcst\u00f6s R\u00e9ka\" loading=\"lazy\" \/><\/noscript>\t\t\t\t\t\t\t\t\t\t\t\t\t\t\t<\/div>\n\t\t\t\t<\/div>\n\t\t\t\t\t<\/div>\n\t\t<\/div>\n\t\t\t\t<div class=\"elementor-column elementor-col-50 elementor-inner-column elementor-element elementor-element-e741dce\" data-id=\"e741dce\" data-element_type=\"column\">\n\t\t\t<div class=\"elementor-widget-wrap elementor-element-populated\">\n\t\t\t\t\t\t\t\t<div class=\"elementor-element elementor-element-cd859f2 elementor-widget elementor-widget-heading\" data-id=\"cd859f2\" data-element_type=\"widget\" data-widget_type=\"heading.default\">\n\t\t\t\t<div class=\"elementor-widget-container\">\n\t\t\t<style>\/*! elementor - v3.17.0 - 25-10-2023 *\/\n.elementor-heading-title{padding:0;margin:0;line-height:1}.elementor-widget-heading .elementor-heading-title[class*=elementor-size-]>a{color:inherit;font-size:inherit;line-height:inherit}.elementor-widget-heading .elementor-heading-title.elementor-size-small{font-size:15px}.elementor-widget-heading .elementor-heading-title.elementor-size-medium{font-size:19px}.elementor-widget-heading .elementor-heading-title.elementor-size-large{font-size:29px}.elementor-widget-heading .elementor-heading-title.elementor-size-xl{font-size:39px}.elementor-widget-heading .elementor-heading-title.elementor-size-xxl{font-size:59px}<\/style><h2 class=\"elementor-heading-title elementor-size-default\">dr. R\u00e9ka F\u00fcst\u00f6s<\/h2>\t\t<\/div>\n\t\t\t\t<\/div>\n\t\t\t\t<div class=\"elementor-element elementor-element-8b29d08 elementor-widget elementor-widget-text-editor\" data-id=\"8b29d08\" data-element_type=\"widget\" data-widget_type=\"text-editor.default\">\n\t\t\t\t<div class=\"elementor-widget-container\">\n\t\t\t<style>\/*! elementor - v3.17.0 - 25-10-2023 *\/\n.elementor-widget-text-editor.elementor-drop-cap-view-stacked .elementor-drop-cap{background-color:#69727d;color:#fff}.elementor-widget-text-editor.elementor-drop-cap-view-framed .elementor-drop-cap{color:#69727d;border:3px solid;background-color:transparent}.elementor-widget-text-editor:not(.elementor-drop-cap-view-default) .elementor-drop-cap{margin-top:8px}.elementor-widget-text-editor:not(.elementor-drop-cap-view-default) .elementor-drop-cap-letter{width:1em;height:1em}.elementor-widget-text-editor .elementor-drop-cap{float:left;text-align:center;line-height:1;font-size:50px}.elementor-widget-text-editor .elementor-drop-cap-letter{display:inline-block}<\/style>\t\t\t\t<p>ophthalmologist<\/p>\n\t\t\t\t\t\t<\/div>\n\t\t\t\t<\/div>\n\t\t\t\t<div class=\"elementor-element elementor-element-4f6794b elementor-widget elementor-widget-text-editor\" data-id=\"4f6794b\" data-element_type=\"widget\" data-widget_type=\"text-editor.default\">\n\t\t\t\t<div class=\"elementor-widget-container\">\n\t\t\t\t\t\t\t<p class=\"font_8\">She obtained her general medical degree in 2004 at the University of Medicine and Pharmacy in Marosv\u00e1s\u00e1rhely, and her specialist ophthalmology exam in 2010 at the Ophthalmology Clinic of the University of P\u00e9cs. She has extensive clinical experience in the care of ophthalmic diseases, especially in the ophthalmic care of glaucoma and diabetes. He has performed hundreds of laser vision correction and blepharoplasties. He is an employee of the Ganglion Medical Center in P\u00e9cs.   <\/p>\n<p class=\"font_8\"><a href=\"http:\/\/www.ganglion.hu\/\" target=\"_blank\" rel=\"noopener\" data-auto-recognition=\"true\">www.ganglion.hu<\/a><\/p>\n\t\t\t\t\t\t<\/div>\n\t\t\t\t<\/div>\n\t\t\t\t\t<\/div>\n\t\t<\/div>\n\t\t\t\t\t\t\t<\/div>\n\t\t<\/section>\n\t\t\t\t\t<\/div>\n\t\t<\/div>\n\t\t\t\t\t\t\t<\/div>\n\t\t<\/section>\n\t\t\t\t<section class=\"elementor-section elementor-top-section elementor-element elementor-element-a5129b6 elementor-section-boxed elementor-section-height-default elementor-section-height-default\" data-id=\"a5129b6\" data-element_type=\"section\">\n\t\t\t\t\t\t<div class=\"elementor-container elementor-column-gap-default\">\n\t\t\t\t\t<div class=\"elementor-column elementor-col-100 elementor-top-column elementor-element elementor-element-c75a5b3\" data-id=\"c75a5b3\" data-element_type=\"column\">\n\t\t\t<div class=\"elementor-widget-wrap elementor-element-populated\">\n\t\t\t\t\t\t\t\t<section class=\"elementor-section elementor-inner-section elementor-element elementor-element-f21309e elementor-section-boxed elementor-section-height-default elementor-section-height-default\" data-id=\"f21309e\" data-element_type=\"section\" data-settings=\"{&quot;background_background&quot;:&quot;classic&quot;}\">\n\t\t\t\t\t\t<div class=\"elementor-container elementor-column-gap-default\">\n\t\t\t\t\t<div class=\"elementor-column elementor-col-50 elementor-inner-column elementor-element elementor-element-86192ab\" data-id=\"86192ab\" data-element_type=\"column\">\n\t\t\t<div class=\"elementor-widget-wrap elementor-element-populated\">\n\t\t\t\t\t\t\t\t<div class=\"elementor-element elementor-element-f448979 elementor-widget elementor-widget-heading\" data-id=\"f448979\" data-element_type=\"widget\" data-widget_type=\"heading.default\">\n\t\t\t\t<div class=\"elementor-widget-container\">\n\t\t\t<h2 class=\"elementor-heading-title elementor-size-default\">Contact<\/h2>\t\t<\/div>\n\t\t\t\t<\/div>\n\t\t\t\t<div class=\"elementor-element elementor-element-b532fbf elementor-widget elementor-widget-text-editor\" data-id=\"b532fbf\" data-element_type=\"widget\" data-widget_type=\"text-editor.default\">\n\t\t\t\t<div class=\"elementor-widget-container\">\n\t\t\t\t\t\t\t<p>info@szemsebeszet.eu<br \/>+3670 776 6305<\/p>\n\t\t\t\t\t\t<\/div>\n\t\t\t\t<\/div>\n\t\t\t\t\t<\/div>\n\t\t<\/div>\n\t\t\t\t<div class=\"elementor-column elementor-col-50 elementor-inner-column elementor-element elementor-element-f5617da\" data-id=\"f5617da\" data-element_type=\"column\">\n\t\t\t<div class=\"elementor-widget-wrap elementor-element-populated\">\n\t\t\t\t\t\t\t\t<div class=\"elementor-element elementor-element-a547db5 elementor-widget elementor-widget-text-editor\" data-id=\"a547db5\" data-element_type=\"widget\" data-widget_type=\"text-editor.default\">\n\t\t\t\t<div class=\"elementor-widget-container\">\n\t\t\t\t\t\t\t<p><strong>Clinic times P\u00e9cs:<\/strong> <br \/>based on telephone consultation<\/p>\n\t\t\t\t\t\t<\/div>\n\t\t\t\t<\/div>\n\t\t\t\t<div class=\"elementor-element elementor-element-e074d42 elementor-widget elementor-widget-text-editor\" data-id=\"e074d42\" data-element_type=\"widget\" data-widget_type=\"text-editor.default\">\n\t\t\t\t<div class=\"elementor-widget-container\">\n\t\t\t\t\t\t\t<strong>Outpatient clinic:<\/strong>\n<p class=\"font_8\">Ganglion Medical Center <br>7621 P\u00e9cs, V\u00e1rady Antal u. 10. ground floor<\/p>\t\t\t\t\t\t<\/div>\n\t\t\t\t<\/div>\n\t\t\t\t<div class=\"elementor-element elementor-element-a8a9450 elementor-widget elementor-widget-text-editor\" data-id=\"a8a9450\" data-element_type=\"widget\" data-widget_type=\"text-editor.default\">\n\t\t\t\t<div class=\"elementor-widget-container\">\n\t\t\t\t\t\t\t<p class=\"font_8\">Request an appointment for a pre-operative eye examination in P\u00e9cs!<br \/><span style=\"text-decoration: underline;\">+36 70 776 6305<\/span><\/p>\n\t\t\t\t\t\t<\/div>\n\t\t\t\t<\/div>\n\t\t\t\t\t<\/div>\n\t\t<\/div>\n\t\t\t\t\t\t\t<\/div>\n\t\t<\/section>\n\t\t\t\t\t<\/div>\n\t\t<\/div>\n\t\t\t\t\t\t\t<\/div>\n\t\t<\/section>\n\t\t\t\t\t\t\t<\/div>\n\t\t","protected":false},"excerpt":{"rendered":"<p>dr. R\u00e9ka F\u00fcst\u00f6s ophthalmologist She obtained her general medical degree in 2004 at the University of Medicine and Pharmacy in Marosv\u00e1s\u00e1rhely, and her specialist ophthalmology exam in 2010 at the Ophthalmology Clinic of the University of P\u00e9cs. She has extensive clinical experience in the care of ophthalmic diseases, especially in the ophthalmic care of glaucoma &#8230; <a title=\"dr. R\u00e9ka F\u00fcst\u00f6s\" class=\"read-more\" href=\"https:\/\/szemsebeszet.eu\/en\/dr-reka-fustos\/\" aria-label=\"More on dr. R\u00e9ka F\u00fcst\u00f6s\">Read more<\/a><\/p>\n","protected":false},"author":1,"featured_media":0,"parent":0,"menu_order":0,"comment_status":"closed","ping_status":"closed","template":"elementor_header_footer","meta":{"footnotes":""},"class_list":["post-1798","page","type-page","status-publish"],"yoast_head":"<!-- This site is optimized with the Yoast SEO Premium plugin v24.2 (Yoast SEO v24.2) - https:\/\/yoast.com\/wordpress\/plugins\/seo\/ -->\n<title>dr. R\u00e9ka F\u00fcst\u00f6s - PALLAS Szem\u00e9szet<\/title>\n<meta name=\"robots\" content=\"index, follow, max-snippet:-1, max-image-preview:large, max-video-preview:-1\" \/>\n<link rel=\"canonical\" href=\"https:\/\/szemsebeszet.eu\/dr-fustos-reka\/\" \/>\n<meta property=\"og:locale\" content=\"en_US\" \/>\n<meta property=\"og:type\" content=\"article\" \/>\n<meta property=\"og:title\" content=\"dr. R\u00e9ka F\u00fcst\u00f6s\" \/>\n<meta property=\"og:description\" content=\"dr. R\u00e9ka F\u00fcst\u00f6s ophthalmologist She obtained her general medical degree in 2004 at the University of Medicine and Pharmacy in Marosv\u00e1s\u00e1rhely, and her specialist ophthalmology exam in 2010 at the Ophthalmology Clinic of the University of P\u00e9cs. She has extensive clinical experience in the care of ophthalmic diseases, especially in the ophthalmic care of glaucoma ... Read more\" \/>\n<meta property=\"og:url\" content=\"https:\/\/szemsebeszet.eu\/dr-fustos-reka\/\" \/>\n<meta property=\"og:site_name\" content=\"PALLAS Szem\u00e9szet\" \/>\n<meta property=\"article:publisher\" content=\"https:\/\/www.facebook.com\/pallas.szemeszet\" \/>\n<meta property=\"article:modified_time\" content=\"2023-02-27T12:34:18+00:00\" \/>\n<meta property=\"og:image\" content=\"https:\/\/szemsebeszet.eu\/wp-content\/uploads\/elementor\/thumbs\/Dr-Fustos-Reka.png-2-purkbrpy11d4ytbqfm3302k6w94sjyc2b5yzji0ngu.webp\" \/>\n<meta name=\"twitter:card\" content=\"summary_large_image\" \/>\n<meta name=\"twitter:label1\" content=\"Est. reading time\" \/>\n\t<meta name=\"twitter:data1\" content=\"1 minute\" \/>\n<script type=\"application\/ld+json\" class=\"yoast-schema-graph\">{\"@context\":\"https:\/\/schema.org\",\"@graph\":[{\"@type\":\"WebPage\",\"@id\":\"https:\/\/szemsebeszet.eu\/dr-fustos-reka\/\",\"url\":\"https:\/\/szemsebeszet.eu\/dr-fustos-reka\/\",\"name\":\"dr. R\u00e9ka F\u00fcst\u00f6s - PALLAS Szem\u00e9szet\",\"isPartOf\":{\"@id\":\"https:\/\/szemsebeszet.eu\/#website\"},\"primaryImageOfPage\":{\"@id\":\"https:\/\/szemsebeszet.eu\/dr-fustos-reka\/#primaryimage\"},\"image\":{\"@id\":\"https:\/\/szemsebeszet.eu\/dr-fustos-reka\/#primaryimage\"},\"thumbnailUrl\":\"https:\/\/szemsebeszet.eu\/wp-content\/uploads\/elementor\/thumbs\/Dr-Fustos-Reka.png-2-purkbrpy11d4ytbqfm3302k6w94sjyc2b5yzji0ngu.webp\",\"datePublished\":\"2022-09-21T22:27:09+00:00\",\"dateModified\":\"2023-02-27T12:34:18+00:00\",\"breadcrumb\":{\"@id\":\"https:\/\/szemsebeszet.eu\/dr-fustos-reka\/#breadcrumb\"},\"inLanguage\":\"en-US\",\"potentialAction\":[{\"@type\":\"ReadAction\",\"target\":[\"https:\/\/szemsebeszet.eu\/dr-fustos-reka\/\"]}]},{\"@type\":\"ImageObject\",\"inLanguage\":\"en-US\",\"@id\":\"https:\/\/szemsebeszet.eu\/dr-fustos-reka\/#primaryimage\",\"url\":\"https:\/\/szemsebeszet.eu\/wp-content\/uploads\/elementor\/thumbs\/Dr-Fustos-Reka.png-2-purkbrpy11d4ytbqfm3302k6w94sjyc2b5yzji0ngu.webp\",\"contentUrl\":\"https:\/\/szemsebeszet.eu\/wp-content\/uploads\/elementor\/thumbs\/Dr-Fustos-Reka.png-2-purkbrpy11d4ytbqfm3302k6w94sjyc2b5yzji0ngu.webp\"},{\"@type\":\"BreadcrumbList\",\"@id\":\"https:\/\/szemsebeszet.eu\/dr-fustos-reka\/#breadcrumb\",\"itemListElement\":[{\"@type\":\"ListItem\",\"position\":1,\"name\":\"Kezd\u0151lap\",\"item\":\"https:\/\/szemsebeszet.eu\/\"},{\"@type\":\"ListItem\",\"position\":2,\"name\":\"dr. R\u00e9ka F\u00fcst\u00f6s\"}]},{\"@type\":\"WebSite\",\"@id\":\"https:\/\/szemsebeszet.eu\/#website\",\"url\":\"https:\/\/szemsebeszet.eu\/\",\"name\":\"Pallas Health Szemseb\u00e9szet\",\"description\":\"Szem\u00e9szeti mag\u00e1nrendel\u00e9s\",\"publisher\":{\"@id\":\"https:\/\/szemsebeszet.eu\/#organization\"},\"alternateName\":\"szemsebeszet.eu\",\"potentialAction\":[{\"@type\":\"SearchAction\",\"target\":{\"@type\":\"EntryPoint\",\"urlTemplate\":\"https:\/\/szemsebeszet.eu\/?s={search_term_string}\"},\"query-input\":{\"@type\":\"PropertyValueSpecification\",\"valueRequired\":true,\"valueName\":\"search_term_string\"}}],\"inLanguage\":\"en-US\"},{\"@type\":\"Organization\",\"@id\":\"https:\/\/szemsebeszet.eu\/#organization\",\"name\":\"PALLAS Szem\u00e9szet\",\"url\":\"https:\/\/szemsebeszet.eu\/\",\"logo\":{\"@type\":\"ImageObject\",\"inLanguage\":\"en-US\",\"@id\":\"https:\/\/szemsebeszet.eu\/#\/schema\/logo\/image\/\",\"url\":\"https:\/\/szemsebeszet.eu\/wp-content\/uploads\/2023\/12\/nevtelen-terv-2_optimized.png\",\"contentUrl\":\"https:\/\/szemsebeszet.eu\/wp-content\/uploads\/2023\/12\/nevtelen-terv-2_optimized.png\",\"width\":800,\"height\":800,\"caption\":\"PALLAS Szem\u00e9szet\"},\"image\":{\"@id\":\"https:\/\/szemsebeszet.eu\/#\/schema\/logo\/image\/\"},\"sameAs\":[\"https:\/\/www.facebook.com\/pallas.szemeszet\"],\"email\":\"info@szemsebeszet.eu\",\"telephone\":\"+36 70 776 6305\"}]}<\/script>\n<!-- \/ Yoast SEO Premium plugin. -->","yoast_head_json":{"title":"dr. R\u00e9ka F\u00fcst\u00f6s - PALLAS Szem\u00e9szet","robots":{"index":"index","follow":"follow","max-snippet":"max-snippet:-1","max-image-preview":"max-image-preview:large","max-video-preview":"max-video-preview:-1"},"canonical":"https:\/\/szemsebeszet.eu\/dr-fustos-reka\/","og_locale":"en_US","og_type":"article","og_title":"dr. R\u00e9ka F\u00fcst\u00f6s","og_description":"dr. R\u00e9ka F\u00fcst\u00f6s ophthalmologist She obtained her general medical degree in 2004 at the University of Medicine and Pharmacy in Marosv\u00e1s\u00e1rhely, and her specialist ophthalmology exam in 2010 at the Ophthalmology Clinic of the University of P\u00e9cs. She has extensive clinical experience in the care of ophthalmic diseases, especially in the ophthalmic care of glaucoma ... Read more","og_url":"https:\/\/szemsebeszet.eu\/dr-fustos-reka\/","og_site_name":"PALLAS Szem\u00e9szet","article_publisher":"https:\/\/www.facebook.com\/pallas.szemeszet","article_modified_time":"2023-02-27T12:34:18+00:00","og_image":[{"url":"https:\/\/szemsebeszet.eu\/wp-content\/uploads\/elementor\/thumbs\/Dr-Fustos-Reka.png-2-purkbrpy11d4ytbqfm3302k6w94sjyc2b5yzji0ngu.webp","type":"","width":"","height":""}],"twitter_card":"summary_large_image","twitter_misc":{"Est. reading time":"1 minute"},"schema":{"@context":"https:\/\/schema.org","@graph":[{"@type":"WebPage","@id":"https:\/\/szemsebeszet.eu\/dr-fustos-reka\/","url":"https:\/\/szemsebeszet.eu\/dr-fustos-reka\/","name":"dr. R\u00e9ka F\u00fcst\u00f6s - PALLAS Szem\u00e9szet","isPartOf":{"@id":"https:\/\/szemsebeszet.eu\/#website"},"primaryImageOfPage":{"@id":"https:\/\/szemsebeszet.eu\/dr-fustos-reka\/#primaryimage"},"image":{"@id":"https:\/\/szemsebeszet.eu\/dr-fustos-reka\/#primaryimage"},"thumbnailUrl":"https:\/\/szemsebeszet.eu\/wp-content\/uploads\/elementor\/thumbs\/Dr-Fustos-Reka.png-2-purkbrpy11d4ytbqfm3302k6w94sjyc2b5yzji0ngu.webp","datePublished":"2022-09-21T22:27:09+00:00","dateModified":"2023-02-27T12:34:18+00:00","breadcrumb":{"@id":"https:\/\/szemsebeszet.eu\/dr-fustos-reka\/#breadcrumb"},"inLanguage":"en-US","potentialAction":[{"@type":"ReadAction","target":["https:\/\/szemsebeszet.eu\/dr-fustos-reka\/"]}]},{"@type":"ImageObject","inLanguage":"en-US","@id":"https:\/\/szemsebeszet.eu\/dr-fustos-reka\/#primaryimage","url":"https:\/\/szemsebeszet.eu\/wp-content\/uploads\/elementor\/thumbs\/Dr-Fustos-Reka.png-2-purkbrpy11d4ytbqfm3302k6w94sjyc2b5yzji0ngu.webp","contentUrl":"https:\/\/szemsebeszet.eu\/wp-content\/uploads\/elementor\/thumbs\/Dr-Fustos-Reka.png-2-purkbrpy11d4ytbqfm3302k6w94sjyc2b5yzji0ngu.webp"},{"@type":"BreadcrumbList","@id":"https:\/\/szemsebeszet.eu\/dr-fustos-reka\/#breadcrumb","itemListElement":[{"@type":"ListItem","position":1,"name":"Kezd\u0151lap","item":"https:\/\/szemsebeszet.eu\/"},{"@type":"ListItem","position":2,"name":"dr. R\u00e9ka F\u00fcst\u00f6s"}]},{"@type":"WebSite","@id":"https:\/\/szemsebeszet.eu\/#website","url":"https:\/\/szemsebeszet.eu\/","name":"Pallas Health Szemseb\u00e9szet","description":"Szem\u00e9szeti mag\u00e1nrendel\u00e9s","publisher":{"@id":"https:\/\/szemsebeszet.eu\/#organization"},"alternateName":"szemsebeszet.eu","potentialAction":[{"@type":"SearchAction","target":{"@type":"EntryPoint","urlTemplate":"https:\/\/szemsebeszet.eu\/?s={search_term_string}"},"query-input":{"@type":"PropertyValueSpecification","valueRequired":true,"valueName":"search_term_string"}}],"inLanguage":"en-US"},{"@type":"Organization","@id":"https:\/\/szemsebeszet.eu\/#organization","name":"PALLAS Szem\u00e9szet","url":"https:\/\/szemsebeszet.eu\/","logo":{"@type":"ImageObject","inLanguage":"en-US","@id":"https:\/\/szemsebeszet.eu\/#\/schema\/logo\/image\/","url":"https:\/\/szemsebeszet.eu\/wp-content\/uploads\/2023\/12\/nevtelen-terv-2_optimized.png","contentUrl":"https:\/\/szemsebeszet.eu\/wp-content\/uploads\/2023\/12\/nevtelen-terv-2_optimized.png","width":800,"height":800,"caption":"PALLAS Szem\u00e9szet"},"image":{"@id":"https:\/\/szemsebeszet.eu\/#\/schema\/logo\/image\/"},"sameAs":["https:\/\/www.facebook.com\/pallas.szemeszet"],"email":"info@szemsebeszet.eu","telephone":"+36 70 776 6305"}]}},"_links":{"self":[{"href":"https:\/\/szemsebeszet.eu\/en\/wp-json\/wp\/v2\/pages\/1798","targetHints":{"allow":["GET"]}}],"collection":[{"href":"https:\/\/szemsebeszet.eu\/en\/wp-json\/wp\/v2\/pages"}],"about":[{"href":"https:\/\/szemsebeszet.eu\/en\/wp-json\/wp\/v2\/types\/page"}],"author":[{"embeddable":true,"href":"https:\/\/szemsebeszet.eu\/en\/wp-json\/wp\/v2\/users\/1"}],"replies":[{"embeddable":true,"href":"https:\/\/szemsebeszet.eu\/en\/wp-json\/wp\/v2\/comments?post=1798"}],"version-history":[{"count":0,"href":"https:\/\/szemsebeszet.eu\/en\/wp-json\/wp\/v2\/pages\/1798\/revisions"}],"wp:attachment":[{"href":"https:\/\/szemsebeszet.eu\/en\/wp-json\/wp\/v2\/media?parent=1798"}],"curies":[{"name":"wp","href":"https:\/\/api.w.org\/{rel}","templated":true}]}}