{"id":1777,"date":"2022-09-15T12:44:47","date_gmt":"2022-09-15T12:44:47","guid":{"rendered":"https:\/\/szemsebeszet.eu\/prof-dr-zoltan-zsolt-nagy\/"},"modified":"2023-02-24T21:45:57","modified_gmt":"2023-02-24T21:45:57","slug":"prof-dr-zoltan-zsolt-nagy","status":"publish","type":"page","link":"https:\/\/szemsebeszet.eu\/en\/prof-dr-zoltan-zsolt-nagy\/","title":{"rendered":"Prof. Dr. Zolt\u00e1n Zsolt Nagy"},"content":{"rendered":"\t\t<div data-elementor-type=\"wp-page\" data-elementor-id=\"1777\" class=\"elementor elementor-1777 elementor-462\" data-elementor-post-type=\"page\">\n\t\t\t\t\t\t\t\t\t<section class=\"elementor-section elementor-top-section elementor-element elementor-element-1eb5359 elementor-section-boxed elementor-section-height-default elementor-section-height-default\" data-id=\"1eb5359\" data-element_type=\"section\">\n\t\t\t\t\t\t<div class=\"elementor-container elementor-column-gap-default\">\n\t\t\t\t\t<div class=\"elementor-column elementor-col-100 elementor-top-column elementor-element elementor-element-93e1a24\" data-id=\"93e1a24\" data-element_type=\"column\">\n\t\t\t<div class=\"elementor-widget-wrap elementor-element-populated\">\n\t\t\t\t\t\t\t\t<section class=\"elementor-section elementor-inner-section elementor-element elementor-element-a0a6499 elementor-section-boxed elementor-section-height-default elementor-section-height-default\" data-id=\"a0a6499\" data-element_type=\"section\" data-settings=\"{&quot;background_background&quot;:&quot;classic&quot;}\">\n\t\t\t\t\t\t<div class=\"elementor-container elementor-column-gap-default\">\n\t\t\t\t\t<div class=\"elementor-column elementor-col-50 elementor-inner-column elementor-element elementor-element-33a977a\" data-id=\"33a977a\" data-element_type=\"column\">\n\t\t\t<div class=\"elementor-widget-wrap elementor-element-populated\">\n\t\t\t\t\t\t\t\t<div class=\"elementor-element elementor-element-f826e1a elementor-widget elementor-widget-image\" data-id=\"f826e1a\" data-element_type=\"widget\" data-widget_type=\"image.default\">\n\t\t\t\t<div class=\"elementor-widget-container\">\n\t\t\t<style>\/*! elementor - v3.17.0 - 25-10-2023 *\/\n.elementor-widget-image{text-align:center}.elementor-widget-image a{display:inline-block}.elementor-widget-image a img[src$=\".svg\"]{width:48px}.elementor-widget-image img{vertical-align:middle;display:inline-block}<\/style>\t\t\t\t\t\t\t\t\t\t\t\t<img decoding=\"async\" data-src=\"https:\/\/szemsebeszet.eu\/wp-content\/uploads\/elementor\/thumbs\/Prof-Dr-Nagy-Zoltan-Zsolt-2.png-2-pur1relafyf9kk5v7pj31qawqzf1buz1r2fsuh0bta.webp\" title=\"Prof Dr Nagy Zolt\u00e1n Zsolt (2).png-2\" alt=\"Prof Dr Nagy Zolt\u00e1n Zsolt (2).png-2\" loading=\"lazy\" src=\"data:image\/gif;base64,R0lGODlhAQABAAAAACH5BAEKAAEALAAAAAABAAEAAAICTAEAOw==\" class=\"lazyload\" style=\"--smush-placeholder-width: 350px; --smush-placeholder-aspect-ratio: 350\/443;\" \/><noscript><img decoding=\"async\" src=\"https:\/\/szemsebeszet.eu\/wp-content\/uploads\/elementor\/thumbs\/Prof-Dr-Nagy-Zoltan-Zsolt-2.png-2-pur1relafyf9kk5v7pj31qawqzf1buz1r2fsuh0bta.webp\" title=\"Prof Dr Nagy Zolt\u00e1n Zsolt (2).png-2\" alt=\"Prof Dr Nagy Zolt\u00e1n Zsolt (2).png-2\" loading=\"lazy\" \/><\/noscript>\t\t\t\t\t\t\t\t\t\t\t\t\t\t\t<\/div>\n\t\t\t\t<\/div>\n\t\t\t\t\t<\/div>\n\t\t<\/div>\n\t\t\t\t<div class=\"elementor-column elementor-col-50 elementor-inner-column elementor-element elementor-element-aa0b8e8\" data-id=\"aa0b8e8\" data-element_type=\"column\">\n\t\t\t<div class=\"elementor-widget-wrap elementor-element-populated\">\n\t\t\t\t\t\t\t\t<div class=\"elementor-element elementor-element-0ff73e3 elementor-widget elementor-widget-heading\" data-id=\"0ff73e3\" data-element_type=\"widget\" data-widget_type=\"heading.default\">\n\t\t\t\t<div class=\"elementor-widget-container\">\n\t\t\t<style>\/*! elementor - v3.17.0 - 25-10-2023 *\/\n.elementor-heading-title{padding:0;margin:0;line-height:1}.elementor-widget-heading .elementor-heading-title[class*=elementor-size-]>a{color:inherit;font-size:inherit;line-height:inherit}.elementor-widget-heading .elementor-heading-title.elementor-size-small{font-size:15px}.elementor-widget-heading .elementor-heading-title.elementor-size-medium{font-size:19px}.elementor-widget-heading .elementor-heading-title.elementor-size-large{font-size:29px}.elementor-widget-heading .elementor-heading-title.elementor-size-xl{font-size:39px}.elementor-widget-heading .elementor-heading-title.elementor-size-xxl{font-size:59px}<\/style><h2 class=\"elementor-heading-title elementor-size-default\">Prof. dr. Nagy Zsolt Zolt\u00e1n<\/h2>\t\t<\/div>\n\t\t\t\t<\/div>\n\t\t\t\t<div class=\"elementor-element elementor-element-1f2e3f2 elementor-widget elementor-widget-text-editor\" data-id=\"1f2e3f2\" data-element_type=\"widget\" data-widget_type=\"text-editor.default\">\n\t\t\t\t<div class=\"elementor-widget-container\">\n\t\t\t<style>\/*! elementor - v3.17.0 - 25-10-2023 *\/\n.elementor-widget-text-editor.elementor-drop-cap-view-stacked .elementor-drop-cap{background-color:#69727d;color:#fff}.elementor-widget-text-editor.elementor-drop-cap-view-framed .elementor-drop-cap{color:#69727d;border:3px solid;background-color:transparent}.elementor-widget-text-editor:not(.elementor-drop-cap-view-default) .elementor-drop-cap{margin-top:8px}.elementor-widget-text-editor:not(.elementor-drop-cap-view-default) .elementor-drop-cap-letter{width:1em;height:1em}.elementor-widget-text-editor .elementor-drop-cap{float:left;text-align:center;line-height:1;font-size:50px}.elementor-widget-text-editor .elementor-drop-cap-letter{display:inline-block}<\/style>\t\t\t\t<p>Professor of Ophthalmology<br \/>Director, Department of Ophthalmology, Semmelweis University<br \/>Doctor of the Hungarian Academy of Sciences<br \/>President of the Hungarian Ophthalmological Association<\/p>\n\t\t\t\t\t\t<\/div>\n\t\t\t\t<\/div>\n\t\t\t\t<div class=\"elementor-element elementor-element-2e678d9 elementor-widget elementor-widget-text-editor\" data-id=\"2e678d9\" data-element_type=\"widget\" data-widget_type=\"text-editor.default\">\n\t\t\t\t<div class=\"elementor-widget-container\">\n\t\t\t\t\t\t\t<p class=\"font_8\">Department director, university professor, president of the Hungarian Ophthalmological Society and board member of numerous national and international professional organizations. He has a wide range of professional experience with the main focus in microsurgical procedures. He is an eye surgeon with an innovative approach, he is credited for introducing the most modern surgical techniques and equipment. Since 1992, he has been performing refractive ophthalmic surgeries, the number of which exceeds 25,000. The number of cataract surgeries he has performed is several thousand. In recognition of his professional work, he received numerous awards and honors at national and international level (International Society of Refractive Surgeons, All India Ophthalmological Society, American Academy of Ophthalmology). https:\/\/profdrnzzs.hu\/     <br \/><a href=\"https:\/\/profdrnzzs.hu\/\" target=\"_blank\" rel=\"noopener\" data-auto-recognition=\"true\">https:\/\/profdrnzzs.hu\/<\/a><\/p>\n\t\t\t\t\t\t<\/div>\n\t\t\t\t<\/div>\n\t\t\t\t\t<\/div>\n\t\t<\/div>\n\t\t\t\t\t\t\t<\/div>\n\t\t<\/section>\n\t\t\t\t\t<\/div>\n\t\t<\/div>\n\t\t\t\t\t\t\t<\/div>\n\t\t<\/section>\n\t\t\t\t<section class=\"elementor-section elementor-top-section elementor-element elementor-element-2081add elementor-section-boxed elementor-section-height-default elementor-section-height-default\" data-id=\"2081add\" data-element_type=\"section\">\n\t\t\t\t\t\t<div class=\"elementor-container elementor-column-gap-default\">\n\t\t\t\t\t<div class=\"elementor-column elementor-col-100 elementor-top-column elementor-element elementor-element-0a8f4f3\" data-id=\"0a8f4f3\" data-element_type=\"column\">\n\t\t\t<div class=\"elementor-widget-wrap elementor-element-populated\">\n\t\t\t\t\t\t\t\t<section class=\"elementor-section elementor-inner-section elementor-element elementor-element-564a1ca elementor-section-boxed elementor-section-height-default elementor-section-height-default\" data-id=\"564a1ca\" data-element_type=\"section\" data-settings=\"{&quot;background_background&quot;:&quot;classic&quot;}\">\n\t\t\t\t\t\t<div class=\"elementor-container elementor-column-gap-default\">\n\t\t\t\t\t<div class=\"elementor-column elementor-col-100 elementor-inner-column elementor-element elementor-element-88f62c3\" data-id=\"88f62c3\" data-element_type=\"column\">\n\t\t\t<div class=\"elementor-widget-wrap elementor-element-populated\">\n\t\t\t\t\t\t\t\t<div class=\"elementor-element elementor-element-dda52e3 elementor-widget elementor-widget-heading\" data-id=\"dda52e3\" data-element_type=\"widget\" data-widget_type=\"heading.default\">\n\t\t\t\t<div class=\"elementor-widget-container\">\n\t\t\t<h2 class=\"elementor-heading-title elementor-size-default\">Contact<\/h2>\t\t<\/div>\n\t\t\t\t<\/div>\n\t\t\t\t<div class=\"elementor-element elementor-element-fd266cd elementor-widget elementor-widget-text-editor\" data-id=\"fd266cd\" data-element_type=\"widget\" data-widget_type=\"text-editor.default\">\n\t\t\t\t<div class=\"elementor-widget-container\">\n\t\t\t\t\t\t\t<p>info@szemsebeszet.eu<br \/>+3670 776 6305<\/p>\n\t\t\t\t\t\t<\/div>\n\t\t\t\t<\/div>\n\t\t\t\t\t<\/div>\n\t\t<\/div>\n\t\t\t\t\t\t\t<\/div>\n\t\t<\/section>\n\t\t\t\t\t<\/div>\n\t\t<\/div>\n\t\t\t\t\t\t\t<\/div>\n\t\t<\/section>\n\t\t\t\t\t\t\t<\/div>\n\t\t","protected":false},"excerpt":{"rendered":"<p>Prof. dr. Nagy Zsolt Zolt\u00e1n Professor of OphthalmologyDirector, Department of Ophthalmology, Semmelweis UniversityDoctor of the Hungarian Academy of SciencesPresident of the Hungarian Ophthalmological Association Department director, university professor, president of the Hungarian Ophthalmological Society and board member of numerous national and international professional organizations. He has a wide range of professional experience with the main &#8230; <a title=\"Prof. Dr. Zolt\u00e1n Zsolt Nagy\" class=\"read-more\" href=\"https:\/\/szemsebeszet.eu\/en\/prof-dr-zoltan-zsolt-nagy\/\" aria-label=\"More on Prof. Dr. Zolt\u00e1n Zsolt Nagy\">Read more<\/a><\/p>\n","protected":false},"author":1,"featured_media":0,"parent":0,"menu_order":0,"comment_status":"closed","ping_status":"closed","template":"elementor_header_footer","meta":{"footnotes":""},"class_list":["post-1777","page","type-page","status-publish"],"yoast_head":"<!-- This site is optimized with the Yoast SEO Premium plugin v24.2 (Yoast SEO v24.2) - https:\/\/yoast.com\/wordpress\/plugins\/seo\/ -->\n<title>Prof. Dr. Zolt\u00e1n Zsolt Nagy - PALLAS Szem\u00e9szet<\/title>\n<meta name=\"robots\" content=\"index, follow, max-snippet:-1, max-image-preview:large, max-video-preview:-1\" \/>\n<link rel=\"canonical\" href=\"https:\/\/szemsebeszet.eu\/prof-dr-nagy-zoltan\/\" \/>\n<meta property=\"og:locale\" content=\"en_US\" \/>\n<meta property=\"og:type\" content=\"article\" \/>\n<meta property=\"og:title\" content=\"Prof. Dr. Zolt\u00e1n Zsolt Nagy\" \/>\n<meta property=\"og:description\" content=\"Prof. dr. Nagy Zsolt Zolt\u00e1n Professor of OphthalmologyDirector, Department of Ophthalmology, Semmelweis UniversityDoctor of the Hungarian Academy of SciencesPresident of the Hungarian Ophthalmological Association Department director, university professor, president of the Hungarian Ophthalmological Society and board member of numerous national and international professional organizations. He has a wide range of professional experience with the main ... Read more\" \/>\n<meta property=\"og:url\" content=\"https:\/\/szemsebeszet.eu\/prof-dr-nagy-zoltan\/\" \/>\n<meta property=\"og:site_name\" content=\"PALLAS Szem\u00e9szet\" \/>\n<meta property=\"article:publisher\" content=\"https:\/\/www.facebook.com\/pallas.szemeszet\" \/>\n<meta property=\"article:modified_time\" content=\"2023-02-24T21:45:57+00:00\" \/>\n<meta property=\"og:image\" content=\"https:\/\/szemsebeszet.eu\/wp-content\/uploads\/elementor\/thumbs\/Prof-Dr-Nagy-Zoltan-Zsolt-2.png-2-pur1relafyf9kk5v7pj31qawqzf1buz1r2fsuh0bta.webp\" \/>\n<meta name=\"twitter:card\" content=\"summary_large_image\" \/>\n<meta name=\"twitter:label1\" content=\"Est. reading time\" \/>\n\t<meta name=\"twitter:data1\" content=\"1 minute\" \/>\n<script type=\"application\/ld+json\" class=\"yoast-schema-graph\">{\"@context\":\"https:\/\/schema.org\",\"@graph\":[{\"@type\":\"WebPage\",\"@id\":\"https:\/\/szemsebeszet.eu\/prof-dr-nagy-zoltan\/\",\"url\":\"https:\/\/szemsebeszet.eu\/prof-dr-nagy-zoltan\/\",\"name\":\"Prof. Dr. Zolt\u00e1n Zsolt Nagy - PALLAS Szem\u00e9szet\",\"isPartOf\":{\"@id\":\"https:\/\/szemsebeszet.eu\/#website\"},\"primaryImageOfPage\":{\"@id\":\"https:\/\/szemsebeszet.eu\/prof-dr-nagy-zoltan\/#primaryimage\"},\"image\":{\"@id\":\"https:\/\/szemsebeszet.eu\/prof-dr-nagy-zoltan\/#primaryimage\"},\"thumbnailUrl\":\"https:\/\/szemsebeszet.eu\/wp-content\/uploads\/elementor\/thumbs\/Prof-Dr-Nagy-Zoltan-Zsolt-2.png-2-pur1relafyf9kk5v7pj31qawqzf1buz1r2fsuh0bta.webp\",\"datePublished\":\"2022-09-15T12:44:47+00:00\",\"dateModified\":\"2023-02-24T21:45:57+00:00\",\"breadcrumb\":{\"@id\":\"https:\/\/szemsebeszet.eu\/prof-dr-nagy-zoltan\/#breadcrumb\"},\"inLanguage\":\"en-US\",\"potentialAction\":[{\"@type\":\"ReadAction\",\"target\":[\"https:\/\/szemsebeszet.eu\/prof-dr-nagy-zoltan\/\"]}]},{\"@type\":\"ImageObject\",\"inLanguage\":\"en-US\",\"@id\":\"https:\/\/szemsebeszet.eu\/prof-dr-nagy-zoltan\/#primaryimage\",\"url\":\"https:\/\/szemsebeszet.eu\/wp-content\/uploads\/elementor\/thumbs\/Prof-Dr-Nagy-Zoltan-Zsolt-2.png-2-pur1relafyf9kk5v7pj31qawqzf1buz1r2fsuh0bta.webp\",\"contentUrl\":\"https:\/\/szemsebeszet.eu\/wp-content\/uploads\/elementor\/thumbs\/Prof-Dr-Nagy-Zoltan-Zsolt-2.png-2-pur1relafyf9kk5v7pj31qawqzf1buz1r2fsuh0bta.webp\"},{\"@type\":\"BreadcrumbList\",\"@id\":\"https:\/\/szemsebeszet.eu\/prof-dr-nagy-zoltan\/#breadcrumb\",\"itemListElement\":[{\"@type\":\"ListItem\",\"position\":1,\"name\":\"Kezd\u0151lap\",\"item\":\"https:\/\/szemsebeszet.eu\/\"},{\"@type\":\"ListItem\",\"position\":2,\"name\":\"Prof. Dr. Zolt\u00e1n Zsolt Nagy\"}]},{\"@type\":\"WebSite\",\"@id\":\"https:\/\/szemsebeszet.eu\/#website\",\"url\":\"https:\/\/szemsebeszet.eu\/\",\"name\":\"Pallas Health Szemseb\u00e9szet\",\"description\":\"Szem\u00e9szeti mag\u00e1nrendel\u00e9s\",\"publisher\":{\"@id\":\"https:\/\/szemsebeszet.eu\/#organization\"},\"alternateName\":\"szemsebeszet.eu\",\"potentialAction\":[{\"@type\":\"SearchAction\",\"target\":{\"@type\":\"EntryPoint\",\"urlTemplate\":\"https:\/\/szemsebeszet.eu\/?s={search_term_string}\"},\"query-input\":{\"@type\":\"PropertyValueSpecification\",\"valueRequired\":true,\"valueName\":\"search_term_string\"}}],\"inLanguage\":\"en-US\"},{\"@type\":\"Organization\",\"@id\":\"https:\/\/szemsebeszet.eu\/#organization\",\"name\":\"PALLAS Szem\u00e9szet\",\"url\":\"https:\/\/szemsebeszet.eu\/\",\"logo\":{\"@type\":\"ImageObject\",\"inLanguage\":\"en-US\",\"@id\":\"https:\/\/szemsebeszet.eu\/#\/schema\/logo\/image\/\",\"url\":\"https:\/\/szemsebeszet.eu\/wp-content\/uploads\/2023\/12\/nevtelen-terv-2_optimized.png\",\"contentUrl\":\"https:\/\/szemsebeszet.eu\/wp-content\/uploads\/2023\/12\/nevtelen-terv-2_optimized.png\",\"width\":800,\"height\":800,\"caption\":\"PALLAS Szem\u00e9szet\"},\"image\":{\"@id\":\"https:\/\/szemsebeszet.eu\/#\/schema\/logo\/image\/\"},\"sameAs\":[\"https:\/\/www.facebook.com\/pallas.szemeszet\"],\"email\":\"info@szemsebeszet.eu\",\"telephone\":\"+36 70 776 6305\"}]}<\/script>\n<!-- \/ Yoast SEO Premium plugin. -->","yoast_head_json":{"title":"Prof. Dr. Zolt\u00e1n Zsolt Nagy - PALLAS Szem\u00e9szet","robots":{"index":"index","follow":"follow","max-snippet":"max-snippet:-1","max-image-preview":"max-image-preview:large","max-video-preview":"max-video-preview:-1"},"canonical":"https:\/\/szemsebeszet.eu\/prof-dr-nagy-zoltan\/","og_locale":"en_US","og_type":"article","og_title":"Prof. Dr. Zolt\u00e1n Zsolt Nagy","og_description":"Prof. dr. Nagy Zsolt Zolt\u00e1n Professor of OphthalmologyDirector, Department of Ophthalmology, Semmelweis UniversityDoctor of the Hungarian Academy of SciencesPresident of the Hungarian Ophthalmological Association Department director, university professor, president of the Hungarian Ophthalmological Society and board member of numerous national and international professional organizations. He has a wide range of professional experience with the main ... Read more","og_url":"https:\/\/szemsebeszet.eu\/prof-dr-nagy-zoltan\/","og_site_name":"PALLAS Szem\u00e9szet","article_publisher":"https:\/\/www.facebook.com\/pallas.szemeszet","article_modified_time":"2023-02-24T21:45:57+00:00","og_image":[{"url":"https:\/\/szemsebeszet.eu\/wp-content\/uploads\/elementor\/thumbs\/Prof-Dr-Nagy-Zoltan-Zsolt-2.png-2-pur1relafyf9kk5v7pj31qawqzf1buz1r2fsuh0bta.webp","type":"","width":"","height":""}],"twitter_card":"summary_large_image","twitter_misc":{"Est. reading time":"1 minute"},"schema":{"@context":"https:\/\/schema.org","@graph":[{"@type":"WebPage","@id":"https:\/\/szemsebeszet.eu\/prof-dr-nagy-zoltan\/","url":"https:\/\/szemsebeszet.eu\/prof-dr-nagy-zoltan\/","name":"Prof. Dr. Zolt\u00e1n Zsolt Nagy - PALLAS Szem\u00e9szet","isPartOf":{"@id":"https:\/\/szemsebeszet.eu\/#website"},"primaryImageOfPage":{"@id":"https:\/\/szemsebeszet.eu\/prof-dr-nagy-zoltan\/#primaryimage"},"image":{"@id":"https:\/\/szemsebeszet.eu\/prof-dr-nagy-zoltan\/#primaryimage"},"thumbnailUrl":"https:\/\/szemsebeszet.eu\/wp-content\/uploads\/elementor\/thumbs\/Prof-Dr-Nagy-Zoltan-Zsolt-2.png-2-pur1relafyf9kk5v7pj31qawqzf1buz1r2fsuh0bta.webp","datePublished":"2022-09-15T12:44:47+00:00","dateModified":"2023-02-24T21:45:57+00:00","breadcrumb":{"@id":"https:\/\/szemsebeszet.eu\/prof-dr-nagy-zoltan\/#breadcrumb"},"inLanguage":"en-US","potentialAction":[{"@type":"ReadAction","target":["https:\/\/szemsebeszet.eu\/prof-dr-nagy-zoltan\/"]}]},{"@type":"ImageObject","inLanguage":"en-US","@id":"https:\/\/szemsebeszet.eu\/prof-dr-nagy-zoltan\/#primaryimage","url":"https:\/\/szemsebeszet.eu\/wp-content\/uploads\/elementor\/thumbs\/Prof-Dr-Nagy-Zoltan-Zsolt-2.png-2-pur1relafyf9kk5v7pj31qawqzf1buz1r2fsuh0bta.webp","contentUrl":"https:\/\/szemsebeszet.eu\/wp-content\/uploads\/elementor\/thumbs\/Prof-Dr-Nagy-Zoltan-Zsolt-2.png-2-pur1relafyf9kk5v7pj31qawqzf1buz1r2fsuh0bta.webp"},{"@type":"BreadcrumbList","@id":"https:\/\/szemsebeszet.eu\/prof-dr-nagy-zoltan\/#breadcrumb","itemListElement":[{"@type":"ListItem","position":1,"name":"Kezd\u0151lap","item":"https:\/\/szemsebeszet.eu\/"},{"@type":"ListItem","position":2,"name":"Prof. Dr. Zolt\u00e1n Zsolt Nagy"}]},{"@type":"WebSite","@id":"https:\/\/szemsebeszet.eu\/#website","url":"https:\/\/szemsebeszet.eu\/","name":"Pallas Health Szemseb\u00e9szet","description":"Szem\u00e9szeti mag\u00e1nrendel\u00e9s","publisher":{"@id":"https:\/\/szemsebeszet.eu\/#organization"},"alternateName":"szemsebeszet.eu","potentialAction":[{"@type":"SearchAction","target":{"@type":"EntryPoint","urlTemplate":"https:\/\/szemsebeszet.eu\/?s={search_term_string}"},"query-input":{"@type":"PropertyValueSpecification","valueRequired":true,"valueName":"search_term_string"}}],"inLanguage":"en-US"},{"@type":"Organization","@id":"https:\/\/szemsebeszet.eu\/#organization","name":"PALLAS Szem\u00e9szet","url":"https:\/\/szemsebeszet.eu\/","logo":{"@type":"ImageObject","inLanguage":"en-US","@id":"https:\/\/szemsebeszet.eu\/#\/schema\/logo\/image\/","url":"https:\/\/szemsebeszet.eu\/wp-content\/uploads\/2023\/12\/nevtelen-terv-2_optimized.png","contentUrl":"https:\/\/szemsebeszet.eu\/wp-content\/uploads\/2023\/12\/nevtelen-terv-2_optimized.png","width":800,"height":800,"caption":"PALLAS Szem\u00e9szet"},"image":{"@id":"https:\/\/szemsebeszet.eu\/#\/schema\/logo\/image\/"},"sameAs":["https:\/\/www.facebook.com\/pallas.szemeszet"],"email":"info@szemsebeszet.eu","telephone":"+36 70 776 6305"}]}},"_links":{"self":[{"href":"https:\/\/szemsebeszet.eu\/en\/wp-json\/wp\/v2\/pages\/1777","targetHints":{"allow":["GET"]}}],"collection":[{"href":"https:\/\/szemsebeszet.eu\/en\/wp-json\/wp\/v2\/pages"}],"about":[{"href":"https:\/\/szemsebeszet.eu\/en\/wp-json\/wp\/v2\/types\/page"}],"author":[{"embeddable":true,"href":"https:\/\/szemsebeszet.eu\/en\/wp-json\/wp\/v2\/users\/1"}],"replies":[{"embeddable":true,"href":"https:\/\/szemsebeszet.eu\/en\/wp-json\/wp\/v2\/comments?post=1777"}],"version-history":[{"count":0,"href":"https:\/\/szemsebeszet.eu\/en\/wp-json\/wp\/v2\/pages\/1777\/revisions"}],"wp:attachment":[{"href":"https:\/\/szemsebeszet.eu\/en\/wp-json\/wp\/v2\/media?parent=1777"}],"curies":[{"name":"wp","href":"https:\/\/api.w.org\/{rel}","templated":true}]}}