{"id":1721,"date":"2022-09-14T12:17:24","date_gmt":"2022-09-14T12:17:24","guid":{"rendered":"https:\/\/szemsebeszet.eu\/inflammations\/"},"modified":"2023-02-24T12:52:47","modified_gmt":"2023-02-24T12:52:47","slug":"inflammations","status":"publish","type":"page","link":"https:\/\/szemsebeszet.eu\/en\/inflammations\/","title":{"rendered":"Inflammations"},"content":{"rendered":"\t\t<div data-elementor-type=\"wp-page\" data-elementor-id=\"1721\" class=\"elementor elementor-1721 elementor-397\" data-elementor-post-type=\"page\">\n\t\t\t\t\t\t\t\t\t<section class=\"elementor-section elementor-top-section elementor-element elementor-element-e5d9c29 elementor-section-boxed elementor-section-height-default elementor-section-height-default\" data-id=\"e5d9c29\" data-element_type=\"section\">\n\t\t\t\t\t\t<div class=\"elementor-container elementor-column-gap-default\">\n\t\t\t\t\t<div class=\"elementor-column elementor-col-100 elementor-top-column elementor-element elementor-element-bae6a19\" data-id=\"bae6a19\" data-element_type=\"column\">\n\t\t\t<div class=\"elementor-widget-wrap elementor-element-populated\">\n\t\t\t\t\t\t\t\t<div class=\"elementor-element elementor-element-1e5923b elementor-widget elementor-widget-heading\" data-id=\"1e5923b\" data-element_type=\"widget\" data-widget_type=\"heading.default\">\n\t\t\t\t<div class=\"elementor-widget-container\">\n\t\t\t<style>\/*! elementor - v3.17.0 - 25-10-2023 *\/\n.elementor-heading-title{padding:0;margin:0;line-height:1}.elementor-widget-heading .elementor-heading-title[class*=elementor-size-]>a{color:inherit;font-size:inherit;line-height:inherit}.elementor-widget-heading .elementor-heading-title.elementor-size-small{font-size:15px}.elementor-widget-heading .elementor-heading-title.elementor-size-medium{font-size:19px}.elementor-widget-heading .elementor-heading-title.elementor-size-large{font-size:29px}.elementor-widget-heading .elementor-heading-title.elementor-size-xl{font-size:39px}.elementor-widget-heading .elementor-heading-title.elementor-size-xxl{font-size:59px}<\/style><h2 class=\"elementor-heading-title elementor-size-default\">Inflammations<\/h2>\t\t<\/div>\n\t\t\t\t<\/div>\n\t\t\t\t\t<\/div>\n\t\t<\/div>\n\t\t\t\t\t\t\t<\/div>\n\t\t<\/section>\n\t\t\t\t<section class=\"elementor-section elementor-top-section elementor-element elementor-element-39aae72 elementor-section-boxed elementor-section-height-default elementor-section-height-default\" data-id=\"39aae72\" data-element_type=\"section\">\n\t\t\t\t\t\t<div class=\"elementor-container elementor-column-gap-default\">\n\t\t\t\t\t<div class=\"elementor-column elementor-col-50 elementor-top-column elementor-element elementor-element-f61ec38\" data-id=\"f61ec38\" data-element_type=\"column\">\n\t\t\t<div class=\"elementor-widget-wrap elementor-element-populated\">\n\t\t\t\t\t\t\t\t<div class=\"elementor-element elementor-element-15eed8f elementor-widget elementor-widget-image\" data-id=\"15eed8f\" data-element_type=\"widget\" data-widget_type=\"image.default\">\n\t\t\t\t<div class=\"elementor-widget-container\">\n\t\t\t<style>\/*! elementor - v3.17.0 - 25-10-2023 *\/\n.elementor-widget-image{text-align:center}.elementor-widget-image a{display:inline-block}.elementor-widget-image a img[src$=\".svg\"]{width:48px}.elementor-widget-image img{vertical-align:middle;display:inline-block}<\/style>\t\t\t\t\t\t\t\t\t\t\t\t<img loading=\"lazy\" decoding=\"async\" width=\"380\" height=\"347\" data-src=\"https:\/\/szemsebeszet.eu\/wp-content\/uploads\/2022\/09\/Gyulladasok.png.webp\" class=\"attachment-large size-large wp-image-347 lazyload\" alt=\"\" data-srcset=\"https:\/\/szemsebeszet.eu\/wp-content\/uploads\/2022\/09\/Gyulladasok.png.webp 380w, https:\/\/szemsebeszet.eu\/wp-content\/uploads\/2022\/09\/Gyulladasok.png-300x274.webp 300w\" data-sizes=\"auto, (max-width: 380px) 100vw, 380px\" src=\"data:image\/gif;base64,R0lGODlhAQABAAAAACH5BAEKAAEALAAAAAABAAEAAAICTAEAOw==\" style=\"--smush-placeholder-width: 380px; --smush-placeholder-aspect-ratio: 380\/347;\" \/><noscript><img loading=\"lazy\" decoding=\"async\" width=\"380\" height=\"347\" src=\"https:\/\/szemsebeszet.eu\/wp-content\/uploads\/2022\/09\/Gyulladasok.png.webp\" class=\"attachment-large size-large wp-image-347\" alt=\"\" srcset=\"https:\/\/szemsebeszet.eu\/wp-content\/uploads\/2022\/09\/Gyulladasok.png.webp 380w, https:\/\/szemsebeszet.eu\/wp-content\/uploads\/2022\/09\/Gyulladasok.png-300x274.webp 300w\" sizes=\"auto, (max-width: 380px) 100vw, 380px\" \/><\/noscript>\t\t\t\t\t\t\t\t\t\t\t\t\t\t\t<\/div>\n\t\t\t\t<\/div>\n\t\t\t\t\t<\/div>\n\t\t<\/div>\n\t\t\t\t<div class=\"elementor-column elementor-col-50 elementor-top-column elementor-element elementor-element-2282ad5\" data-id=\"2282ad5\" data-element_type=\"column\">\n\t\t\t<div class=\"elementor-widget-wrap elementor-element-populated\">\n\t\t\t\t\t\t\t\t<div class=\"elementor-element elementor-element-7f6206b elementor-widget elementor-widget-text-editor\" data-id=\"7f6206b\" data-element_type=\"widget\" data-widget_type=\"text-editor.default\">\n\t\t\t\t<div class=\"elementor-widget-container\">\n\t\t\t<style>\/*! elementor - v3.17.0 - 25-10-2023 *\/\n.elementor-widget-text-editor.elementor-drop-cap-view-stacked .elementor-drop-cap{background-color:#69727d;color:#fff}.elementor-widget-text-editor.elementor-drop-cap-view-framed .elementor-drop-cap{color:#69727d;border:3px solid;background-color:transparent}.elementor-widget-text-editor:not(.elementor-drop-cap-view-default) .elementor-drop-cap{margin-top:8px}.elementor-widget-text-editor:not(.elementor-drop-cap-view-default) .elementor-drop-cap-letter{width:1em;height:1em}.elementor-widget-text-editor .elementor-drop-cap{float:left;text-align:center;line-height:1;font-size:50px}.elementor-widget-text-editor .elementor-drop-cap-letter{display:inline-block}<\/style>\t\t\t\t<p class=\"font_8\">Ocular inflammation is a group of eye diseases that are most often associated with redness, sensitivity to light, increased tearing, discharge, sensitivity to pressure and pain. An ophthalmological examination is recommended in all cases. The most common ophthalmic inflammations:  <br \/>Conjunctivitis: inflammation of the conjunctiva covering the surface of the eye, which can be caused by bacteria, viruses, or allergies.<br \/>Chalazion: bacterial inflammation of the glands of the eyelid, which is associated with eyelid swelling and pain.<br \/>Keratitis: most often caused by viruses, bacteria, or injury, it is usually associated with deterioration of vision and severe pain without treatment.<br \/>Eyelid inflammation: caused by inflammation of the sebaceous glands of the eyelid, often bacterial, usually part of a chronic condition.<\/p>\n\t\t\t\t\t\t<\/div>\n\t\t\t\t<\/div>\n\t\t\t\t\t<\/div>\n\t\t<\/div>\n\t\t\t\t\t\t\t<\/div>\n\t\t<\/section>\n\t\t\t\t\t\t\t<\/div>\n\t\t","protected":false},"excerpt":{"rendered":"<p>Inflammations Ocular inflammation is a group of eye diseases that are most often associated with redness, sensitivity to light, increased tearing, discharge, sensitivity to pressure and pain. An ophthalmological examination is recommended in all cases. The most common ophthalmic inflammations: Conjunctivitis: inflammation of the conjunctiva covering the surface of the eye, which can be caused &#8230; <a title=\"Inflammations\" class=\"read-more\" href=\"https:\/\/szemsebeszet.eu\/en\/inflammations\/\" aria-label=\"More on Inflammations\">Read more<\/a><\/p>\n","protected":false},"author":1,"featured_media":0,"parent":0,"menu_order":0,"comment_status":"closed","ping_status":"closed","template":"elementor_header_footer","meta":{"footnotes":""},"class_list":["post-1721","page","type-page","status-publish"],"yoast_head":"<!-- This site is optimized with the Yoast SEO Premium plugin v24.2 (Yoast SEO v24.2) - https:\/\/yoast.com\/wordpress\/plugins\/seo\/ -->\n<title>Inflammations - PALLAS Szem\u00e9szet<\/title>\n<meta name=\"robots\" content=\"index, follow, max-snippet:-1, max-image-preview:large, max-video-preview:-1\" \/>\n<link rel=\"canonical\" href=\"https:\/\/szemsebeszet.eu\/gyulladasok\/\" \/>\n<meta property=\"og:locale\" content=\"en_US\" \/>\n<meta property=\"og:type\" content=\"article\" \/>\n<meta property=\"og:title\" content=\"Inflammations\" \/>\n<meta property=\"og:description\" content=\"Inflammations Ocular inflammation is a group of eye diseases that are most often associated with redness, sensitivity to light, increased tearing, discharge, sensitivity to pressure and pain. An ophthalmological examination is recommended in all cases. The most common ophthalmic inflammations: Conjunctivitis: inflammation of the conjunctiva covering the surface of the eye, which can be caused ... Read more\" \/>\n<meta property=\"og:url\" content=\"https:\/\/szemsebeszet.eu\/gyulladasok\/\" \/>\n<meta property=\"og:site_name\" content=\"PALLAS Szem\u00e9szet\" \/>\n<meta property=\"article:publisher\" content=\"https:\/\/www.facebook.com\/pallas.szemeszet\" \/>\n<meta property=\"article:modified_time\" content=\"2023-02-24T12:52:47+00:00\" \/>\n<meta property=\"og:image\" content=\"https:\/\/szemsebeszet.eu\/wp-content\/uploads\/2022\/09\/Gyulladasok.png.webp\" \/>\n<meta name=\"twitter:card\" content=\"summary_large_image\" \/>\n<meta name=\"twitter:label1\" content=\"Est. reading time\" \/>\n\t<meta name=\"twitter:data1\" content=\"1 minute\" \/>\n<script type=\"application\/ld+json\" class=\"yoast-schema-graph\">{\"@context\":\"https:\/\/schema.org\",\"@graph\":[{\"@type\":\"WebPage\",\"@id\":\"https:\/\/szemsebeszet.eu\/gyulladasok\/\",\"url\":\"https:\/\/szemsebeszet.eu\/gyulladasok\/\",\"name\":\"Inflammations - PALLAS Szem\u00e9szet\",\"isPartOf\":{\"@id\":\"https:\/\/szemsebeszet.eu\/#website\"},\"primaryImageOfPage\":{\"@id\":\"https:\/\/szemsebeszet.eu\/gyulladasok\/#primaryimage\"},\"image\":{\"@id\":\"https:\/\/szemsebeszet.eu\/gyulladasok\/#primaryimage\"},\"thumbnailUrl\":\"https:\/\/szemsebeszet.eu\/wp-content\/uploads\/2022\/09\/Gyulladasok.png.webp\",\"datePublished\":\"2022-09-14T12:17:24+00:00\",\"dateModified\":\"2023-02-24T12:52:47+00:00\",\"breadcrumb\":{\"@id\":\"https:\/\/szemsebeszet.eu\/gyulladasok\/#breadcrumb\"},\"inLanguage\":\"en-US\",\"potentialAction\":[{\"@type\":\"ReadAction\",\"target\":[\"https:\/\/szemsebeszet.eu\/gyulladasok\/\"]}]},{\"@type\":\"ImageObject\",\"inLanguage\":\"en-US\",\"@id\":\"https:\/\/szemsebeszet.eu\/gyulladasok\/#primaryimage\",\"url\":\"https:\/\/szemsebeszet.eu\/wp-content\/uploads\/2022\/09\/Gyulladasok.png.webp\",\"contentUrl\":\"https:\/\/szemsebeszet.eu\/wp-content\/uploads\/2022\/09\/Gyulladasok.png.webp\"},{\"@type\":\"BreadcrumbList\",\"@id\":\"https:\/\/szemsebeszet.eu\/gyulladasok\/#breadcrumb\",\"itemListElement\":[{\"@type\":\"ListItem\",\"position\":1,\"name\":\"Kezd\u0151lap\",\"item\":\"https:\/\/szemsebeszet.eu\/\"},{\"@type\":\"ListItem\",\"position\":2,\"name\":\"Inflammations\"}]},{\"@type\":\"WebSite\",\"@id\":\"https:\/\/szemsebeszet.eu\/#website\",\"url\":\"https:\/\/szemsebeszet.eu\/\",\"name\":\"Pallas Health Szemseb\u00e9szet\",\"description\":\"Szem\u00e9szeti mag\u00e1nrendel\u00e9s\",\"publisher\":{\"@id\":\"https:\/\/szemsebeszet.eu\/#organization\"},\"alternateName\":\"szemsebeszet.eu\",\"potentialAction\":[{\"@type\":\"SearchAction\",\"target\":{\"@type\":\"EntryPoint\",\"urlTemplate\":\"https:\/\/szemsebeszet.eu\/?s={search_term_string}\"},\"query-input\":{\"@type\":\"PropertyValueSpecification\",\"valueRequired\":true,\"valueName\":\"search_term_string\"}}],\"inLanguage\":\"en-US\"},{\"@type\":\"Organization\",\"@id\":\"https:\/\/szemsebeszet.eu\/#organization\",\"name\":\"PALLAS Szem\u00e9szet\",\"url\":\"https:\/\/szemsebeszet.eu\/\",\"logo\":{\"@type\":\"ImageObject\",\"inLanguage\":\"en-US\",\"@id\":\"https:\/\/szemsebeszet.eu\/#\/schema\/logo\/image\/\",\"url\":\"https:\/\/szemsebeszet.eu\/wp-content\/uploads\/2023\/12\/nevtelen-terv-2_optimized.png\",\"contentUrl\":\"https:\/\/szemsebeszet.eu\/wp-content\/uploads\/2023\/12\/nevtelen-terv-2_optimized.png\",\"width\":800,\"height\":800,\"caption\":\"PALLAS Szem\u00e9szet\"},\"image\":{\"@id\":\"https:\/\/szemsebeszet.eu\/#\/schema\/logo\/image\/\"},\"sameAs\":[\"https:\/\/www.facebook.com\/pallas.szemeszet\"],\"email\":\"info@szemsebeszet.eu\",\"telephone\":\"+36 70 776 6305\"}]}<\/script>\n<!-- \/ Yoast SEO Premium plugin. -->","yoast_head_json":{"title":"Inflammations - PALLAS Szem\u00e9szet","robots":{"index":"index","follow":"follow","max-snippet":"max-snippet:-1","max-image-preview":"max-image-preview:large","max-video-preview":"max-video-preview:-1"},"canonical":"https:\/\/szemsebeszet.eu\/gyulladasok\/","og_locale":"en_US","og_type":"article","og_title":"Inflammations","og_description":"Inflammations Ocular inflammation is a group of eye diseases that are most often associated with redness, sensitivity to light, increased tearing, discharge, sensitivity to pressure and pain. An ophthalmological examination is recommended in all cases. The most common ophthalmic inflammations: Conjunctivitis: inflammation of the conjunctiva covering the surface of the eye, which can be caused ... Read more","og_url":"https:\/\/szemsebeszet.eu\/gyulladasok\/","og_site_name":"PALLAS Szem\u00e9szet","article_publisher":"https:\/\/www.facebook.com\/pallas.szemeszet","article_modified_time":"2023-02-24T12:52:47+00:00","og_image":[{"url":"https:\/\/szemsebeszet.eu\/wp-content\/uploads\/2022\/09\/Gyulladasok.png.webp","type":"","width":"","height":""}],"twitter_card":"summary_large_image","twitter_misc":{"Est. reading time":"1 minute"},"schema":{"@context":"https:\/\/schema.org","@graph":[{"@type":"WebPage","@id":"https:\/\/szemsebeszet.eu\/gyulladasok\/","url":"https:\/\/szemsebeszet.eu\/gyulladasok\/","name":"Inflammations - PALLAS Szem\u00e9szet","isPartOf":{"@id":"https:\/\/szemsebeszet.eu\/#website"},"primaryImageOfPage":{"@id":"https:\/\/szemsebeszet.eu\/gyulladasok\/#primaryimage"},"image":{"@id":"https:\/\/szemsebeszet.eu\/gyulladasok\/#primaryimage"},"thumbnailUrl":"https:\/\/szemsebeszet.eu\/wp-content\/uploads\/2022\/09\/Gyulladasok.png.webp","datePublished":"2022-09-14T12:17:24+00:00","dateModified":"2023-02-24T12:52:47+00:00","breadcrumb":{"@id":"https:\/\/szemsebeszet.eu\/gyulladasok\/#breadcrumb"},"inLanguage":"en-US","potentialAction":[{"@type":"ReadAction","target":["https:\/\/szemsebeszet.eu\/gyulladasok\/"]}]},{"@type":"ImageObject","inLanguage":"en-US","@id":"https:\/\/szemsebeszet.eu\/gyulladasok\/#primaryimage","url":"https:\/\/szemsebeszet.eu\/wp-content\/uploads\/2022\/09\/Gyulladasok.png.webp","contentUrl":"https:\/\/szemsebeszet.eu\/wp-content\/uploads\/2022\/09\/Gyulladasok.png.webp"},{"@type":"BreadcrumbList","@id":"https:\/\/szemsebeszet.eu\/gyulladasok\/#breadcrumb","itemListElement":[{"@type":"ListItem","position":1,"name":"Kezd\u0151lap","item":"https:\/\/szemsebeszet.eu\/"},{"@type":"ListItem","position":2,"name":"Inflammations"}]},{"@type":"WebSite","@id":"https:\/\/szemsebeszet.eu\/#website","url":"https:\/\/szemsebeszet.eu\/","name":"Pallas Health Szemseb\u00e9szet","description":"Szem\u00e9szeti mag\u00e1nrendel\u00e9s","publisher":{"@id":"https:\/\/szemsebeszet.eu\/#organization"},"alternateName":"szemsebeszet.eu","potentialAction":[{"@type":"SearchAction","target":{"@type":"EntryPoint","urlTemplate":"https:\/\/szemsebeszet.eu\/?s={search_term_string}"},"query-input":{"@type":"PropertyValueSpecification","valueRequired":true,"valueName":"search_term_string"}}],"inLanguage":"en-US"},{"@type":"Organization","@id":"https:\/\/szemsebeszet.eu\/#organization","name":"PALLAS Szem\u00e9szet","url":"https:\/\/szemsebeszet.eu\/","logo":{"@type":"ImageObject","inLanguage":"en-US","@id":"https:\/\/szemsebeszet.eu\/#\/schema\/logo\/image\/","url":"https:\/\/szemsebeszet.eu\/wp-content\/uploads\/2023\/12\/nevtelen-terv-2_optimized.png","contentUrl":"https:\/\/szemsebeszet.eu\/wp-content\/uploads\/2023\/12\/nevtelen-terv-2_optimized.png","width":800,"height":800,"caption":"PALLAS Szem\u00e9szet"},"image":{"@id":"https:\/\/szemsebeszet.eu\/#\/schema\/logo\/image\/"},"sameAs":["https:\/\/www.facebook.com\/pallas.szemeszet"],"email":"info@szemsebeszet.eu","telephone":"+36 70 776 6305"}]}},"_links":{"self":[{"href":"https:\/\/szemsebeszet.eu\/en\/wp-json\/wp\/v2\/pages\/1721","targetHints":{"allow":["GET"]}}],"collection":[{"href":"https:\/\/szemsebeszet.eu\/en\/wp-json\/wp\/v2\/pages"}],"about":[{"href":"https:\/\/szemsebeszet.eu\/en\/wp-json\/wp\/v2\/types\/page"}],"author":[{"embeddable":true,"href":"https:\/\/szemsebeszet.eu\/en\/wp-json\/wp\/v2\/users\/1"}],"replies":[{"embeddable":true,"href":"https:\/\/szemsebeszet.eu\/en\/wp-json\/wp\/v2\/comments?post=1721"}],"version-history":[{"count":0,"href":"https:\/\/szemsebeszet.eu\/en\/wp-json\/wp\/v2\/pages\/1721\/revisions"}],"wp:attachment":[{"href":"https:\/\/szemsebeszet.eu\/en\/wp-json\/wp\/v2\/media?parent=1721"}],"curies":[{"name":"wp","href":"https:\/\/api.w.org\/{rel}","templated":true}]}}