{"id":1719,"date":"2022-09-14T12:14:58","date_gmt":"2022-09-14T12:14:58","guid":{"rendered":"https:\/\/szemsebeszet.eu\/glaucoma\/"},"modified":"2023-02-24T12:50:19","modified_gmt":"2023-02-24T12:50:19","slug":"glaucoma","status":"publish","type":"page","link":"https:\/\/szemsebeszet.eu\/en\/glaucoma\/","title":{"rendered":"Glaucoma"},"content":{"rendered":"\t\t<div data-elementor-type=\"wp-page\" data-elementor-id=\"1719\" class=\"elementor elementor-1719 elementor-391\" data-elementor-post-type=\"page\">\n\t\t\t\t\t\t\t\t\t<section class=\"elementor-section elementor-top-section elementor-element elementor-element-4a8f91d elementor-section-boxed elementor-section-height-default elementor-section-height-default\" data-id=\"4a8f91d\" data-element_type=\"section\">\n\t\t\t\t\t\t<div class=\"elementor-container elementor-column-gap-default\">\n\t\t\t\t\t<div class=\"elementor-column elementor-col-100 elementor-top-column elementor-element elementor-element-1330d8e\" data-id=\"1330d8e\" data-element_type=\"column\">\n\t\t\t<div class=\"elementor-widget-wrap elementor-element-populated\">\n\t\t\t\t\t\t\t\t<div class=\"elementor-element elementor-element-79c8f13 elementor-widget elementor-widget-heading\" data-id=\"79c8f13\" data-element_type=\"widget\" data-widget_type=\"heading.default\">\n\t\t\t\t<div class=\"elementor-widget-container\">\n\t\t\t<style>\/*! elementor - v3.17.0 - 25-10-2023 *\/\n.elementor-heading-title{padding:0;margin:0;line-height:1}.elementor-widget-heading .elementor-heading-title[class*=elementor-size-]>a{color:inherit;font-size:inherit;line-height:inherit}.elementor-widget-heading .elementor-heading-title.elementor-size-small{font-size:15px}.elementor-widget-heading .elementor-heading-title.elementor-size-medium{font-size:19px}.elementor-widget-heading .elementor-heading-title.elementor-size-large{font-size:29px}.elementor-widget-heading .elementor-heading-title.elementor-size-xl{font-size:39px}.elementor-widget-heading .elementor-heading-title.elementor-size-xxl{font-size:59px}<\/style><h2 class=\"elementor-heading-title elementor-size-default\">Glaucoma<\/h2>\t\t<\/div>\n\t\t\t\t<\/div>\n\t\t\t\t\t<\/div>\n\t\t<\/div>\n\t\t\t\t\t\t\t<\/div>\n\t\t<\/section>\n\t\t\t\t<section class=\"elementor-section elementor-top-section elementor-element elementor-element-e58ff72 elementor-section-boxed elementor-section-height-default elementor-section-height-default\" data-id=\"e58ff72\" data-element_type=\"section\">\n\t\t\t\t\t\t<div class=\"elementor-container elementor-column-gap-default\">\n\t\t\t\t\t<div class=\"elementor-column elementor-col-50 elementor-top-column elementor-element elementor-element-bf727a8\" data-id=\"bf727a8\" data-element_type=\"column\">\n\t\t\t<div class=\"elementor-widget-wrap elementor-element-populated\">\n\t\t\t\t\t\t\t\t<div class=\"elementor-element elementor-element-2b15c55 elementor-widget elementor-widget-image\" data-id=\"2b15c55\" data-element_type=\"widget\" data-widget_type=\"image.default\">\n\t\t\t\t<div class=\"elementor-widget-container\">\n\t\t\t<style>\/*! elementor - v3.17.0 - 25-10-2023 *\/\n.elementor-widget-image{text-align:center}.elementor-widget-image a{display:inline-block}.elementor-widget-image a img[src$=\".svg\"]{width:48px}.elementor-widget-image img{vertical-align:middle;display:inline-block}<\/style>\t\t\t\t\t\t\t\t\t\t\t\t<img loading=\"lazy\" decoding=\"async\" width=\"490\" height=\"688\" data-src=\"https:\/\/szemsebeszet.eu\/wp-content\/uploads\/2022\/09\/017482_dbbb96a681e948cb8d1bea58ae8e1affmv2.png.webp\" class=\"attachment-large size-large wp-image-393 lazyload\" alt=\"Id\u0151skori sz\u00fcrkeh\u00e1lyog m\u0171t\u00e9t: A l\u00e1t\u00e1s visszat\u00e9r\u00e9se, \u00e9let\u00fat \u00faj felfedez\u00e9se.\" data-srcset=\"https:\/\/szemsebeszet.eu\/wp-content\/uploads\/2022\/09\/017482_dbbb96a681e948cb8d1bea58ae8e1affmv2.png.webp 490w, https:\/\/szemsebeszet.eu\/wp-content\/uploads\/2022\/09\/017482_dbbb96a681e948cb8d1bea58ae8e1affmv2.png-214x300.webp 214w\" data-sizes=\"auto, (max-width: 490px) 100vw, 490px\" src=\"data:image\/gif;base64,R0lGODlhAQABAAAAACH5BAEKAAEALAAAAAABAAEAAAICTAEAOw==\" style=\"--smush-placeholder-width: 490px; --smush-placeholder-aspect-ratio: 490\/688;\" \/><noscript><img loading=\"lazy\" decoding=\"async\" width=\"490\" height=\"688\" src=\"https:\/\/szemsebeszet.eu\/wp-content\/uploads\/2022\/09\/017482_dbbb96a681e948cb8d1bea58ae8e1affmv2.png.webp\" class=\"attachment-large size-large wp-image-393\" alt=\"Id\u0151skori sz\u00fcrkeh\u00e1lyog m\u0171t\u00e9t: A l\u00e1t\u00e1s visszat\u00e9r\u00e9se, \u00e9let\u00fat \u00faj felfedez\u00e9se.\" srcset=\"https:\/\/szemsebeszet.eu\/wp-content\/uploads\/2022\/09\/017482_dbbb96a681e948cb8d1bea58ae8e1affmv2.png.webp 490w, https:\/\/szemsebeszet.eu\/wp-content\/uploads\/2022\/09\/017482_dbbb96a681e948cb8d1bea58ae8e1affmv2.png-214x300.webp 214w\" sizes=\"auto, (max-width: 490px) 100vw, 490px\" \/><\/noscript>\t\t\t\t\t\t\t\t\t\t\t\t\t\t\t<\/div>\n\t\t\t\t<\/div>\n\t\t\t\t\t<\/div>\n\t\t<\/div>\n\t\t\t\t<div class=\"elementor-column elementor-col-50 elementor-top-column elementor-element elementor-element-ec1731e\" data-id=\"ec1731e\" data-element_type=\"column\">\n\t\t\t<div class=\"elementor-widget-wrap elementor-element-populated\">\n\t\t\t\t\t\t\t\t<div class=\"elementor-element elementor-element-73ebb10 elementor-widget elementor-widget-text-editor\" data-id=\"73ebb10\" data-element_type=\"widget\" data-widget_type=\"text-editor.default\">\n\t\t\t\t<div class=\"elementor-widget-container\">\n\t\t\t<style>\/*! elementor - v3.17.0 - 25-10-2023 *\/\n.elementor-widget-text-editor.elementor-drop-cap-view-stacked .elementor-drop-cap{background-color:#69727d;color:#fff}.elementor-widget-text-editor.elementor-drop-cap-view-framed .elementor-drop-cap{color:#69727d;border:3px solid;background-color:transparent}.elementor-widget-text-editor:not(.elementor-drop-cap-view-default) .elementor-drop-cap{margin-top:8px}.elementor-widget-text-editor:not(.elementor-drop-cap-view-default) .elementor-drop-cap-letter{width:1em;height:1em}.elementor-widget-text-editor .elementor-drop-cap{float:left;text-align:center;line-height:1;font-size:50px}.elementor-widget-text-editor .elementor-drop-cap-letter{display:inline-block}<\/style>\t\t\t\t<p class=\"font_8\">The main characteristic of the glaucoma disease is the gradual damage and destruction of the optic nerve fibers, which is mostly caused by a disturbed balance between increased intraocular pressure and the production and outflow of aqueous humor. Its most common form, primary open-angle glaucoma, can affect up to 2% of the population, causes no complaints, and the individual does not even notice the gradual deterioration of vision. Since the damage that has already developed is irreversible, regular screening, timely diagnosis and targeted therapy are very important, so that further damage and the progression of the disease can be prevented. In the case of the painful form of the disease, the glaucomatous attack, the leading symptoms are blurred vision, eye redness, seeing rainbow rings around light sources and severe pain around the eyes.   <br \/>Glaucoma can develop as an accompanying phenomenon of other ophthalmic diseases (secondary glaucoma), or it can be an inborn change as a result of a developmental disorder (congenital).<br \/>Predisposing factors in adulthood are family accumulation, fluctuating intraocular pressure, vasoconstriction, high blood pressure, diabetes, smoking and alcohol consumption.<br \/>During the glaucoma examination, a slit-lamp and fundus examination, intraocular pressure measurement (several times a day), visual acuity, visual field tests and OCT are performed. The treatment basically consists of the use of eye drops and rarely surgery or laser treatment which can be performed on an outpatient basis. <\/p>\n\t\t\t\t\t\t<\/div>\n\t\t\t\t<\/div>\n\t\t\t\t\t<\/div>\n\t\t<\/div>\n\t\t\t\t\t\t\t<\/div>\n\t\t<\/section>\n\t\t\t\t\t\t\t<\/div>\n\t\t","protected":false},"excerpt":{"rendered":"<p>Glaucoma The main characteristic of the glaucoma disease is the gradual damage and destruction of the optic nerve fibers, which is mostly caused by a disturbed balance between increased intraocular pressure and the production and outflow of aqueous humor. Its most common form, primary open-angle glaucoma, can affect up to 2% of the population, causes &#8230; <a title=\"Glaucoma\" class=\"read-more\" href=\"https:\/\/szemsebeszet.eu\/en\/glaucoma\/\" aria-label=\"More on Glaucoma\">Read more<\/a><\/p>\n","protected":false},"author":1,"featured_media":0,"parent":0,"menu_order":0,"comment_status":"closed","ping_status":"closed","template":"elementor_header_footer","meta":{"footnotes":""},"class_list":["post-1719","page","type-page","status-publish"],"yoast_head":"<!-- This site is optimized with the Yoast SEO Premium plugin v24.2 (Yoast SEO v24.2) - https:\/\/yoast.com\/wordpress\/plugins\/seo\/ -->\n<title>Glaucoma - PALLAS Szem\u00e9szet<\/title>\n<meta name=\"robots\" content=\"index, follow, max-snippet:-1, max-image-preview:large, max-video-preview:-1\" \/>\n<link rel=\"canonical\" href=\"https:\/\/szemsebeszet.eu\/zoldhalyog\/\" \/>\n<meta property=\"og:locale\" content=\"en_US\" \/>\n<meta property=\"og:type\" content=\"article\" \/>\n<meta property=\"og:title\" content=\"Glaucoma\" \/>\n<meta property=\"og:description\" content=\"Glaucoma The main characteristic of the glaucoma disease is the gradual damage and destruction of the optic nerve fibers, which is mostly caused by a disturbed balance between increased intraocular pressure and the production and outflow of aqueous humor. Its most common form, primary open-angle glaucoma, can affect up to 2% of the population, causes ... Read more\" \/>\n<meta property=\"og:url\" content=\"https:\/\/szemsebeszet.eu\/zoldhalyog\/\" \/>\n<meta property=\"og:site_name\" content=\"PALLAS Szem\u00e9szet\" \/>\n<meta property=\"article:publisher\" content=\"https:\/\/www.facebook.com\/pallas.szemeszet\" \/>\n<meta property=\"article:modified_time\" content=\"2023-02-24T12:50:19+00:00\" \/>\n<meta property=\"og:image\" content=\"https:\/\/szemsebeszet.eu\/wp-content\/uploads\/2022\/09\/017482_dbbb96a681e948cb8d1bea58ae8e1affmv2.png.webp\" \/>\n<meta name=\"twitter:card\" content=\"summary_large_image\" \/>\n<meta name=\"twitter:label1\" content=\"Est. reading time\" \/>\n\t<meta name=\"twitter:data1\" content=\"1 minute\" \/>\n<script type=\"application\/ld+json\" class=\"yoast-schema-graph\">{\"@context\":\"https:\/\/schema.org\",\"@graph\":[{\"@type\":\"WebPage\",\"@id\":\"https:\/\/szemsebeszet.eu\/zoldhalyog\/\",\"url\":\"https:\/\/szemsebeszet.eu\/zoldhalyog\/\",\"name\":\"Glaucoma - PALLAS Szem\u00e9szet\",\"isPartOf\":{\"@id\":\"https:\/\/szemsebeszet.eu\/#website\"},\"primaryImageOfPage\":{\"@id\":\"https:\/\/szemsebeszet.eu\/zoldhalyog\/#primaryimage\"},\"image\":{\"@id\":\"https:\/\/szemsebeszet.eu\/zoldhalyog\/#primaryimage\"},\"thumbnailUrl\":\"https:\/\/szemsebeszet.eu\/wp-content\/uploads\/2022\/09\/017482_dbbb96a681e948cb8d1bea58ae8e1affmv2.png.webp\",\"datePublished\":\"2022-09-14T12:14:58+00:00\",\"dateModified\":\"2023-02-24T12:50:19+00:00\",\"breadcrumb\":{\"@id\":\"https:\/\/szemsebeszet.eu\/zoldhalyog\/#breadcrumb\"},\"inLanguage\":\"en-US\",\"potentialAction\":[{\"@type\":\"ReadAction\",\"target\":[\"https:\/\/szemsebeszet.eu\/zoldhalyog\/\"]}]},{\"@type\":\"ImageObject\",\"inLanguage\":\"en-US\",\"@id\":\"https:\/\/szemsebeszet.eu\/zoldhalyog\/#primaryimage\",\"url\":\"https:\/\/szemsebeszet.eu\/wp-content\/uploads\/2022\/09\/017482_dbbb96a681e948cb8d1bea58ae8e1affmv2.png.webp\",\"contentUrl\":\"https:\/\/szemsebeszet.eu\/wp-content\/uploads\/2022\/09\/017482_dbbb96a681e948cb8d1bea58ae8e1affmv2.png.webp\"},{\"@type\":\"BreadcrumbList\",\"@id\":\"https:\/\/szemsebeszet.eu\/zoldhalyog\/#breadcrumb\",\"itemListElement\":[{\"@type\":\"ListItem\",\"position\":1,\"name\":\"Kezd\u0151lap\",\"item\":\"https:\/\/szemsebeszet.eu\/\"},{\"@type\":\"ListItem\",\"position\":2,\"name\":\"Glaucoma\"}]},{\"@type\":\"WebSite\",\"@id\":\"https:\/\/szemsebeszet.eu\/#website\",\"url\":\"https:\/\/szemsebeszet.eu\/\",\"name\":\"Pallas Health Szemseb\u00e9szet\",\"description\":\"Szem\u00e9szeti mag\u00e1nrendel\u00e9s\",\"publisher\":{\"@id\":\"https:\/\/szemsebeszet.eu\/#organization\"},\"alternateName\":\"szemsebeszet.eu\",\"potentialAction\":[{\"@type\":\"SearchAction\",\"target\":{\"@type\":\"EntryPoint\",\"urlTemplate\":\"https:\/\/szemsebeszet.eu\/?s={search_term_string}\"},\"query-input\":{\"@type\":\"PropertyValueSpecification\",\"valueRequired\":true,\"valueName\":\"search_term_string\"}}],\"inLanguage\":\"en-US\"},{\"@type\":\"Organization\",\"@id\":\"https:\/\/szemsebeszet.eu\/#organization\",\"name\":\"PALLAS Szem\u00e9szet\",\"url\":\"https:\/\/szemsebeszet.eu\/\",\"logo\":{\"@type\":\"ImageObject\",\"inLanguage\":\"en-US\",\"@id\":\"https:\/\/szemsebeszet.eu\/#\/schema\/logo\/image\/\",\"url\":\"https:\/\/szemsebeszet.eu\/wp-content\/uploads\/2023\/12\/nevtelen-terv-2_optimized.png\",\"contentUrl\":\"https:\/\/szemsebeszet.eu\/wp-content\/uploads\/2023\/12\/nevtelen-terv-2_optimized.png\",\"width\":800,\"height\":800,\"caption\":\"PALLAS Szem\u00e9szet\"},\"image\":{\"@id\":\"https:\/\/szemsebeszet.eu\/#\/schema\/logo\/image\/\"},\"sameAs\":[\"https:\/\/www.facebook.com\/pallas.szemeszet\"],\"email\":\"info@szemsebeszet.eu\",\"telephone\":\"+36 70 776 6305\"}]}<\/script>\n<!-- \/ Yoast SEO Premium plugin. -->","yoast_head_json":{"title":"Glaucoma - PALLAS Szem\u00e9szet","robots":{"index":"index","follow":"follow","max-snippet":"max-snippet:-1","max-image-preview":"max-image-preview:large","max-video-preview":"max-video-preview:-1"},"canonical":"https:\/\/szemsebeszet.eu\/zoldhalyog\/","og_locale":"en_US","og_type":"article","og_title":"Glaucoma","og_description":"Glaucoma The main characteristic of the glaucoma disease is the gradual damage and destruction of the optic nerve fibers, which is mostly caused by a disturbed balance between increased intraocular pressure and the production and outflow of aqueous humor. Its most common form, primary open-angle glaucoma, can affect up to 2% of the population, causes ... Read more","og_url":"https:\/\/szemsebeszet.eu\/zoldhalyog\/","og_site_name":"PALLAS Szem\u00e9szet","article_publisher":"https:\/\/www.facebook.com\/pallas.szemeszet","article_modified_time":"2023-02-24T12:50:19+00:00","og_image":[{"url":"https:\/\/szemsebeszet.eu\/wp-content\/uploads\/2022\/09\/017482_dbbb96a681e948cb8d1bea58ae8e1affmv2.png.webp","type":"","width":"","height":""}],"twitter_card":"summary_large_image","twitter_misc":{"Est. reading time":"1 minute"},"schema":{"@context":"https:\/\/schema.org","@graph":[{"@type":"WebPage","@id":"https:\/\/szemsebeszet.eu\/zoldhalyog\/","url":"https:\/\/szemsebeszet.eu\/zoldhalyog\/","name":"Glaucoma - PALLAS Szem\u00e9szet","isPartOf":{"@id":"https:\/\/szemsebeszet.eu\/#website"},"primaryImageOfPage":{"@id":"https:\/\/szemsebeszet.eu\/zoldhalyog\/#primaryimage"},"image":{"@id":"https:\/\/szemsebeszet.eu\/zoldhalyog\/#primaryimage"},"thumbnailUrl":"https:\/\/szemsebeszet.eu\/wp-content\/uploads\/2022\/09\/017482_dbbb96a681e948cb8d1bea58ae8e1affmv2.png.webp","datePublished":"2022-09-14T12:14:58+00:00","dateModified":"2023-02-24T12:50:19+00:00","breadcrumb":{"@id":"https:\/\/szemsebeszet.eu\/zoldhalyog\/#breadcrumb"},"inLanguage":"en-US","potentialAction":[{"@type":"ReadAction","target":["https:\/\/szemsebeszet.eu\/zoldhalyog\/"]}]},{"@type":"ImageObject","inLanguage":"en-US","@id":"https:\/\/szemsebeszet.eu\/zoldhalyog\/#primaryimage","url":"https:\/\/szemsebeszet.eu\/wp-content\/uploads\/2022\/09\/017482_dbbb96a681e948cb8d1bea58ae8e1affmv2.png.webp","contentUrl":"https:\/\/szemsebeszet.eu\/wp-content\/uploads\/2022\/09\/017482_dbbb96a681e948cb8d1bea58ae8e1affmv2.png.webp"},{"@type":"BreadcrumbList","@id":"https:\/\/szemsebeszet.eu\/zoldhalyog\/#breadcrumb","itemListElement":[{"@type":"ListItem","position":1,"name":"Kezd\u0151lap","item":"https:\/\/szemsebeszet.eu\/"},{"@type":"ListItem","position":2,"name":"Glaucoma"}]},{"@type":"WebSite","@id":"https:\/\/szemsebeszet.eu\/#website","url":"https:\/\/szemsebeszet.eu\/","name":"Pallas Health Szemseb\u00e9szet","description":"Szem\u00e9szeti mag\u00e1nrendel\u00e9s","publisher":{"@id":"https:\/\/szemsebeszet.eu\/#organization"},"alternateName":"szemsebeszet.eu","potentialAction":[{"@type":"SearchAction","target":{"@type":"EntryPoint","urlTemplate":"https:\/\/szemsebeszet.eu\/?s={search_term_string}"},"query-input":{"@type":"PropertyValueSpecification","valueRequired":true,"valueName":"search_term_string"}}],"inLanguage":"en-US"},{"@type":"Organization","@id":"https:\/\/szemsebeszet.eu\/#organization","name":"PALLAS Szem\u00e9szet","url":"https:\/\/szemsebeszet.eu\/","logo":{"@type":"ImageObject","inLanguage":"en-US","@id":"https:\/\/szemsebeszet.eu\/#\/schema\/logo\/image\/","url":"https:\/\/szemsebeszet.eu\/wp-content\/uploads\/2023\/12\/nevtelen-terv-2_optimized.png","contentUrl":"https:\/\/szemsebeszet.eu\/wp-content\/uploads\/2023\/12\/nevtelen-terv-2_optimized.png","width":800,"height":800,"caption":"PALLAS Szem\u00e9szet"},"image":{"@id":"https:\/\/szemsebeszet.eu\/#\/schema\/logo\/image\/"},"sameAs":["https:\/\/www.facebook.com\/pallas.szemeszet"],"email":"info@szemsebeszet.eu","telephone":"+36 70 776 6305"}]}},"_links":{"self":[{"href":"https:\/\/szemsebeszet.eu\/en\/wp-json\/wp\/v2\/pages\/1719","targetHints":{"allow":["GET"]}}],"collection":[{"href":"https:\/\/szemsebeszet.eu\/en\/wp-json\/wp\/v2\/pages"}],"about":[{"href":"https:\/\/szemsebeszet.eu\/en\/wp-json\/wp\/v2\/types\/page"}],"author":[{"embeddable":true,"href":"https:\/\/szemsebeszet.eu\/en\/wp-json\/wp\/v2\/users\/1"}],"replies":[{"embeddable":true,"href":"https:\/\/szemsebeszet.eu\/en\/wp-json\/wp\/v2\/comments?post=1719"}],"version-history":[{"count":0,"href":"https:\/\/szemsebeszet.eu\/en\/wp-json\/wp\/v2\/pages\/1719\/revisions"}],"wp:attachment":[{"href":"https:\/\/szemsebeszet.eu\/en\/wp-json\/wp\/v2\/media?parent=1719"}],"curies":[{"name":"wp","href":"https:\/\/api.w.org\/{rel}","templated":true}]}}