{"id":1713,"date":"2022-09-14T12:11:18","date_gmt":"2022-09-14T12:11:18","guid":{"rendered":"https:\/\/szemsebeszet.eu\/cataract\/"},"modified":"2023-02-24T12:47:36","modified_gmt":"2023-02-24T12:47:36","slug":"cataract","status":"publish","type":"page","link":"https:\/\/szemsebeszet.eu\/en\/cataract\/","title":{"rendered":"Cataract"},"content":{"rendered":"\t\t<div data-elementor-type=\"wp-page\" data-elementor-id=\"1713\" class=\"elementor elementor-1713 elementor-385\" data-elementor-post-type=\"page\">\n\t\t\t\t\t\t\t\t\t<section class=\"elementor-section elementor-top-section elementor-element elementor-element-5b4bf7c elementor-section-boxed elementor-section-height-default elementor-section-height-default\" data-id=\"5b4bf7c\" data-element_type=\"section\">\n\t\t\t\t\t\t<div class=\"elementor-container elementor-column-gap-default\">\n\t\t\t\t\t<div class=\"elementor-column elementor-col-100 elementor-top-column elementor-element elementor-element-0a2f965\" data-id=\"0a2f965\" data-element_type=\"column\">\n\t\t\t<div class=\"elementor-widget-wrap elementor-element-populated\">\n\t\t\t\t\t\t\t\t<div class=\"elementor-element elementor-element-9cf185b elementor-widget elementor-widget-heading\" data-id=\"9cf185b\" data-element_type=\"widget\" data-widget_type=\"heading.default\">\n\t\t\t\t<div class=\"elementor-widget-container\">\n\t\t\t<style>\/*! elementor - v3.17.0 - 25-10-2023 *\/\n.elementor-heading-title{padding:0;margin:0;line-height:1}.elementor-widget-heading .elementor-heading-title[class*=elementor-size-]>a{color:inherit;font-size:inherit;line-height:inherit}.elementor-widget-heading .elementor-heading-title.elementor-size-small{font-size:15px}.elementor-widget-heading .elementor-heading-title.elementor-size-medium{font-size:19px}.elementor-widget-heading .elementor-heading-title.elementor-size-large{font-size:29px}.elementor-widget-heading .elementor-heading-title.elementor-size-xl{font-size:39px}.elementor-widget-heading .elementor-heading-title.elementor-size-xxl{font-size:59px}<\/style><h2 class=\"elementor-heading-title elementor-size-default\">Cataract<\/h2>\t\t<\/div>\n\t\t\t\t<\/div>\n\t\t\t\t\t<\/div>\n\t\t<\/div>\n\t\t\t\t\t\t\t<\/div>\n\t\t<\/section>\n\t\t\t\t<section class=\"elementor-section elementor-top-section elementor-element elementor-element-5e0c8f5 elementor-section-boxed elementor-section-height-default elementor-section-height-default\" data-id=\"5e0c8f5\" data-element_type=\"section\">\n\t\t\t\t\t\t<div class=\"elementor-container elementor-column-gap-default\">\n\t\t\t\t\t<div class=\"elementor-column elementor-col-50 elementor-top-column elementor-element elementor-element-4c8e4ef\" data-id=\"4c8e4ef\" data-element_type=\"column\">\n\t\t\t<div class=\"elementor-widget-wrap elementor-element-populated\">\n\t\t\t\t\t\t\t\t<div class=\"elementor-element elementor-element-75244b3 elementor-widget elementor-widget-image\" data-id=\"75244b3\" data-element_type=\"widget\" data-widget_type=\"image.default\">\n\t\t\t\t<div class=\"elementor-widget-container\">\n\t\t\t<style>\/*! elementor - v3.17.0 - 25-10-2023 *\/\n.elementor-widget-image{text-align:center}.elementor-widget-image a{display:inline-block}.elementor-widget-image a img[src$=\".svg\"]{width:48px}.elementor-widget-image img{vertical-align:middle;display:inline-block}<\/style>\t\t\t\t\t\t\t\t\t\t\t\t<img loading=\"lazy\" decoding=\"async\" width=\"490\" height=\"579\" data-src=\"https:\/\/szemsebeszet.eu\/wp-content\/uploads\/2022\/09\/017482_9ccacd6736ea4c76806d8523a7577835mv2.png.webp\" class=\"attachment-large size-large wp-image-387 lazyload\" alt=\"sz\u00fcrkeh\u00e1lyog kock\u00e1zata a korral n\u0151\" data-srcset=\"https:\/\/szemsebeszet.eu\/wp-content\/uploads\/2022\/09\/017482_9ccacd6736ea4c76806d8523a7577835mv2.png.webp 490w, https:\/\/szemsebeszet.eu\/wp-content\/uploads\/2022\/09\/017482_9ccacd6736ea4c76806d8523a7577835mv2.png-254x300.webp 254w\" data-sizes=\"auto, (max-width: 490px) 100vw, 490px\" src=\"data:image\/gif;base64,R0lGODlhAQABAAAAACH5BAEKAAEALAAAAAABAAEAAAICTAEAOw==\" style=\"--smush-placeholder-width: 490px; --smush-placeholder-aspect-ratio: 490\/579;\" \/><noscript><img loading=\"lazy\" decoding=\"async\" width=\"490\" height=\"579\" src=\"https:\/\/szemsebeszet.eu\/wp-content\/uploads\/2022\/09\/017482_9ccacd6736ea4c76806d8523a7577835mv2.png.webp\" class=\"attachment-large size-large wp-image-387\" alt=\"sz\u00fcrkeh\u00e1lyog kock\u00e1zata a korral n\u0151\" srcset=\"https:\/\/szemsebeszet.eu\/wp-content\/uploads\/2022\/09\/017482_9ccacd6736ea4c76806d8523a7577835mv2.png.webp 490w, https:\/\/szemsebeszet.eu\/wp-content\/uploads\/2022\/09\/017482_9ccacd6736ea4c76806d8523a7577835mv2.png-254x300.webp 254w\" sizes=\"auto, (max-width: 490px) 100vw, 490px\" \/><\/noscript>\t\t\t\t\t\t\t\t\t\t\t\t\t\t\t<\/div>\n\t\t\t\t<\/div>\n\t\t\t\t\t<\/div>\n\t\t<\/div>\n\t\t\t\t<div class=\"elementor-column elementor-col-50 elementor-top-column elementor-element elementor-element-ab63eb3\" data-id=\"ab63eb3\" data-element_type=\"column\">\n\t\t\t<div class=\"elementor-widget-wrap elementor-element-populated\">\n\t\t\t\t\t\t\t\t<div class=\"elementor-element elementor-element-b008c4b elementor-widget elementor-widget-text-editor\" data-id=\"b008c4b\" data-element_type=\"widget\" data-widget_type=\"text-editor.default\">\n\t\t\t\t<div class=\"elementor-widget-container\">\n\t\t\t<style>\/*! elementor - v3.17.0 - 25-10-2023 *\/\n.elementor-widget-text-editor.elementor-drop-cap-view-stacked .elementor-drop-cap{background-color:#69727d;color:#fff}.elementor-widget-text-editor.elementor-drop-cap-view-framed .elementor-drop-cap{color:#69727d;border:3px solid;background-color:transparent}.elementor-widget-text-editor:not(.elementor-drop-cap-view-default) .elementor-drop-cap{margin-top:8px}.elementor-widget-text-editor:not(.elementor-drop-cap-view-default) .elementor-drop-cap-letter{width:1em;height:1em}.elementor-widget-text-editor .elementor-drop-cap{float:left;text-align:center;line-height:1;font-size:50px}.elementor-widget-text-editor .elementor-drop-cap-letter{display:inline-block}<\/style>\t\t\t\t<p class=\"font_8\">Cataract is a graying of the crystalline lens that occurs gradually with age. There are very different estimations but approximately half of the people above the age of 65 have cataracts. During the process, less and less light rays can pass through the lens of the eye, so without treatment it can lead to loss of vision. The process is irreversible, the only effective solution is cataract surgery. As the visual function deteriorates, at first it is necessary to change glasses often, then when the glasses do not help anymore, the vision becomes increasingly blurred, orientation and reading become difficult, colors fade, and bright lights can be disturbing. Pain, eye redness, itching are not characteristic of the disease, except for the so-called overmature cataract, which is the final stage of the disease, when the completely whitened eye lens begins to swell, the intraocular pressure becomes high and inflammatory eye symptoms are experienced with pain.<\/p><p class=\"font_8\">Cataracts can rarely be congenital changes, e.g. accompanying intrauterine infections, metabolic disorders, developmental disorders. In the case of adults, it may appear earlier in the case of family accumulation, diabetes, eye injury or surgery, strong radioactive radiation, smoking and certain long-term medications (e.g. steroids). <a href=\"https:\/\/szemsebeszet.eu\/en\/cataract-surgery\/\">You can read more about cataracts and their treatment here&#8230;<\/a><\/p>\t\t\t\t\t\t<\/div>\n\t\t\t\t<\/div>\n\t\t\t\t\t<\/div>\n\t\t<\/div>\n\t\t\t\t\t\t\t<\/div>\n\t\t<\/section>\n\t\t\t\t\t\t\t<\/div>\n\t\t","protected":false},"excerpt":{"rendered":"<p>Cataract Cataract is a graying of the crystalline lens that occurs gradually with age. There are very different estimations but approximately half of the people above the age of 65 have cataracts. During the process, less and less light rays can pass through the lens of the eye, so without treatment it can lead to &#8230; <a title=\"Cataract\" class=\"read-more\" href=\"https:\/\/szemsebeszet.eu\/en\/cataract\/\" aria-label=\"More on Cataract\">Read more<\/a><\/p>\n","protected":false},"author":1,"featured_media":0,"parent":0,"menu_order":0,"comment_status":"closed","ping_status":"closed","template":"elementor_header_footer","meta":{"footnotes":""},"class_list":["post-1713","page","type-page","status-publish"],"yoast_head":"<!-- This site is optimized with the Yoast SEO Premium plugin v24.2 (Yoast SEO v24.2) - https:\/\/yoast.com\/wordpress\/plugins\/seo\/ -->\n<title>Cataract - PALLAS Szem\u00e9szet<\/title>\n<meta name=\"robots\" content=\"index, follow, max-snippet:-1, max-image-preview:large, max-video-preview:-1\" \/>\n<link rel=\"canonical\" href=\"https:\/\/szemsebeszet.eu\/szurkehalyog\/\" \/>\n<meta property=\"og:locale\" content=\"en_US\" \/>\n<meta property=\"og:type\" content=\"article\" \/>\n<meta property=\"og:title\" content=\"Cataract\" \/>\n<meta property=\"og:description\" content=\"Cataract Cataract is a graying of the crystalline lens that occurs gradually with age. There are very different estimations but approximately half of the people above the age of 65 have cataracts. During the process, less and less light rays can pass through the lens of the eye, so without treatment it can lead to ... Read more\" \/>\n<meta property=\"og:url\" content=\"https:\/\/szemsebeszet.eu\/szurkehalyog\/\" \/>\n<meta property=\"og:site_name\" content=\"PALLAS Szem\u00e9szet\" \/>\n<meta property=\"article:publisher\" content=\"https:\/\/www.facebook.com\/pallas.szemeszet\" \/>\n<meta property=\"article:modified_time\" content=\"2023-02-24T12:47:36+00:00\" \/>\n<meta property=\"og:image\" content=\"https:\/\/szemsebeszet.eu\/wp-content\/uploads\/2022\/09\/017482_9ccacd6736ea4c76806d8523a7577835mv2.png.webp\" \/>\n<meta name=\"twitter:card\" content=\"summary_large_image\" \/>\n<meta name=\"twitter:label1\" content=\"Est. reading time\" \/>\n\t<meta name=\"twitter:data1\" content=\"1 minute\" \/>\n<script type=\"application\/ld+json\" class=\"yoast-schema-graph\">{\"@context\":\"https:\/\/schema.org\",\"@graph\":[{\"@type\":\"WebPage\",\"@id\":\"https:\/\/szemsebeszet.eu\/szurkehalyog\/\",\"url\":\"https:\/\/szemsebeszet.eu\/szurkehalyog\/\",\"name\":\"Cataract - PALLAS Szem\u00e9szet\",\"isPartOf\":{\"@id\":\"https:\/\/szemsebeszet.eu\/#website\"},\"primaryImageOfPage\":{\"@id\":\"https:\/\/szemsebeszet.eu\/szurkehalyog\/#primaryimage\"},\"image\":{\"@id\":\"https:\/\/szemsebeszet.eu\/szurkehalyog\/#primaryimage\"},\"thumbnailUrl\":\"https:\/\/szemsebeszet.eu\/wp-content\/uploads\/2022\/09\/017482_9ccacd6736ea4c76806d8523a7577835mv2.png.webp\",\"datePublished\":\"2022-09-14T12:11:18+00:00\",\"dateModified\":\"2023-02-24T12:47:36+00:00\",\"breadcrumb\":{\"@id\":\"https:\/\/szemsebeszet.eu\/szurkehalyog\/#breadcrumb\"},\"inLanguage\":\"en-US\",\"potentialAction\":[{\"@type\":\"ReadAction\",\"target\":[\"https:\/\/szemsebeszet.eu\/szurkehalyog\/\"]}]},{\"@type\":\"ImageObject\",\"inLanguage\":\"en-US\",\"@id\":\"https:\/\/szemsebeszet.eu\/szurkehalyog\/#primaryimage\",\"url\":\"https:\/\/szemsebeszet.eu\/wp-content\/uploads\/2022\/09\/017482_9ccacd6736ea4c76806d8523a7577835mv2.png.webp\",\"contentUrl\":\"https:\/\/szemsebeszet.eu\/wp-content\/uploads\/2022\/09\/017482_9ccacd6736ea4c76806d8523a7577835mv2.png.webp\"},{\"@type\":\"BreadcrumbList\",\"@id\":\"https:\/\/szemsebeszet.eu\/szurkehalyog\/#breadcrumb\",\"itemListElement\":[{\"@type\":\"ListItem\",\"position\":1,\"name\":\"Kezd\u0151lap\",\"item\":\"https:\/\/szemsebeszet.eu\/\"},{\"@type\":\"ListItem\",\"position\":2,\"name\":\"Cataract\"}]},{\"@type\":\"WebSite\",\"@id\":\"https:\/\/szemsebeszet.eu\/#website\",\"url\":\"https:\/\/szemsebeszet.eu\/\",\"name\":\"Pallas Health Szemseb\u00e9szet\",\"description\":\"Szem\u00e9szeti mag\u00e1nrendel\u00e9s\",\"publisher\":{\"@id\":\"https:\/\/szemsebeszet.eu\/#organization\"},\"alternateName\":\"szemsebeszet.eu\",\"potentialAction\":[{\"@type\":\"SearchAction\",\"target\":{\"@type\":\"EntryPoint\",\"urlTemplate\":\"https:\/\/szemsebeszet.eu\/?s={search_term_string}\"},\"query-input\":{\"@type\":\"PropertyValueSpecification\",\"valueRequired\":true,\"valueName\":\"search_term_string\"}}],\"inLanguage\":\"en-US\"},{\"@type\":\"Organization\",\"@id\":\"https:\/\/szemsebeszet.eu\/#organization\",\"name\":\"PALLAS Szem\u00e9szet\",\"url\":\"https:\/\/szemsebeszet.eu\/\",\"logo\":{\"@type\":\"ImageObject\",\"inLanguage\":\"en-US\",\"@id\":\"https:\/\/szemsebeszet.eu\/#\/schema\/logo\/image\/\",\"url\":\"https:\/\/szemsebeszet.eu\/wp-content\/uploads\/2023\/12\/nevtelen-terv-2_optimized.png\",\"contentUrl\":\"https:\/\/szemsebeszet.eu\/wp-content\/uploads\/2023\/12\/nevtelen-terv-2_optimized.png\",\"width\":800,\"height\":800,\"caption\":\"PALLAS Szem\u00e9szet\"},\"image\":{\"@id\":\"https:\/\/szemsebeszet.eu\/#\/schema\/logo\/image\/\"},\"sameAs\":[\"https:\/\/www.facebook.com\/pallas.szemeszet\"],\"email\":\"info@szemsebeszet.eu\",\"telephone\":\"+36 70 776 6305\"}]}<\/script>\n<!-- \/ Yoast SEO Premium plugin. -->","yoast_head_json":{"title":"Cataract - PALLAS Szem\u00e9szet","robots":{"index":"index","follow":"follow","max-snippet":"max-snippet:-1","max-image-preview":"max-image-preview:large","max-video-preview":"max-video-preview:-1"},"canonical":"https:\/\/szemsebeszet.eu\/szurkehalyog\/","og_locale":"en_US","og_type":"article","og_title":"Cataract","og_description":"Cataract Cataract is a graying of the crystalline lens that occurs gradually with age. There are very different estimations but approximately half of the people above the age of 65 have cataracts. During the process, less and less light rays can pass through the lens of the eye, so without treatment it can lead to ... Read more","og_url":"https:\/\/szemsebeszet.eu\/szurkehalyog\/","og_site_name":"PALLAS Szem\u00e9szet","article_publisher":"https:\/\/www.facebook.com\/pallas.szemeszet","article_modified_time":"2023-02-24T12:47:36+00:00","og_image":[{"url":"https:\/\/szemsebeszet.eu\/wp-content\/uploads\/2022\/09\/017482_9ccacd6736ea4c76806d8523a7577835mv2.png.webp","type":"","width":"","height":""}],"twitter_card":"summary_large_image","twitter_misc":{"Est. reading time":"1 minute"},"schema":{"@context":"https:\/\/schema.org","@graph":[{"@type":"WebPage","@id":"https:\/\/szemsebeszet.eu\/szurkehalyog\/","url":"https:\/\/szemsebeszet.eu\/szurkehalyog\/","name":"Cataract - PALLAS Szem\u00e9szet","isPartOf":{"@id":"https:\/\/szemsebeszet.eu\/#website"},"primaryImageOfPage":{"@id":"https:\/\/szemsebeszet.eu\/szurkehalyog\/#primaryimage"},"image":{"@id":"https:\/\/szemsebeszet.eu\/szurkehalyog\/#primaryimage"},"thumbnailUrl":"https:\/\/szemsebeszet.eu\/wp-content\/uploads\/2022\/09\/017482_9ccacd6736ea4c76806d8523a7577835mv2.png.webp","datePublished":"2022-09-14T12:11:18+00:00","dateModified":"2023-02-24T12:47:36+00:00","breadcrumb":{"@id":"https:\/\/szemsebeszet.eu\/szurkehalyog\/#breadcrumb"},"inLanguage":"en-US","potentialAction":[{"@type":"ReadAction","target":["https:\/\/szemsebeszet.eu\/szurkehalyog\/"]}]},{"@type":"ImageObject","inLanguage":"en-US","@id":"https:\/\/szemsebeszet.eu\/szurkehalyog\/#primaryimage","url":"https:\/\/szemsebeszet.eu\/wp-content\/uploads\/2022\/09\/017482_9ccacd6736ea4c76806d8523a7577835mv2.png.webp","contentUrl":"https:\/\/szemsebeszet.eu\/wp-content\/uploads\/2022\/09\/017482_9ccacd6736ea4c76806d8523a7577835mv2.png.webp"},{"@type":"BreadcrumbList","@id":"https:\/\/szemsebeszet.eu\/szurkehalyog\/#breadcrumb","itemListElement":[{"@type":"ListItem","position":1,"name":"Kezd\u0151lap","item":"https:\/\/szemsebeszet.eu\/"},{"@type":"ListItem","position":2,"name":"Cataract"}]},{"@type":"WebSite","@id":"https:\/\/szemsebeszet.eu\/#website","url":"https:\/\/szemsebeszet.eu\/","name":"Pallas Health Szemseb\u00e9szet","description":"Szem\u00e9szeti mag\u00e1nrendel\u00e9s","publisher":{"@id":"https:\/\/szemsebeszet.eu\/#organization"},"alternateName":"szemsebeszet.eu","potentialAction":[{"@type":"SearchAction","target":{"@type":"EntryPoint","urlTemplate":"https:\/\/szemsebeszet.eu\/?s={search_term_string}"},"query-input":{"@type":"PropertyValueSpecification","valueRequired":true,"valueName":"search_term_string"}}],"inLanguage":"en-US"},{"@type":"Organization","@id":"https:\/\/szemsebeszet.eu\/#organization","name":"PALLAS Szem\u00e9szet","url":"https:\/\/szemsebeszet.eu\/","logo":{"@type":"ImageObject","inLanguage":"en-US","@id":"https:\/\/szemsebeszet.eu\/#\/schema\/logo\/image\/","url":"https:\/\/szemsebeszet.eu\/wp-content\/uploads\/2023\/12\/nevtelen-terv-2_optimized.png","contentUrl":"https:\/\/szemsebeszet.eu\/wp-content\/uploads\/2023\/12\/nevtelen-terv-2_optimized.png","width":800,"height":800,"caption":"PALLAS Szem\u00e9szet"},"image":{"@id":"https:\/\/szemsebeszet.eu\/#\/schema\/logo\/image\/"},"sameAs":["https:\/\/www.facebook.com\/pallas.szemeszet"],"email":"info@szemsebeszet.eu","telephone":"+36 70 776 6305"}]}},"_links":{"self":[{"href":"https:\/\/szemsebeszet.eu\/en\/wp-json\/wp\/v2\/pages\/1713","targetHints":{"allow":["GET"]}}],"collection":[{"href":"https:\/\/szemsebeszet.eu\/en\/wp-json\/wp\/v2\/pages"}],"about":[{"href":"https:\/\/szemsebeszet.eu\/en\/wp-json\/wp\/v2\/types\/page"}],"author":[{"embeddable":true,"href":"https:\/\/szemsebeszet.eu\/en\/wp-json\/wp\/v2\/users\/1"}],"replies":[{"embeddable":true,"href":"https:\/\/szemsebeszet.eu\/en\/wp-json\/wp\/v2\/comments?post=1713"}],"version-history":[{"count":0,"href":"https:\/\/szemsebeszet.eu\/en\/wp-json\/wp\/v2\/pages\/1713\/revisions"}],"wp:attachment":[{"href":"https:\/\/szemsebeszet.eu\/en\/wp-json\/wp\/v2\/media?parent=1713"}],"curies":[{"name":"wp","href":"https:\/\/api.w.org\/{rel}","templated":true}]}}