{"id":1709,"date":"2022-09-14T12:05:25","date_gmt":"2022-09-14T12:05:25","guid":{"rendered":"https:\/\/szemsebeszet.eu\/dry-eye\/"},"modified":"2023-02-24T12:40:59","modified_gmt":"2023-02-24T12:40:59","slug":"dry-eye","status":"publish","type":"page","link":"https:\/\/szemsebeszet.eu\/en\/dry-eye\/","title":{"rendered":"Dry eye"},"content":{"rendered":"\t\t<div data-elementor-type=\"wp-page\" data-elementor-id=\"1709\" class=\"elementor elementor-1709 elementor-373\" data-elementor-post-type=\"page\">\n\t\t\t\t\t\t\t\t\t<section class=\"elementor-section elementor-top-section elementor-element elementor-element-f9c5db3 elementor-section-boxed elementor-section-height-default elementor-section-height-default\" data-id=\"f9c5db3\" data-element_type=\"section\">\n\t\t\t\t\t\t<div class=\"elementor-container elementor-column-gap-default\">\n\t\t\t\t\t<div class=\"elementor-column elementor-col-100 elementor-top-column elementor-element elementor-element-082683a\" data-id=\"082683a\" data-element_type=\"column\">\n\t\t\t<div class=\"elementor-widget-wrap elementor-element-populated\">\n\t\t\t\t\t\t\t\t<div class=\"elementor-element elementor-element-babaea2 elementor-widget elementor-widget-heading\" data-id=\"babaea2\" data-element_type=\"widget\" data-widget_type=\"heading.default\">\n\t\t\t\t<div class=\"elementor-widget-container\">\n\t\t\t<style>\/*! elementor - v3.17.0 - 25-10-2023 *\/\n.elementor-heading-title{padding:0;margin:0;line-height:1}.elementor-widget-heading .elementor-heading-title[class*=elementor-size-]>a{color:inherit;font-size:inherit;line-height:inherit}.elementor-widget-heading .elementor-heading-title.elementor-size-small{font-size:15px}.elementor-widget-heading .elementor-heading-title.elementor-size-medium{font-size:19px}.elementor-widget-heading .elementor-heading-title.elementor-size-large{font-size:29px}.elementor-widget-heading .elementor-heading-title.elementor-size-xl{font-size:39px}.elementor-widget-heading .elementor-heading-title.elementor-size-xxl{font-size:59px}<\/style><h2 class=\"elementor-heading-title elementor-size-default\">Dry eye<\/h2>\t\t<\/div>\n\t\t\t\t<\/div>\n\t\t\t\t\t<\/div>\n\t\t<\/div>\n\t\t\t\t\t\t\t<\/div>\n\t\t<\/section>\n\t\t\t\t<section class=\"elementor-section elementor-top-section elementor-element elementor-element-70c4290 elementor-section-boxed elementor-section-height-default elementor-section-height-default\" data-id=\"70c4290\" data-element_type=\"section\">\n\t\t\t\t\t\t<div class=\"elementor-container elementor-column-gap-default\">\n\t\t\t\t\t<div class=\"elementor-column elementor-col-50 elementor-top-column elementor-element elementor-element-cd5caef\" data-id=\"cd5caef\" data-element_type=\"column\">\n\t\t\t<div class=\"elementor-widget-wrap elementor-element-populated\">\n\t\t\t\t\t\t\t\t<div class=\"elementor-element elementor-element-0b46adb elementor-widget elementor-widget-image\" data-id=\"0b46adb\" data-element_type=\"widget\" data-widget_type=\"image.default\">\n\t\t\t\t<div class=\"elementor-widget-container\">\n\t\t\t<style>\/*! elementor - v3.17.0 - 25-10-2023 *\/\n.elementor-widget-image{text-align:center}.elementor-widget-image a{display:inline-block}.elementor-widget-image a img[src$=\".svg\"]{width:48px}.elementor-widget-image img{vertical-align:middle;display:inline-block}<\/style>\t\t\t\t\t\t\t\t\t\t\t\t<img loading=\"lazy\" decoding=\"async\" width=\"490\" height=\"937\" data-src=\"https:\/\/szemsebeszet.eu\/wp-content\/uploads\/2022\/09\/017482_d96e2297a30f4a58a0a4c5f5dcd0a509mv2.png.webp\" class=\"attachment-large size-large wp-image-375 lazyload\" alt=\"Szemlencse m\u0171t\u00e9t: Az \u00e9les l\u00e1t\u00e1s \u00faj korszaka, szabads\u00e1g a korl\u00e1tok n\u00e9lk\u00fcl.\" data-srcset=\"https:\/\/szemsebeszet.eu\/wp-content\/uploads\/2022\/09\/017482_d96e2297a30f4a58a0a4c5f5dcd0a509mv2.png.webp 490w, https:\/\/szemsebeszet.eu\/wp-content\/uploads\/2022\/09\/017482_d96e2297a30f4a58a0a4c5f5dcd0a509mv2.png-157x300.webp 157w\" data-sizes=\"auto, (max-width: 490px) 100vw, 490px\" src=\"data:image\/gif;base64,R0lGODlhAQABAAAAACH5BAEKAAEALAAAAAABAAEAAAICTAEAOw==\" style=\"--smush-placeholder-width: 490px; --smush-placeholder-aspect-ratio: 490\/937;\" \/><noscript><img loading=\"lazy\" decoding=\"async\" width=\"490\" height=\"937\" src=\"https:\/\/szemsebeszet.eu\/wp-content\/uploads\/2022\/09\/017482_d96e2297a30f4a58a0a4c5f5dcd0a509mv2.png.webp\" class=\"attachment-large size-large wp-image-375\" alt=\"Szemlencse m\u0171t\u00e9t: Az \u00e9les l\u00e1t\u00e1s \u00faj korszaka, szabads\u00e1g a korl\u00e1tok n\u00e9lk\u00fcl.\" srcset=\"https:\/\/szemsebeszet.eu\/wp-content\/uploads\/2022\/09\/017482_d96e2297a30f4a58a0a4c5f5dcd0a509mv2.png.webp 490w, https:\/\/szemsebeszet.eu\/wp-content\/uploads\/2022\/09\/017482_d96e2297a30f4a58a0a4c5f5dcd0a509mv2.png-157x300.webp 157w\" sizes=\"auto, (max-width: 490px) 100vw, 490px\" \/><\/noscript>\t\t\t\t\t\t\t\t\t\t\t\t\t\t\t<\/div>\n\t\t\t\t<\/div>\n\t\t\t\t\t<\/div>\n\t\t<\/div>\n\t\t\t\t<div class=\"elementor-column elementor-col-50 elementor-top-column elementor-element elementor-element-baa6e70\" data-id=\"baa6e70\" data-element_type=\"column\">\n\t\t\t<div class=\"elementor-widget-wrap elementor-element-populated\">\n\t\t\t\t\t\t\t\t<div class=\"elementor-element elementor-element-d141189 elementor-widget elementor-widget-text-editor\" data-id=\"d141189\" data-element_type=\"widget\" data-widget_type=\"text-editor.default\">\n\t\t\t\t<div class=\"elementor-widget-container\">\n\t\t\t<style>\/*! elementor - v3.17.0 - 25-10-2023 *\/\n.elementor-widget-text-editor.elementor-drop-cap-view-stacked .elementor-drop-cap{background-color:#69727d;color:#fff}.elementor-widget-text-editor.elementor-drop-cap-view-framed .elementor-drop-cap{color:#69727d;border:3px solid;background-color:transparent}.elementor-widget-text-editor:not(.elementor-drop-cap-view-default) .elementor-drop-cap{margin-top:8px}.elementor-widget-text-editor:not(.elementor-drop-cap-view-default) .elementor-drop-cap-letter{width:1em;height:1em}.elementor-widget-text-editor .elementor-drop-cap{float:left;text-align:center;line-height:1;font-size:50px}.elementor-widget-text-editor .elementor-drop-cap-letter{display:inline-block}<\/style>\t\t\t\t<p class=\"font_8\">Dry eye is a common syndrome (collection of symptoms) in the population, almost every third person is affected in Hungary at some point in their life. The disease has an impact on everyday life, it can cause problems at work (monitor use), when reading, driving, and it can also negatively affect our mental state. <br \/>Its causes are many, &nbsp; the main factors are screen use, as the number of blinks decreases in this case, regular medications, environmental effects (air conditioning, tobacco smoke, smog), eye drops, contact lens wear, &nbsp;hormonal effects (pregnancy, changing age), medical conditions (autoimmune diseases, diabetes, allergies) and also occurs more often with age.<br \/>The consequence of these factors is insufficient tear film production or tear film damage due to increased tear loss and evaporation. The main function of the tear film is to protect the surface of the eye (e.g. from infections, even small dust particles can escape with increased tearing), moistening, supplying the eye surface with nutrients and oxygen. The symptoms due to the lack of tears can typically be a burning, stinging, itching, foreign body sensation, tired eyes, blurred vision, and sometimes increased tearing. In the long term, dry conjunctiva and cornea can lead to chronic complaints and inflammation, and this is when we call it dry eye syndrome.   <br \/>The cornerstones of diagnosis are the symptoms the patient reports, slit-lamp examination (eyelid, ocular surface), measurement of tear production (Schirmer test), tear film break-up test (BUT), and staining of the ocular surface<br \/>Lifestyle counseling and the selection of appropriate eye drops\/gel\/ointment are very important. The basic ingredients of artificial tears are water and some kind of viscosity-increasing active ingredient, in addition to these they may also contain electrolytes, nutrients and vitamins, and there is also a preservative-free, single-dose package. <br \/>In advanced cases, consideration should be given to regular eyelid hygiene, the application of devices to prevent tear drainage, and in case of inflammation, the use of anti-inflammatory and\/or antibiotic eye drops and ointments.<\/p>\n\t\t\t\t\t\t<\/div>\n\t\t\t\t<\/div>\n\t\t\t\t\t<\/div>\n\t\t<\/div>\n\t\t\t\t\t\t\t<\/div>\n\t\t<\/section>\n\t\t\t\t\t\t\t<\/div>\n\t\t","protected":false},"excerpt":{"rendered":"<p>Dry eye Dry eye is a common syndrome (collection of symptoms) in the population, almost every third person is affected in Hungary at some point in their life. The disease has an impact on everyday life, it can cause problems at work (monitor use), when reading, driving, and it can also negatively affect our mental &#8230; <a title=\"Dry eye\" class=\"read-more\" href=\"https:\/\/szemsebeszet.eu\/en\/dry-eye\/\" aria-label=\"More on Dry eye\">Read more<\/a><\/p>\n","protected":false},"author":1,"featured_media":0,"parent":0,"menu_order":0,"comment_status":"closed","ping_status":"closed","template":"elementor_header_footer","meta":{"footnotes":""},"class_list":["post-1709","page","type-page","status-publish"],"yoast_head":"<!-- This site is optimized with the Yoast SEO Premium plugin v24.2 (Yoast SEO v24.2) - https:\/\/yoast.com\/wordpress\/plugins\/seo\/ -->\n<title>Dry eye - PALLAS Szem\u00e9szet<\/title>\n<meta name=\"robots\" content=\"index, follow, max-snippet:-1, max-image-preview:large, max-video-preview:-1\" \/>\n<link rel=\"canonical\" href=\"https:\/\/szemsebeszet.eu\/a-szaraz-szem\/\" \/>\n<meta property=\"og:locale\" content=\"en_US\" \/>\n<meta property=\"og:type\" content=\"article\" \/>\n<meta property=\"og:title\" content=\"Dry eye\" \/>\n<meta property=\"og:description\" content=\"Dry eye Dry eye is a common syndrome (collection of symptoms) in the population, almost every third person is affected in Hungary at some point in their life. The disease has an impact on everyday life, it can cause problems at work (monitor use), when reading, driving, and it can also negatively affect our mental ... Read more\" \/>\n<meta property=\"og:url\" content=\"https:\/\/szemsebeszet.eu\/a-szaraz-szem\/\" \/>\n<meta property=\"og:site_name\" content=\"PALLAS Szem\u00e9szet\" \/>\n<meta property=\"article:publisher\" content=\"https:\/\/www.facebook.com\/pallas.szemeszet\" \/>\n<meta property=\"article:modified_time\" content=\"2023-02-24T12:40:59+00:00\" \/>\n<meta property=\"og:image\" content=\"https:\/\/szemsebeszet.eu\/wp-content\/uploads\/2022\/09\/017482_d96e2297a30f4a58a0a4c5f5dcd0a509mv2.png.webp\" \/>\n<meta name=\"twitter:card\" content=\"summary_large_image\" \/>\n<meta name=\"twitter:label1\" content=\"Est. reading time\" \/>\n\t<meta name=\"twitter:data1\" content=\"2 minutes\" \/>\n<script type=\"application\/ld+json\" class=\"yoast-schema-graph\">{\"@context\":\"https:\/\/schema.org\",\"@graph\":[{\"@type\":\"WebPage\",\"@id\":\"https:\/\/szemsebeszet.eu\/a-szaraz-szem\/\",\"url\":\"https:\/\/szemsebeszet.eu\/a-szaraz-szem\/\",\"name\":\"Dry eye - PALLAS Szem\u00e9szet\",\"isPartOf\":{\"@id\":\"https:\/\/szemsebeszet.eu\/#website\"},\"primaryImageOfPage\":{\"@id\":\"https:\/\/szemsebeszet.eu\/a-szaraz-szem\/#primaryimage\"},\"image\":{\"@id\":\"https:\/\/szemsebeszet.eu\/a-szaraz-szem\/#primaryimage\"},\"thumbnailUrl\":\"https:\/\/szemsebeszet.eu\/wp-content\/uploads\/2022\/09\/017482_d96e2297a30f4a58a0a4c5f5dcd0a509mv2.png.webp\",\"datePublished\":\"2022-09-14T12:05:25+00:00\",\"dateModified\":\"2023-02-24T12:40:59+00:00\",\"breadcrumb\":{\"@id\":\"https:\/\/szemsebeszet.eu\/a-szaraz-szem\/#breadcrumb\"},\"inLanguage\":\"en-US\",\"potentialAction\":[{\"@type\":\"ReadAction\",\"target\":[\"https:\/\/szemsebeszet.eu\/a-szaraz-szem\/\"]}]},{\"@type\":\"ImageObject\",\"inLanguage\":\"en-US\",\"@id\":\"https:\/\/szemsebeszet.eu\/a-szaraz-szem\/#primaryimage\",\"url\":\"https:\/\/szemsebeszet.eu\/wp-content\/uploads\/2022\/09\/017482_d96e2297a30f4a58a0a4c5f5dcd0a509mv2.png.webp\",\"contentUrl\":\"https:\/\/szemsebeszet.eu\/wp-content\/uploads\/2022\/09\/017482_d96e2297a30f4a58a0a4c5f5dcd0a509mv2.png.webp\"},{\"@type\":\"BreadcrumbList\",\"@id\":\"https:\/\/szemsebeszet.eu\/a-szaraz-szem\/#breadcrumb\",\"itemListElement\":[{\"@type\":\"ListItem\",\"position\":1,\"name\":\"Kezd\u0151lap\",\"item\":\"https:\/\/szemsebeszet.eu\/\"},{\"@type\":\"ListItem\",\"position\":2,\"name\":\"Dry eye\"}]},{\"@type\":\"WebSite\",\"@id\":\"https:\/\/szemsebeszet.eu\/#website\",\"url\":\"https:\/\/szemsebeszet.eu\/\",\"name\":\"Pallas Health Szemseb\u00e9szet\",\"description\":\"Szem\u00e9szeti mag\u00e1nrendel\u00e9s\",\"publisher\":{\"@id\":\"https:\/\/szemsebeszet.eu\/#organization\"},\"alternateName\":\"szemsebeszet.eu\",\"potentialAction\":[{\"@type\":\"SearchAction\",\"target\":{\"@type\":\"EntryPoint\",\"urlTemplate\":\"https:\/\/szemsebeszet.eu\/?s={search_term_string}\"},\"query-input\":{\"@type\":\"PropertyValueSpecification\",\"valueRequired\":true,\"valueName\":\"search_term_string\"}}],\"inLanguage\":\"en-US\"},{\"@type\":\"Organization\",\"@id\":\"https:\/\/szemsebeszet.eu\/#organization\",\"name\":\"PALLAS Szem\u00e9szet\",\"url\":\"https:\/\/szemsebeszet.eu\/\",\"logo\":{\"@type\":\"ImageObject\",\"inLanguage\":\"en-US\",\"@id\":\"https:\/\/szemsebeszet.eu\/#\/schema\/logo\/image\/\",\"url\":\"https:\/\/szemsebeszet.eu\/wp-content\/uploads\/2023\/12\/nevtelen-terv-2_optimized.png\",\"contentUrl\":\"https:\/\/szemsebeszet.eu\/wp-content\/uploads\/2023\/12\/nevtelen-terv-2_optimized.png\",\"width\":800,\"height\":800,\"caption\":\"PALLAS Szem\u00e9szet\"},\"image\":{\"@id\":\"https:\/\/szemsebeszet.eu\/#\/schema\/logo\/image\/\"},\"sameAs\":[\"https:\/\/www.facebook.com\/pallas.szemeszet\"],\"email\":\"info@szemsebeszet.eu\",\"telephone\":\"+36 70 776 6305\"}]}<\/script>\n<!-- \/ Yoast SEO Premium plugin. -->","yoast_head_json":{"title":"Dry eye - PALLAS Szem\u00e9szet","robots":{"index":"index","follow":"follow","max-snippet":"max-snippet:-1","max-image-preview":"max-image-preview:large","max-video-preview":"max-video-preview:-1"},"canonical":"https:\/\/szemsebeszet.eu\/a-szaraz-szem\/","og_locale":"en_US","og_type":"article","og_title":"Dry eye","og_description":"Dry eye Dry eye is a common syndrome (collection of symptoms) in the population, almost every third person is affected in Hungary at some point in their life. The disease has an impact on everyday life, it can cause problems at work (monitor use), when reading, driving, and it can also negatively affect our mental ... Read more","og_url":"https:\/\/szemsebeszet.eu\/a-szaraz-szem\/","og_site_name":"PALLAS Szem\u00e9szet","article_publisher":"https:\/\/www.facebook.com\/pallas.szemeszet","article_modified_time":"2023-02-24T12:40:59+00:00","og_image":[{"url":"https:\/\/szemsebeszet.eu\/wp-content\/uploads\/2022\/09\/017482_d96e2297a30f4a58a0a4c5f5dcd0a509mv2.png.webp","type":"","width":"","height":""}],"twitter_card":"summary_large_image","twitter_misc":{"Est. reading time":"2 minutes"},"schema":{"@context":"https:\/\/schema.org","@graph":[{"@type":"WebPage","@id":"https:\/\/szemsebeszet.eu\/a-szaraz-szem\/","url":"https:\/\/szemsebeszet.eu\/a-szaraz-szem\/","name":"Dry eye - PALLAS Szem\u00e9szet","isPartOf":{"@id":"https:\/\/szemsebeszet.eu\/#website"},"primaryImageOfPage":{"@id":"https:\/\/szemsebeszet.eu\/a-szaraz-szem\/#primaryimage"},"image":{"@id":"https:\/\/szemsebeszet.eu\/a-szaraz-szem\/#primaryimage"},"thumbnailUrl":"https:\/\/szemsebeszet.eu\/wp-content\/uploads\/2022\/09\/017482_d96e2297a30f4a58a0a4c5f5dcd0a509mv2.png.webp","datePublished":"2022-09-14T12:05:25+00:00","dateModified":"2023-02-24T12:40:59+00:00","breadcrumb":{"@id":"https:\/\/szemsebeszet.eu\/a-szaraz-szem\/#breadcrumb"},"inLanguage":"en-US","potentialAction":[{"@type":"ReadAction","target":["https:\/\/szemsebeszet.eu\/a-szaraz-szem\/"]}]},{"@type":"ImageObject","inLanguage":"en-US","@id":"https:\/\/szemsebeszet.eu\/a-szaraz-szem\/#primaryimage","url":"https:\/\/szemsebeszet.eu\/wp-content\/uploads\/2022\/09\/017482_d96e2297a30f4a58a0a4c5f5dcd0a509mv2.png.webp","contentUrl":"https:\/\/szemsebeszet.eu\/wp-content\/uploads\/2022\/09\/017482_d96e2297a30f4a58a0a4c5f5dcd0a509mv2.png.webp"},{"@type":"BreadcrumbList","@id":"https:\/\/szemsebeszet.eu\/a-szaraz-szem\/#breadcrumb","itemListElement":[{"@type":"ListItem","position":1,"name":"Kezd\u0151lap","item":"https:\/\/szemsebeszet.eu\/"},{"@type":"ListItem","position":2,"name":"Dry eye"}]},{"@type":"WebSite","@id":"https:\/\/szemsebeszet.eu\/#website","url":"https:\/\/szemsebeszet.eu\/","name":"Pallas Health Szemseb\u00e9szet","description":"Szem\u00e9szeti mag\u00e1nrendel\u00e9s","publisher":{"@id":"https:\/\/szemsebeszet.eu\/#organization"},"alternateName":"szemsebeszet.eu","potentialAction":[{"@type":"SearchAction","target":{"@type":"EntryPoint","urlTemplate":"https:\/\/szemsebeszet.eu\/?s={search_term_string}"},"query-input":{"@type":"PropertyValueSpecification","valueRequired":true,"valueName":"search_term_string"}}],"inLanguage":"en-US"},{"@type":"Organization","@id":"https:\/\/szemsebeszet.eu\/#organization","name":"PALLAS Szem\u00e9szet","url":"https:\/\/szemsebeszet.eu\/","logo":{"@type":"ImageObject","inLanguage":"en-US","@id":"https:\/\/szemsebeszet.eu\/#\/schema\/logo\/image\/","url":"https:\/\/szemsebeszet.eu\/wp-content\/uploads\/2023\/12\/nevtelen-terv-2_optimized.png","contentUrl":"https:\/\/szemsebeszet.eu\/wp-content\/uploads\/2023\/12\/nevtelen-terv-2_optimized.png","width":800,"height":800,"caption":"PALLAS Szem\u00e9szet"},"image":{"@id":"https:\/\/szemsebeszet.eu\/#\/schema\/logo\/image\/"},"sameAs":["https:\/\/www.facebook.com\/pallas.szemeszet"],"email":"info@szemsebeszet.eu","telephone":"+36 70 776 6305"}]}},"_links":{"self":[{"href":"https:\/\/szemsebeszet.eu\/en\/wp-json\/wp\/v2\/pages\/1709","targetHints":{"allow":["GET"]}}],"collection":[{"href":"https:\/\/szemsebeszet.eu\/en\/wp-json\/wp\/v2\/pages"}],"about":[{"href":"https:\/\/szemsebeszet.eu\/en\/wp-json\/wp\/v2\/types\/page"}],"author":[{"embeddable":true,"href":"https:\/\/szemsebeszet.eu\/en\/wp-json\/wp\/v2\/users\/1"}],"replies":[{"embeddable":true,"href":"https:\/\/szemsebeszet.eu\/en\/wp-json\/wp\/v2\/comments?post=1709"}],"version-history":[{"count":0,"href":"https:\/\/szemsebeszet.eu\/en\/wp-json\/wp\/v2\/pages\/1709\/revisions"}],"wp:attachment":[{"href":"https:\/\/szemsebeszet.eu\/en\/wp-json\/wp\/v2\/media?parent=1709"}],"curies":[{"name":"wp","href":"https:\/\/api.w.org\/{rel}","templated":true}]}}