{"id":1644,"date":"2022-09-13T20:04:39","date_gmt":"2022-09-13T20:04:39","guid":{"rendered":"https:\/\/szemsebeszet.eu\/fundus-examination\/"},"modified":"2023-02-16T00:32:25","modified_gmt":"2023-02-16T00:32:25","slug":"fundus-examination","status":"publish","type":"page","link":"https:\/\/szemsebeszet.eu\/en\/fundus-examination\/","title":{"rendered":"Fundus examination"},"content":{"rendered":"\t\t<div data-elementor-type=\"wp-page\" data-elementor-id=\"1644\" class=\"elementor elementor-1644 elementor-287\" data-elementor-post-type=\"page\">\n\t\t\t\t\t\t\t\t\t<section class=\"elementor-section elementor-top-section elementor-element elementor-element-46e50bc elementor-section-boxed elementor-section-height-default elementor-section-height-default\" data-id=\"46e50bc\" data-element_type=\"section\">\n\t\t\t\t\t\t<div class=\"elementor-container elementor-column-gap-default\">\n\t\t\t\t\t<div class=\"elementor-column elementor-col-100 elementor-top-column elementor-element elementor-element-e563767\" data-id=\"e563767\" data-element_type=\"column\">\n\t\t\t<div class=\"elementor-widget-wrap elementor-element-populated\">\n\t\t\t\t\t\t\t\t<div class=\"elementor-element elementor-element-bfd2f56 elementor-widget elementor-widget-heading\" data-id=\"bfd2f56\" data-element_type=\"widget\" data-widget_type=\"heading.default\">\n\t\t\t\t<div class=\"elementor-widget-container\">\n\t\t\t<style>\/*! elementor - v3.17.0 - 25-10-2023 *\/\n.elementor-heading-title{padding:0;margin:0;line-height:1}.elementor-widget-heading .elementor-heading-title[class*=elementor-size-]>a{color:inherit;font-size:inherit;line-height:inherit}.elementor-widget-heading .elementor-heading-title.elementor-size-small{font-size:15px}.elementor-widget-heading .elementor-heading-title.elementor-size-medium{font-size:19px}.elementor-widget-heading .elementor-heading-title.elementor-size-large{font-size:29px}.elementor-widget-heading .elementor-heading-title.elementor-size-xl{font-size:39px}.elementor-widget-heading .elementor-heading-title.elementor-size-xxl{font-size:59px}<\/style><h2 class=\"elementor-heading-title elementor-size-default\">Fundus examination<\/h2>\t\t<\/div>\n\t\t\t\t<\/div>\n\t\t\t\t\t<\/div>\n\t\t<\/div>\n\t\t\t\t\t\t\t<\/div>\n\t\t<\/section>\n\t\t\t\t<section class=\"elementor-section elementor-top-section elementor-element elementor-element-97aca63 elementor-section-boxed elementor-section-height-default elementor-section-height-default\" data-id=\"97aca63\" data-element_type=\"section\">\n\t\t\t\t\t\t<div class=\"elementor-container elementor-column-gap-default\">\n\t\t\t\t\t<div class=\"elementor-column elementor-col-50 elementor-top-column elementor-element elementor-element-fe9d6d5\" data-id=\"fe9d6d5\" data-element_type=\"column\">\n\t\t\t<div class=\"elementor-widget-wrap elementor-element-populated\">\n\t\t\t\t\t\t\t\t<div class=\"elementor-element elementor-element-4a39076 elementor-widget elementor-widget-image\" data-id=\"4a39076\" data-element_type=\"widget\" data-widget_type=\"image.default\">\n\t\t\t\t<div class=\"elementor-widget-container\">\n\t\t\t<style>\/*! elementor - v3.17.0 - 25-10-2023 *\/\n.elementor-widget-image{text-align:center}.elementor-widget-image a{display:inline-block}.elementor-widget-image a img[src$=\".svg\"]{width:48px}.elementor-widget-image img{vertical-align:middle;display:inline-block}<\/style>\t\t\t\t\t\t\t\t\t\t\t\t<img loading=\"lazy\" decoding=\"async\" width=\"490\" height=\"466\" data-src=\"https:\/\/szemsebeszet.eu\/wp-content\/uploads\/2022\/09\/017482_e3e15d5843c54aa8a851a1b268b475d3mv2.png.webp\" class=\"attachment-large size-large wp-image-290 lazyload\" alt=\"szemfen\u00e9kt\u00fckr\u00f6z\u00e9s eszk\u00f6ze\" data-srcset=\"https:\/\/szemsebeszet.eu\/wp-content\/uploads\/2022\/09\/017482_e3e15d5843c54aa8a851a1b268b475d3mv2.png.webp 490w, https:\/\/szemsebeszet.eu\/wp-content\/uploads\/2022\/09\/017482_e3e15d5843c54aa8a851a1b268b475d3mv2.png-300x285.webp 300w\" data-sizes=\"auto, (max-width: 490px) 100vw, 490px\" src=\"data:image\/gif;base64,R0lGODlhAQABAAAAACH5BAEKAAEALAAAAAABAAEAAAICTAEAOw==\" style=\"--smush-placeholder-width: 490px; --smush-placeholder-aspect-ratio: 490\/466;\" \/><noscript><img loading=\"lazy\" decoding=\"async\" width=\"490\" height=\"466\" src=\"https:\/\/szemsebeszet.eu\/wp-content\/uploads\/2022\/09\/017482_e3e15d5843c54aa8a851a1b268b475d3mv2.png.webp\" class=\"attachment-large size-large wp-image-290\" alt=\"szemfen\u00e9kt\u00fckr\u00f6z\u00e9s eszk\u00f6ze\" srcset=\"https:\/\/szemsebeszet.eu\/wp-content\/uploads\/2022\/09\/017482_e3e15d5843c54aa8a851a1b268b475d3mv2.png.webp 490w, https:\/\/szemsebeszet.eu\/wp-content\/uploads\/2022\/09\/017482_e3e15d5843c54aa8a851a1b268b475d3mv2.png-300x285.webp 300w\" sizes=\"auto, (max-width: 490px) 100vw, 490px\" \/><\/noscript>\t\t\t\t\t\t\t\t\t\t\t\t\t\t\t<\/div>\n\t\t\t\t<\/div>\n\t\t\t\t\t<\/div>\n\t\t<\/div>\n\t\t\t\t<div class=\"elementor-column elementor-col-50 elementor-top-column elementor-element elementor-element-f918eb9\" data-id=\"f918eb9\" data-element_type=\"column\">\n\t\t\t<div class=\"elementor-widget-wrap elementor-element-populated\">\n\t\t\t\t\t\t\t\t<div class=\"elementor-element elementor-element-e707f14 elementor-widget elementor-widget-text-editor\" data-id=\"e707f14\" data-element_type=\"widget\" data-widget_type=\"text-editor.default\">\n\t\t\t\t<div class=\"elementor-widget-container\">\n\t\t\t<style>\/*! elementor - v3.17.0 - 25-10-2023 *\/\n.elementor-widget-text-editor.elementor-drop-cap-view-stacked .elementor-drop-cap{background-color:#69727d;color:#fff}.elementor-widget-text-editor.elementor-drop-cap-view-framed .elementor-drop-cap{color:#69727d;border:3px solid;background-color:transparent}.elementor-widget-text-editor:not(.elementor-drop-cap-view-default) .elementor-drop-cap{margin-top:8px}.elementor-widget-text-editor:not(.elementor-drop-cap-view-default) .elementor-drop-cap-letter{width:1em;height:1em}.elementor-widget-text-editor .elementor-drop-cap{float:left;text-align:center;line-height:1;font-size:50px}.elementor-widget-text-editor .elementor-drop-cap-letter{display:inline-block}<\/style>\t\t\t\t<p>The examination of the fundus involves the observation of the back part of the eye, behind the crystalline lens, using a slit lamp biomicroscope or an ophthalmoscope. This is always part of the ophthalmic examination, but is especially important when the complaints include eye pain, decreased visual acuity, headache, symptoms caused by a tumor or cerebral circulation disorder. The ophthalmologist examines the condition of the retina (in the back of the eye), the blood vessels running through it and the optic nerve, where the nerve fibers of the retina merge and exit the eye. In this way, the diagnosis of glaucoma, high blood pressure disease, arteriosclerosis, diabetes, Age related macular degeneration (AMD) affecting the area of sharp vision (macula), or retinal detachments and genetic eye diseases can be established. If the peripheral areas of the retina need to be examined as well pupil dilation is also performed with drops, in which case you should not drive a car for a few hours after the examination. <\/p>\n\t\t\t\t\t\t<\/div>\n\t\t\t\t<\/div>\n\t\t\t\t\t<\/div>\n\t\t<\/div>\n\t\t\t\t\t\t\t<\/div>\n\t\t<\/section>\n\t\t\t\t\t\t\t<\/div>\n\t\t","protected":false},"excerpt":{"rendered":"<p>Fundus examination The examination of the fundus involves the observation of the back part of the eye, behind the crystalline lens, using a slit lamp biomicroscope or an ophthalmoscope. This is always part of the ophthalmic examination, but is especially important when the complaints include eye pain, decreased visual acuity, headache, symptoms caused by a &#8230; <a title=\"Fundus examination\" class=\"read-more\" href=\"https:\/\/szemsebeszet.eu\/en\/fundus-examination\/\" aria-label=\"More on Fundus examination\">Read more<\/a><\/p>\n","protected":false},"author":1,"featured_media":0,"parent":0,"menu_order":0,"comment_status":"closed","ping_status":"closed","template":"elementor_header_footer","meta":{"footnotes":""},"class_list":["post-1644","page","type-page","status-publish"],"yoast_head":"<!-- This site is optimized with the Yoast SEO Premium plugin v24.2 (Yoast SEO v24.2) - https:\/\/yoast.com\/wordpress\/plugins\/seo\/ -->\n<title>Fundus examination - PALLAS Szem\u00e9szet<\/title>\n<meta name=\"robots\" content=\"index, follow, max-snippet:-1, max-image-preview:large, max-video-preview:-1\" \/>\n<link rel=\"canonical\" href=\"https:\/\/szemsebeszet.eu\/szemfenektukrozes\/\" \/>\n<meta property=\"og:locale\" content=\"en_US\" \/>\n<meta property=\"og:type\" content=\"article\" \/>\n<meta property=\"og:title\" content=\"Fundus examination\" \/>\n<meta property=\"og:description\" content=\"Fundus examination The examination of the fundus involves the observation of the back part of the eye, behind the crystalline lens, using a slit lamp biomicroscope or an ophthalmoscope. This is always part of the ophthalmic examination, but is especially important when the complaints include eye pain, decreased visual acuity, headache, symptoms caused by a ... Read more\" \/>\n<meta property=\"og:url\" content=\"https:\/\/szemsebeszet.eu\/szemfenektukrozes\/\" \/>\n<meta property=\"og:site_name\" content=\"PALLAS Szem\u00e9szet\" \/>\n<meta property=\"article:publisher\" content=\"https:\/\/www.facebook.com\/pallas.szemeszet\" \/>\n<meta property=\"article:modified_time\" content=\"2023-02-16T00:32:25+00:00\" \/>\n<meta property=\"og:image\" content=\"https:\/\/szemsebeszet.eu\/wp-content\/uploads\/2022\/09\/017482_e3e15d5843c54aa8a851a1b268b475d3mv2.png.webp\" \/>\n<meta name=\"twitter:card\" content=\"summary_large_image\" \/>\n<meta name=\"twitter:label1\" content=\"Est. reading time\" \/>\n\t<meta name=\"twitter:data1\" content=\"1 minute\" \/>\n<script type=\"application\/ld+json\" class=\"yoast-schema-graph\">{\"@context\":\"https:\/\/schema.org\",\"@graph\":[{\"@type\":\"WebPage\",\"@id\":\"https:\/\/szemsebeszet.eu\/szemfenektukrozes\/\",\"url\":\"https:\/\/szemsebeszet.eu\/szemfenektukrozes\/\",\"name\":\"Fundus examination - PALLAS Szem\u00e9szet\",\"isPartOf\":{\"@id\":\"https:\/\/szemsebeszet.eu\/#website\"},\"primaryImageOfPage\":{\"@id\":\"https:\/\/szemsebeszet.eu\/szemfenektukrozes\/#primaryimage\"},\"image\":{\"@id\":\"https:\/\/szemsebeszet.eu\/szemfenektukrozes\/#primaryimage\"},\"thumbnailUrl\":\"https:\/\/szemsebeszet.eu\/wp-content\/uploads\/2022\/09\/017482_e3e15d5843c54aa8a851a1b268b475d3mv2.png.webp\",\"datePublished\":\"2022-09-13T20:04:39+00:00\",\"dateModified\":\"2023-02-16T00:32:25+00:00\",\"breadcrumb\":{\"@id\":\"https:\/\/szemsebeszet.eu\/szemfenektukrozes\/#breadcrumb\"},\"inLanguage\":\"en-US\",\"potentialAction\":[{\"@type\":\"ReadAction\",\"target\":[\"https:\/\/szemsebeszet.eu\/szemfenektukrozes\/\"]}]},{\"@type\":\"ImageObject\",\"inLanguage\":\"en-US\",\"@id\":\"https:\/\/szemsebeszet.eu\/szemfenektukrozes\/#primaryimage\",\"url\":\"https:\/\/szemsebeszet.eu\/wp-content\/uploads\/2022\/09\/017482_e3e15d5843c54aa8a851a1b268b475d3mv2.png.webp\",\"contentUrl\":\"https:\/\/szemsebeszet.eu\/wp-content\/uploads\/2022\/09\/017482_e3e15d5843c54aa8a851a1b268b475d3mv2.png.webp\"},{\"@type\":\"BreadcrumbList\",\"@id\":\"https:\/\/szemsebeszet.eu\/szemfenektukrozes\/#breadcrumb\",\"itemListElement\":[{\"@type\":\"ListItem\",\"position\":1,\"name\":\"Kezd\u0151lap\",\"item\":\"https:\/\/szemsebeszet.eu\/\"},{\"@type\":\"ListItem\",\"position\":2,\"name\":\"Fundus examination\"}]},{\"@type\":\"WebSite\",\"@id\":\"https:\/\/szemsebeszet.eu\/#website\",\"url\":\"https:\/\/szemsebeszet.eu\/\",\"name\":\"Pallas Health Szemseb\u00e9szet\",\"description\":\"Szem\u00e9szeti mag\u00e1nrendel\u00e9s\",\"publisher\":{\"@id\":\"https:\/\/szemsebeszet.eu\/#organization\"},\"alternateName\":\"szemsebeszet.eu\",\"potentialAction\":[{\"@type\":\"SearchAction\",\"target\":{\"@type\":\"EntryPoint\",\"urlTemplate\":\"https:\/\/szemsebeszet.eu\/?s={search_term_string}\"},\"query-input\":{\"@type\":\"PropertyValueSpecification\",\"valueRequired\":true,\"valueName\":\"search_term_string\"}}],\"inLanguage\":\"en-US\"},{\"@type\":\"Organization\",\"@id\":\"https:\/\/szemsebeszet.eu\/#organization\",\"name\":\"PALLAS Szem\u00e9szet\",\"url\":\"https:\/\/szemsebeszet.eu\/\",\"logo\":{\"@type\":\"ImageObject\",\"inLanguage\":\"en-US\",\"@id\":\"https:\/\/szemsebeszet.eu\/#\/schema\/logo\/image\/\",\"url\":\"https:\/\/szemsebeszet.eu\/wp-content\/uploads\/2023\/12\/nevtelen-terv-2_optimized.png\",\"contentUrl\":\"https:\/\/szemsebeszet.eu\/wp-content\/uploads\/2023\/12\/nevtelen-terv-2_optimized.png\",\"width\":800,\"height\":800,\"caption\":\"PALLAS Szem\u00e9szet\"},\"image\":{\"@id\":\"https:\/\/szemsebeszet.eu\/#\/schema\/logo\/image\/\"},\"sameAs\":[\"https:\/\/www.facebook.com\/pallas.szemeszet\"],\"email\":\"info@szemsebeszet.eu\",\"telephone\":\"+36 70 776 6305\"}]}<\/script>\n<!-- \/ Yoast SEO Premium plugin. -->","yoast_head_json":{"title":"Fundus examination - PALLAS Szem\u00e9szet","robots":{"index":"index","follow":"follow","max-snippet":"max-snippet:-1","max-image-preview":"max-image-preview:large","max-video-preview":"max-video-preview:-1"},"canonical":"https:\/\/szemsebeszet.eu\/szemfenektukrozes\/","og_locale":"en_US","og_type":"article","og_title":"Fundus examination","og_description":"Fundus examination The examination of the fundus involves the observation of the back part of the eye, behind the crystalline lens, using a slit lamp biomicroscope or an ophthalmoscope. This is always part of the ophthalmic examination, but is especially important when the complaints include eye pain, decreased visual acuity, headache, symptoms caused by a ... Read more","og_url":"https:\/\/szemsebeszet.eu\/szemfenektukrozes\/","og_site_name":"PALLAS Szem\u00e9szet","article_publisher":"https:\/\/www.facebook.com\/pallas.szemeszet","article_modified_time":"2023-02-16T00:32:25+00:00","og_image":[{"url":"https:\/\/szemsebeszet.eu\/wp-content\/uploads\/2022\/09\/017482_e3e15d5843c54aa8a851a1b268b475d3mv2.png.webp","type":"","width":"","height":""}],"twitter_card":"summary_large_image","twitter_misc":{"Est. reading time":"1 minute"},"schema":{"@context":"https:\/\/schema.org","@graph":[{"@type":"WebPage","@id":"https:\/\/szemsebeszet.eu\/szemfenektukrozes\/","url":"https:\/\/szemsebeszet.eu\/szemfenektukrozes\/","name":"Fundus examination - PALLAS Szem\u00e9szet","isPartOf":{"@id":"https:\/\/szemsebeszet.eu\/#website"},"primaryImageOfPage":{"@id":"https:\/\/szemsebeszet.eu\/szemfenektukrozes\/#primaryimage"},"image":{"@id":"https:\/\/szemsebeszet.eu\/szemfenektukrozes\/#primaryimage"},"thumbnailUrl":"https:\/\/szemsebeszet.eu\/wp-content\/uploads\/2022\/09\/017482_e3e15d5843c54aa8a851a1b268b475d3mv2.png.webp","datePublished":"2022-09-13T20:04:39+00:00","dateModified":"2023-02-16T00:32:25+00:00","breadcrumb":{"@id":"https:\/\/szemsebeszet.eu\/szemfenektukrozes\/#breadcrumb"},"inLanguage":"en-US","potentialAction":[{"@type":"ReadAction","target":["https:\/\/szemsebeszet.eu\/szemfenektukrozes\/"]}]},{"@type":"ImageObject","inLanguage":"en-US","@id":"https:\/\/szemsebeszet.eu\/szemfenektukrozes\/#primaryimage","url":"https:\/\/szemsebeszet.eu\/wp-content\/uploads\/2022\/09\/017482_e3e15d5843c54aa8a851a1b268b475d3mv2.png.webp","contentUrl":"https:\/\/szemsebeszet.eu\/wp-content\/uploads\/2022\/09\/017482_e3e15d5843c54aa8a851a1b268b475d3mv2.png.webp"},{"@type":"BreadcrumbList","@id":"https:\/\/szemsebeszet.eu\/szemfenektukrozes\/#breadcrumb","itemListElement":[{"@type":"ListItem","position":1,"name":"Kezd\u0151lap","item":"https:\/\/szemsebeszet.eu\/"},{"@type":"ListItem","position":2,"name":"Fundus examination"}]},{"@type":"WebSite","@id":"https:\/\/szemsebeszet.eu\/#website","url":"https:\/\/szemsebeszet.eu\/","name":"Pallas Health Szemseb\u00e9szet","description":"Szem\u00e9szeti mag\u00e1nrendel\u00e9s","publisher":{"@id":"https:\/\/szemsebeszet.eu\/#organization"},"alternateName":"szemsebeszet.eu","potentialAction":[{"@type":"SearchAction","target":{"@type":"EntryPoint","urlTemplate":"https:\/\/szemsebeszet.eu\/?s={search_term_string}"},"query-input":{"@type":"PropertyValueSpecification","valueRequired":true,"valueName":"search_term_string"}}],"inLanguage":"en-US"},{"@type":"Organization","@id":"https:\/\/szemsebeszet.eu\/#organization","name":"PALLAS Szem\u00e9szet","url":"https:\/\/szemsebeszet.eu\/","logo":{"@type":"ImageObject","inLanguage":"en-US","@id":"https:\/\/szemsebeszet.eu\/#\/schema\/logo\/image\/","url":"https:\/\/szemsebeszet.eu\/wp-content\/uploads\/2023\/12\/nevtelen-terv-2_optimized.png","contentUrl":"https:\/\/szemsebeszet.eu\/wp-content\/uploads\/2023\/12\/nevtelen-terv-2_optimized.png","width":800,"height":800,"caption":"PALLAS Szem\u00e9szet"},"image":{"@id":"https:\/\/szemsebeszet.eu\/#\/schema\/logo\/image\/"},"sameAs":["https:\/\/www.facebook.com\/pallas.szemeszet"],"email":"info@szemsebeszet.eu","telephone":"+36 70 776 6305"}]}},"_links":{"self":[{"href":"https:\/\/szemsebeszet.eu\/en\/wp-json\/wp\/v2\/pages\/1644","targetHints":{"allow":["GET"]}}],"collection":[{"href":"https:\/\/szemsebeszet.eu\/en\/wp-json\/wp\/v2\/pages"}],"about":[{"href":"https:\/\/szemsebeszet.eu\/en\/wp-json\/wp\/v2\/types\/page"}],"author":[{"embeddable":true,"href":"https:\/\/szemsebeszet.eu\/en\/wp-json\/wp\/v2\/users\/1"}],"replies":[{"embeddable":true,"href":"https:\/\/szemsebeszet.eu\/en\/wp-json\/wp\/v2\/comments?post=1644"}],"version-history":[{"count":0,"href":"https:\/\/szemsebeszet.eu\/en\/wp-json\/wp\/v2\/pages\/1644\/revisions"}],"wp:attachment":[{"href":"https:\/\/szemsebeszet.eu\/en\/wp-json\/wp\/v2\/media?parent=1644"}],"curies":[{"name":"wp","href":"https:\/\/api.w.org\/{rel}","templated":true}]}}