{"id":1616,"date":"2022-09-13T18:52:23","date_gmt":"2022-09-13T18:52:23","guid":{"rendered":"https:\/\/szemsebeszet.eu\/ophthalmology\/"},"modified":"2023-02-24T12:34:39","modified_gmt":"2023-02-24T12:34:39","slug":"ophthalmology","status":"publish","type":"page","link":"https:\/\/szemsebeszet.eu\/en\/ophthalmology\/","title":{"rendered":"Ophthalmology"},"content":{"rendered":"\t\t<div data-elementor-type=\"wp-page\" data-elementor-id=\"1616\" class=\"elementor elementor-1616 elementor-243\" data-elementor-post-type=\"page\">\n\t\t\t\t\t\t\t\t\t<section class=\"elementor-section elementor-top-section elementor-element elementor-element-d5c985a elementor-section-boxed elementor-section-height-default elementor-section-height-default\" data-id=\"d5c985a\" data-element_type=\"section\">\n\t\t\t\t\t\t<div class=\"elementor-container elementor-column-gap-default\">\n\t\t\t\t\t<div class=\"elementor-column elementor-col-50 elementor-top-column elementor-element elementor-element-49f8cc3\" data-id=\"49f8cc3\" data-element_type=\"column\">\n\t\t\t<div class=\"elementor-widget-wrap elementor-element-populated\">\n\t\t\t\t\t\t\t\t<div class=\"elementor-element elementor-element-cd88f08 elementor-widget elementor-widget-text-editor\" data-id=\"cd88f08\" data-element_type=\"widget\" data-widget_type=\"text-editor.default\">\n\t\t\t\t<div class=\"elementor-widget-container\">\n\t\t\t<style>\/*! elementor - v3.17.0 - 25-10-2023 *\/\n.elementor-widget-text-editor.elementor-drop-cap-view-stacked .elementor-drop-cap{background-color:#69727d;color:#fff}.elementor-widget-text-editor.elementor-drop-cap-view-framed .elementor-drop-cap{color:#69727d;border:3px solid;background-color:transparent}.elementor-widget-text-editor:not(.elementor-drop-cap-view-default) .elementor-drop-cap{margin-top:8px}.elementor-widget-text-editor:not(.elementor-drop-cap-view-default) .elementor-drop-cap-letter{width:1em;height:1em}.elementor-widget-text-editor .elementor-drop-cap{float:left;text-align:center;line-height:1;font-size:50px}.elementor-widget-text-editor .elementor-drop-cap-letter{display:inline-block}<\/style>\t\t\t\t<h3 class=\"font_8\">Eye specialty services including diagnostics and treatment tailored to your individual needs in Budapest and P\u00e9cs.<\/h3><p class=\"font_8\">Our partner eye care specialists have 25+ years of professional experience and use the latest and innovative state-of-the-art methods to prevent and treat their patients. Whether you arrive for a cataract surgery or a blepharoplasty, you can be sure that you are in the best possible hands.<\/p><p class=\"font_8\">Ask our staff about the services available and book an appointment.<\/p>\t\t\t\t\t\t<\/div>\n\t\t\t\t<\/div>\n\t\t\t\t\t<\/div>\n\t\t<\/div>\n\t\t\t\t<div class=\"elementor-column elementor-col-50 elementor-top-column elementor-element elementor-element-9c2ba74\" data-id=\"9c2ba74\" data-element_type=\"column\">\n\t\t\t<div class=\"elementor-widget-wrap elementor-element-populated\">\n\t\t\t\t\t\t\t\t<div class=\"elementor-element elementor-element-7c7d2aa elementor-tablet-align-center elementor-widget elementor-widget-button\" data-id=\"7c7d2aa\" data-element_type=\"widget\" data-widget_type=\"button.default\">\n\t\t\t\t<div class=\"elementor-widget-container\">\n\t\t\t\t\t<div class=\"elementor-button-wrapper\">\n\t\t\t<a class=\"elementor-button elementor-button-link elementor-size-xl\" href=\"https:\/\/szemsebeszet.eu\/en\/eye-examinations\/\">\n\t\t\t\t\t\t<span class=\"elementor-button-content-wrapper\">\n\t\t\t\t\t\t<span class=\"elementor-button-text\">Eye examinations<\/span>\n\t\t<\/span>\n\t\t\t\t\t<\/a>\n\t\t<\/div>\n\t\t\t\t<\/div>\n\t\t\t\t<\/div>\n\t\t\t\t<div class=\"elementor-element elementor-element-03810d2 elementor-tablet-align-center elementor-widget elementor-widget-button\" data-id=\"03810d2\" data-element_type=\"widget\" data-widget_type=\"button.default\">\n\t\t\t\t<div class=\"elementor-widget-container\">\n\t\t\t\t\t<div class=\"elementor-button-wrapper\">\n\t\t\t<a class=\"elementor-button elementor-button-link elementor-size-xl\" href=\"https:\/\/szemsebeszet.eu\/en\/ophthalmic-diseases\/\">\n\t\t\t\t\t\t<span class=\"elementor-button-content-wrapper\">\n\t\t\t\t\t\t<span class=\"elementor-button-text\">Ophthalmic diseases<\/span>\n\t\t<\/span>\n\t\t\t\t\t<\/a>\n\t\t<\/div>\n\t\t\t\t<\/div>\n\t\t\t\t<\/div>\n\t\t\t\t<div class=\"elementor-element elementor-element-a010396 elementor-tablet-align-center elementor-widget elementor-widget-button\" data-id=\"a010396\" data-element_type=\"widget\" data-widget_type=\"button.default\">\n\t\t\t\t<div class=\"elementor-widget-container\">\n\t\t\t\t\t<div class=\"elementor-button-wrapper\">\n\t\t\t<a class=\"elementor-button elementor-button-link elementor-size-xl\" href=\"https:\/\/szemsebeszet.eu\/szemeszeti-diagnosztika\/\">\n\t\t\t\t\t\t<span class=\"elementor-button-content-wrapper\">\n\t\t\t\t\t\t<span class=\"elementor-button-text\">Ophthalmic diagnostics<\/span>\n\t\t<\/span>\n\t\t\t\t\t<\/a>\n\t\t<\/div>\n\t\t\t\t<\/div>\n\t\t\t\t<\/div>\n\t\t\t\t\t<\/div>\n\t\t<\/div>\n\t\t\t\t\t\t\t<\/div>\n\t\t<\/section>\n\t\t\t\t\t\t\t<\/div>\n\t\t","protected":false},"excerpt":{"rendered":"<p>Eye specialty services including diagnostics and treatment tailored to your individual needs in Budapest and P\u00e9cs. Our partner eye care specialists have 25+ years of professional experience and use the latest and innovative state-of-the-art methods to prevent and treat their patients. Whether you arrive for a cataract surgery or a blepharoplasty, you can be sure &#8230; <a title=\"Ophthalmology\" class=\"read-more\" href=\"https:\/\/szemsebeszet.eu\/en\/ophthalmology\/\" aria-label=\"More on Ophthalmology\">Read more<\/a><\/p>\n","protected":false},"author":1,"featured_media":0,"parent":0,"menu_order":0,"comment_status":"closed","ping_status":"closed","template":"elementor_header_footer","meta":{"footnotes":""},"class_list":["post-1616","page","type-page","status-publish"],"yoast_head":"<!-- This site is optimized with the Yoast SEO Premium plugin v24.2 (Yoast SEO v24.2) - https:\/\/yoast.com\/wordpress\/plugins\/seo\/ -->\n<title>Ophthalmology - PALLAS Szem\u00e9szet<\/title>\n<meta name=\"robots\" content=\"index, follow, max-snippet:-1, max-image-preview:large, max-video-preview:-1\" \/>\n<link rel=\"canonical\" href=\"https:\/\/szemsebeszet.eu\/szemeszet\/\" \/>\n<meta property=\"og:locale\" content=\"en_US\" \/>\n<meta property=\"og:type\" content=\"article\" \/>\n<meta property=\"og:title\" content=\"Ophthalmology\" \/>\n<meta property=\"og:description\" content=\"Eye specialty services including diagnostics and treatment tailored to your individual needs in Budapest and P\u00e9cs. Our partner eye care specialists have 25+ years of professional experience and use the latest and innovative state-of-the-art methods to prevent and treat their patients. Whether you arrive for a cataract surgery or a blepharoplasty, you can be sure ... Read more\" \/>\n<meta property=\"og:url\" content=\"https:\/\/szemsebeszet.eu\/szemeszet\/\" \/>\n<meta property=\"og:site_name\" content=\"PALLAS Szem\u00e9szet\" \/>\n<meta property=\"article:publisher\" content=\"https:\/\/www.facebook.com\/pallas.szemeszet\" \/>\n<meta property=\"article:modified_time\" content=\"2023-02-24T12:34:39+00:00\" \/>\n<meta property=\"og:image\" content=\"https:\/\/szemsebeszet.eu\/wp-content\/uploads\/2024\/03\/PALLAS-Szemeszet.jpg\" \/>\n\t<meta property=\"og:image:width\" content=\"1200\" \/>\n\t<meta property=\"og:image:height\" content=\"675\" \/>\n\t<meta property=\"og:image:type\" content=\"image\/jpeg\" \/>\n<meta name=\"twitter:card\" content=\"summary_large_image\" \/>\n<script type=\"application\/ld+json\" class=\"yoast-schema-graph\">{\"@context\":\"https:\/\/schema.org\",\"@graph\":[{\"@type\":\"WebPage\",\"@id\":\"https:\/\/szemsebeszet.eu\/szemeszet\/\",\"url\":\"https:\/\/szemsebeszet.eu\/szemeszet\/\",\"name\":\"Ophthalmology - PALLAS Szem\u00e9szet\",\"isPartOf\":{\"@id\":\"https:\/\/szemsebeszet.eu\/#website\"},\"datePublished\":\"2022-09-13T18:52:23+00:00\",\"dateModified\":\"2023-02-24T12:34:39+00:00\",\"breadcrumb\":{\"@id\":\"https:\/\/szemsebeszet.eu\/szemeszet\/#breadcrumb\"},\"inLanguage\":\"en-US\",\"potentialAction\":[{\"@type\":\"ReadAction\",\"target\":[\"https:\/\/szemsebeszet.eu\/szemeszet\/\"]}]},{\"@type\":\"BreadcrumbList\",\"@id\":\"https:\/\/szemsebeszet.eu\/szemeszet\/#breadcrumb\",\"itemListElement\":[{\"@type\":\"ListItem\",\"position\":1,\"name\":\"Kezd\u0151lap\",\"item\":\"https:\/\/szemsebeszet.eu\/\"},{\"@type\":\"ListItem\",\"position\":2,\"name\":\"Ophthalmology\"}]},{\"@type\":\"WebSite\",\"@id\":\"https:\/\/szemsebeszet.eu\/#website\",\"url\":\"https:\/\/szemsebeszet.eu\/\",\"name\":\"Pallas Health Szemseb\u00e9szet\",\"description\":\"Szem\u00e9szeti mag\u00e1nrendel\u00e9s\",\"publisher\":{\"@id\":\"https:\/\/szemsebeszet.eu\/#organization\"},\"alternateName\":\"szemsebeszet.eu\",\"potentialAction\":[{\"@type\":\"SearchAction\",\"target\":{\"@type\":\"EntryPoint\",\"urlTemplate\":\"https:\/\/szemsebeszet.eu\/?s={search_term_string}\"},\"query-input\":{\"@type\":\"PropertyValueSpecification\",\"valueRequired\":true,\"valueName\":\"search_term_string\"}}],\"inLanguage\":\"en-US\"},{\"@type\":\"Organization\",\"@id\":\"https:\/\/szemsebeszet.eu\/#organization\",\"name\":\"PALLAS Szem\u00e9szet\",\"url\":\"https:\/\/szemsebeszet.eu\/\",\"logo\":{\"@type\":\"ImageObject\",\"inLanguage\":\"en-US\",\"@id\":\"https:\/\/szemsebeszet.eu\/#\/schema\/logo\/image\/\",\"url\":\"https:\/\/szemsebeszet.eu\/wp-content\/uploads\/2023\/12\/nevtelen-terv-2_optimized.png\",\"contentUrl\":\"https:\/\/szemsebeszet.eu\/wp-content\/uploads\/2023\/12\/nevtelen-terv-2_optimized.png\",\"width\":800,\"height\":800,\"caption\":\"PALLAS Szem\u00e9szet\"},\"image\":{\"@id\":\"https:\/\/szemsebeszet.eu\/#\/schema\/logo\/image\/\"},\"sameAs\":[\"https:\/\/www.facebook.com\/pallas.szemeszet\"],\"email\":\"info@szemsebeszet.eu\",\"telephone\":\"+36 70 776 6305\"}]}<\/script>\n<!-- \/ Yoast SEO Premium plugin. -->","yoast_head_json":{"title":"Ophthalmology - PALLAS Szem\u00e9szet","robots":{"index":"index","follow":"follow","max-snippet":"max-snippet:-1","max-image-preview":"max-image-preview:large","max-video-preview":"max-video-preview:-1"},"canonical":"https:\/\/szemsebeszet.eu\/szemeszet\/","og_locale":"en_US","og_type":"article","og_title":"Ophthalmology","og_description":"Eye specialty services including diagnostics and treatment tailored to your individual needs in Budapest and P\u00e9cs. Our partner eye care specialists have 25+ years of professional experience and use the latest and innovative state-of-the-art methods to prevent and treat their patients. Whether you arrive for a cataract surgery or a blepharoplasty, you can be sure ... Read more","og_url":"https:\/\/szemsebeszet.eu\/szemeszet\/","og_site_name":"PALLAS Szem\u00e9szet","article_publisher":"https:\/\/www.facebook.com\/pallas.szemeszet","article_modified_time":"2023-02-24T12:34:39+00:00","og_image":[{"width":1200,"height":675,"url":"https:\/\/szemsebeszet.eu\/wp-content\/uploads\/2024\/03\/PALLAS-Szemeszet.jpg","type":"image\/jpeg"}],"twitter_card":"summary_large_image","schema":{"@context":"https:\/\/schema.org","@graph":[{"@type":"WebPage","@id":"https:\/\/szemsebeszet.eu\/szemeszet\/","url":"https:\/\/szemsebeszet.eu\/szemeszet\/","name":"Ophthalmology - PALLAS Szem\u00e9szet","isPartOf":{"@id":"https:\/\/szemsebeszet.eu\/#website"},"datePublished":"2022-09-13T18:52:23+00:00","dateModified":"2023-02-24T12:34:39+00:00","breadcrumb":{"@id":"https:\/\/szemsebeszet.eu\/szemeszet\/#breadcrumb"},"inLanguage":"en-US","potentialAction":[{"@type":"ReadAction","target":["https:\/\/szemsebeszet.eu\/szemeszet\/"]}]},{"@type":"BreadcrumbList","@id":"https:\/\/szemsebeszet.eu\/szemeszet\/#breadcrumb","itemListElement":[{"@type":"ListItem","position":1,"name":"Kezd\u0151lap","item":"https:\/\/szemsebeszet.eu\/"},{"@type":"ListItem","position":2,"name":"Ophthalmology"}]},{"@type":"WebSite","@id":"https:\/\/szemsebeszet.eu\/#website","url":"https:\/\/szemsebeszet.eu\/","name":"Pallas Health Szemseb\u00e9szet","description":"Szem\u00e9szeti mag\u00e1nrendel\u00e9s","publisher":{"@id":"https:\/\/szemsebeszet.eu\/#organization"},"alternateName":"szemsebeszet.eu","potentialAction":[{"@type":"SearchAction","target":{"@type":"EntryPoint","urlTemplate":"https:\/\/szemsebeszet.eu\/?s={search_term_string}"},"query-input":{"@type":"PropertyValueSpecification","valueRequired":true,"valueName":"search_term_string"}}],"inLanguage":"en-US"},{"@type":"Organization","@id":"https:\/\/szemsebeszet.eu\/#organization","name":"PALLAS Szem\u00e9szet","url":"https:\/\/szemsebeszet.eu\/","logo":{"@type":"ImageObject","inLanguage":"en-US","@id":"https:\/\/szemsebeszet.eu\/#\/schema\/logo\/image\/","url":"https:\/\/szemsebeszet.eu\/wp-content\/uploads\/2023\/12\/nevtelen-terv-2_optimized.png","contentUrl":"https:\/\/szemsebeszet.eu\/wp-content\/uploads\/2023\/12\/nevtelen-terv-2_optimized.png","width":800,"height":800,"caption":"PALLAS Szem\u00e9szet"},"image":{"@id":"https:\/\/szemsebeszet.eu\/#\/schema\/logo\/image\/"},"sameAs":["https:\/\/www.facebook.com\/pallas.szemeszet"],"email":"info@szemsebeszet.eu","telephone":"+36 70 776 6305"}]}},"_links":{"self":[{"href":"https:\/\/szemsebeszet.eu\/en\/wp-json\/wp\/v2\/pages\/1616","targetHints":{"allow":["GET"]}}],"collection":[{"href":"https:\/\/szemsebeszet.eu\/en\/wp-json\/wp\/v2\/pages"}],"about":[{"href":"https:\/\/szemsebeszet.eu\/en\/wp-json\/wp\/v2\/types\/page"}],"author":[{"embeddable":true,"href":"https:\/\/szemsebeszet.eu\/en\/wp-json\/wp\/v2\/users\/1"}],"replies":[{"embeddable":true,"href":"https:\/\/szemsebeszet.eu\/en\/wp-json\/wp\/v2\/comments?post=1616"}],"version-history":[{"count":0,"href":"https:\/\/szemsebeszet.eu\/en\/wp-json\/wp\/v2\/pages\/1616\/revisions"}],"wp:attachment":[{"href":"https:\/\/szemsebeszet.eu\/en\/wp-json\/wp\/v2\/media?parent=1616"}],"curies":[{"name":"wp","href":"https:\/\/api.w.org\/{rel}","templated":true}]}}